{"id":2284,"date":"2023-06-23T18:07:40","date_gmt":"2023-06-23T16:07:40","guid":{"rendered":"https:\/\/bilshopping.dk\/produkt\/am462s-bosch-aerotwin-multiclips-vinduesvisker-saet-paa-60475cm-lange\/"},"modified":"2023-06-23T18:08:02","modified_gmt":"2023-06-23T16:08:02","slug":"am462s-bosch-aerotwin-multiclips-vinduesvisker-saet-paa-60475cm-lange","status":"publish","type":"product","link":"https:\/\/bilshopping.dk\/?product=am462s-bosch-aerotwin-multiclips-vinduesvisker-saet-paa-60475cm-lange","title":{"rendered":"AM462S Bosch Aerotwin Multiclips Vinduesvisker s\u00e6t p\u00e5 60+47,5cm lange"},"content":{"rendered":"<p>Leveringstid er p\u00e5 ca. <strong>2-10 hverdage<\/strong> og fragtprisen er p\u00e5 ca. <strong>49<\/strong><\/p>\n<p>Produktid er <strong>682296<\/strong> og EAN er <strong>4047024448087<\/strong><\/p>\n<h2>Anmeldelse af AM462S Bosch Aerotwin Multiclips Vinduesvisker s\u00e6t p\u00e5 60+47,5cm lange<\/h2>\n<p>Se om vi har en <a href=\"https:\/\/bilshopping.dk\/592\">anmeldelse af AM462S Bosch Aerotwin Multiclips Vinduesvisker s\u00e6t p\u00e5 60+47,5cm lange<\/a>.<\/p>\n","protected":false},"excerpt":{"rendered":"<p>AM462S Bosch Aerotwin Multiclips Vinduesvisker s\u00e6t p\u00e5 60+47,5cm lange.<\/p>\n","protected":false},"featured_media":2285,"comment_status":"closed","ping_status":"open","template":"","meta":{"_kad_post_transparent":"","_kad_post_title":"","_kad_post_layout":"","_kad_post_sidebar_id":"","_kad_post_content_style":"","_kad_post_vertical_padding":"","_kad_post_feature":"","_kad_post_feature_position":"","_kad_post_header":false,"_kad_post_footer":false},"product_cat":[3004],"product_tag":[3005,2988],"brand":[3006],"class_list":{"0":"post-2284","1":"product","2":"type-product","3":"status-publish","4":"has-post-thumbnail","6":"product_cat-bosch-vinduesvisker-viskeblade-bagrudeviskere","7":"product_tag-bosch-vinduesvisker-viskeblade-bagrudeviskere","8":"product_tag-los","9":"brand-bosch","11":"first","12":"instock","13":"product-type-external","14":"entry","15":"content-bg","16":"loop-entry"},"_links":{"self":[{"href":"https:\/\/bilshopping.dk\/index.php?rest_route=\/wp\/v2\/product\/2284","targetHints":{"allow":["GET"]}}],"collection":[{"href":"https:\/\/bilshopping.dk\/index.php?rest_route=\/wp\/v2\/product"}],"about":[{"href":"https:\/\/bilshopping.dk\/index.php?rest_route=\/wp\/v2\/types\/product"}],"replies":[{"embeddable":true,"href":"https:\/\/bilshopping.dk\/index.php?rest_route=%2Fwp%2Fv2%2Fcomments&post=2284"}],"wp:featuredmedia":[{"embeddable":true,"href":"https:\/\/bilshopping.dk\/index.php?rest_route=\/wp\/v2\/media\/2285"}],"wp:attachment":[{"href":"https:\/\/bilshopping.dk\/index.php?rest_route=%2Fwp%2Fv2%2Fmedia&parent=2284"}],"wp:term":[{"taxonomy":"product_cat","embeddable":true,"href":"https:\/\/bilshopping.dk\/index.php?rest_route=%2Fwp%2Fv2%2Fproduct_cat&post=2284"},{"taxonomy":"product_tag","embeddable":true,"href":"https:\/\/bilshopping.dk\/index.php?rest_route=%2Fwp%2Fv2%2Fproduct_tag&post=2284"},{"taxonomy":"brand","embeddable":true,"href":"https:\/\/bilshopping.dk\/index.php?rest_route=%2Fwp%2Fv2%2Fbrand&post=2284"}],"curies":[{"name":"wp","href":"https:\/\/api.w.org\/{rel}","templated":true}]}}