{"id":2409,"date":"2023-06-23T18:09:23","date_gmt":"2023-06-23T16:09:23","guid":{"rendered":"https:\/\/bilshopping.dk\/produkt\/bodypistol-til-1l-liters-daaser-med-plast-sugeroer-jwl\/"},"modified":"2023-06-23T18:09:53","modified_gmt":"2023-06-23T16:09:53","slug":"bodypistol-til-1l-liters-daaser-med-plast-sugeroer-jwl","status":"publish","type":"product","link":"https:\/\/bilshopping.dk\/?product=bodypistol-til-1l-liters-daaser-med-plast-sugeroer-jwl","title":{"rendered":"Bodypistol til 1l. liters d\u00e5ser, med plast suger\u00f8r &#8211; Jwl"},"content":{"rendered":"<p>Leveringstid er p\u00e5 ca. <strong>2-10 hverdage<\/strong> og fragtprisen er p\u00e5 ca. <strong>49<\/strong><\/p>\n<p>Produktid er <strong>896708<\/strong> og EAN er <strong>5706040023010<\/strong><\/p>\n<h2>Anmeldelse af Bodypistol til 1l. liters d\u00e5ser, med plast suger\u00f8r &#8211; Jwl<\/h2>\n<p>Se om vi har en <a href=\"https:\/\/bilshopping.dk\/592\">anmeldelse af Bodypistol til 1l. liters d\u00e5ser, med plast suger\u00f8r &#8211; Jwl<\/a>.<\/p>\n","protected":false},"excerpt":{"rendered":"<p>Bodypistol til 1l. liters d\u00e5ser, med plast suger\u00f8r &#8211; Jwl.<\/p>\n","protected":false},"featured_media":2410,"comment_status":"closed","ping_status":"open","template":"","meta":{"_kad_post_transparent":"","_kad_post_title":"","_kad_post_layout":"","_kad_post_sidebar_id":"","_kad_post_content_style":"","_kad_post_vertical_padding":"","_kad_post_feature":"","_kad_post_feature_position":"","_kad_post_header":false,"_kad_post_footer":false},"product_cat":[3024],"product_tag":[3025,2988],"brand":[2992],"class_list":{"0":"post-2409","1":"product","2":"type-product","3":"status-publish","4":"has-post-thumbnail","6":"product_cat-bodypistoler-tilbehoer","7":"product_tag-bodypistoler-tilbehoer","8":"product_tag-los","9":"brand-jwl","11":"first","12":"instock","13":"product-type-external","14":"entry","15":"content-bg","16":"loop-entry"},"_links":{"self":[{"href":"https:\/\/bilshopping.dk\/index.php?rest_route=\/wp\/v2\/product\/2409","targetHints":{"allow":["GET"]}}],"collection":[{"href":"https:\/\/bilshopping.dk\/index.php?rest_route=\/wp\/v2\/product"}],"about":[{"href":"https:\/\/bilshopping.dk\/index.php?rest_route=\/wp\/v2\/types\/product"}],"replies":[{"embeddable":true,"href":"https:\/\/bilshopping.dk\/index.php?rest_route=%2Fwp%2Fv2%2Fcomments&post=2409"}],"wp:featuredmedia":[{"embeddable":true,"href":"https:\/\/bilshopping.dk\/index.php?rest_route=\/wp\/v2\/media\/2410"}],"wp:attachment":[{"href":"https:\/\/bilshopping.dk\/index.php?rest_route=%2Fwp%2Fv2%2Fmedia&parent=2409"}],"wp:term":[{"taxonomy":"product_cat","embeddable":true,"href":"https:\/\/bilshopping.dk\/index.php?rest_route=%2Fwp%2Fv2%2Fproduct_cat&post=2409"},{"taxonomy":"product_tag","embeddable":true,"href":"https:\/\/bilshopping.dk\/index.php?rest_route=%2Fwp%2Fv2%2Fproduct_tag&post=2409"},{"taxonomy":"brand","embeddable":true,"href":"https:\/\/bilshopping.dk\/index.php?rest_route=%2Fwp%2Fv2%2Fbrand&post=2409"}],"curies":[{"name":"wp","href":"https:\/\/api.w.org\/{rel}","templated":true}]}}