{"id":2648,"date":"2023-06-23T18:13:33","date_gmt":"2023-06-23T16:13:33","guid":{"rendered":"https:\/\/bilshopping.dk\/produkt\/koelertaetner-325ml-fra-mannol-raekker-til-max-12l-koelevand\/"},"modified":"2023-06-23T18:13:46","modified_gmt":"2023-06-23T16:13:46","slug":"koelertaetner-325ml-fra-mannol-raekker-til-max-12l-koelevand","status":"publish","type":"product","link":"https:\/\/bilshopping.dk\/?product=koelertaetner-325ml-fra-mannol-raekker-til-max-12l-koelevand","title":{"rendered":"K\u00f8lert\u00e6tner, 325ml fra Mannol, r\u00e6kker til max 12l k\u00f8levand"},"content":{"rendered":"<p>Leveringstid er p\u00e5 ca. <strong>2-10 hverdage<\/strong> og fragtprisen er p\u00e5 ca. <strong>49<\/strong><\/p>\n<p>Produktid er <strong>2180244<\/strong> og EAN er <strong>4036021894188<\/strong><\/p>\n<h2>Anmeldelse af K\u00f8lert\u00e6tner, 325ml fra Mannol, r\u00e6kker til max 12l k\u00f8levand<\/h2>\n<p>Se om vi har en <a href=\"https:\/\/bilshopping.dk\/592\">anmeldelse af K\u00f8lert\u00e6tner, 325ml fra Mannol, r\u00e6kker til max 12l k\u00f8levand<\/a>.<\/p>\n","protected":false},"excerpt":{"rendered":"<p>K\u00f8lert\u00e6tner, 325ml fra Mannol, r\u00e6kker til max 12l k\u00f8levand.<\/p>\n","protected":false},"featured_media":2649,"comment_status":"closed","ping_status":"open","template":"","meta":{"_kad_post_transparent":"","_kad_post_title":"","_kad_post_layout":"","_kad_post_sidebar_id":"","_kad_post_content_style":"","_kad_post_vertical_padding":"","_kad_post_feature":"","_kad_post_feature_position":"","_kad_post_header":false,"_kad_post_footer":false},"product_cat":[3010],"product_tag":[2988,3011],"brand":[3012],"class_list":{"0":"post-2648","1":"product","2":"type-product","3":"status-publish","4":"has-post-thumbnail","6":"product_cat-mannol-produkter","7":"product_tag-los","8":"product_tag-mannol-produkter","9":"brand-mannol","11":"first","12":"instock","13":"sale","14":"product-type-external","15":"entry","16":"content-bg","17":"loop-entry"},"_links":{"self":[{"href":"https:\/\/bilshopping.dk\/index.php?rest_route=\/wp\/v2\/product\/2648","targetHints":{"allow":["GET"]}}],"collection":[{"href":"https:\/\/bilshopping.dk\/index.php?rest_route=\/wp\/v2\/product"}],"about":[{"href":"https:\/\/bilshopping.dk\/index.php?rest_route=\/wp\/v2\/types\/product"}],"replies":[{"embeddable":true,"href":"https:\/\/bilshopping.dk\/index.php?rest_route=%2Fwp%2Fv2%2Fcomments&post=2648"}],"wp:featuredmedia":[{"embeddable":true,"href":"https:\/\/bilshopping.dk\/index.php?rest_route=\/wp\/v2\/media\/2649"}],"wp:attachment":[{"href":"https:\/\/bilshopping.dk\/index.php?rest_route=%2Fwp%2Fv2%2Fmedia&parent=2648"}],"wp:term":[{"taxonomy":"product_cat","embeddable":true,"href":"https:\/\/bilshopping.dk\/index.php?rest_route=%2Fwp%2Fv2%2Fproduct_cat&post=2648"},{"taxonomy":"product_tag","embeddable":true,"href":"https:\/\/bilshopping.dk\/index.php?rest_route=%2Fwp%2Fv2%2Fproduct_tag&post=2648"},{"taxonomy":"brand","embeddable":true,"href":"https:\/\/bilshopping.dk\/index.php?rest_route=%2Fwp%2Fv2%2Fbrand&post=2648"}],"curies":[{"name":"wp","href":"https:\/\/api.w.org\/{rel}","templated":true}]}}