{"id":2690,"date":"2023-06-23T18:14:05","date_gmt":"2023-06-23T16:14:05","guid":{"rendered":"https:\/\/bilshopping.dk\/produkt\/klaebepude-saet-til-parksolar-park-n-go-eco-parkeringsskiver-fs20fs38fs39\/"},"modified":"2023-06-23T18:14:23","modified_gmt":"2023-06-23T16:14:23","slug":"klaebepude-saet-til-parksolar-park-n-go-eco-parkeringsskiver-fs20fs38fs39","status":"publish","type":"product","link":"https:\/\/bilshopping.dk\/?product=klaebepude-saet-til-parksolar-park-n-go-eco-parkeringsskiver-fs20fs38fs39","title":{"rendered":"Kl\u00e6bepude s\u00e6t til ParkSolar &#038; Park n go ECO parkeringsskiver (FS20+FS38+FS39)"},"content":{"rendered":"<p>Leveringstid er p\u00e5 ca. <strong>2-10 hverdage<\/strong> og fragtprisen er p\u00e5 ca. <strong>49<\/strong><\/p>\n<p>Produktid er <strong>2054973<\/strong> og EAN er <strong>5713141090100<\/strong><\/p>\n<h2>Anmeldelse af Kl\u00e6bepude s\u00e6t til ParkSolar &#038; Park n go ECO parkeringsskiver (FS20+FS38+FS39)<\/h2>\n<p>Se om vi har en <a href=\"https:\/\/bilshopping.dk\/592\">anmeldelse af Kl\u00e6bepude s\u00e6t til ParkSolar &#038; Park n go ECO parkeringsskiver (FS20+FS38+FS39)<\/a>.<\/p>\n","protected":false},"excerpt":{"rendered":"<p>Kl\u00e6bepude s\u00e6t til ParkSolar &#038; Park n go ECO parkeringsskiver (FS20+FS38+FS39).<\/p>\n","protected":false},"featured_media":2691,"comment_status":"closed","ping_status":"open","template":"","meta":{"_kad_post_transparent":"","_kad_post_title":"","_kad_post_layout":"","_kad_post_sidebar_id":"","_kad_post_content_style":"","_kad_post_vertical_padding":"","_kad_post_feature":"","_kad_post_feature_position":"","_kad_post_header":false,"_kad_post_footer":false},"product_cat":[3053],"product_tag":[2988,3054],"brand":[3056],"class_list":{"0":"post-2690","1":"product","2":"type-product","3":"status-publish","4":"has-post-thumbnail","6":"product_cat-parkeringsure-og-tilbehoer","7":"product_tag-los","8":"product_tag-parkeringsure-og-tilbehoer","9":"brand-samatech","11":"first","12":"instock","13":"product-type-external","14":"entry","15":"content-bg","16":"loop-entry"},"_links":{"self":[{"href":"https:\/\/bilshopping.dk\/index.php?rest_route=\/wp\/v2\/product\/2690","targetHints":{"allow":["GET"]}}],"collection":[{"href":"https:\/\/bilshopping.dk\/index.php?rest_route=\/wp\/v2\/product"}],"about":[{"href":"https:\/\/bilshopping.dk\/index.php?rest_route=\/wp\/v2\/types\/product"}],"replies":[{"embeddable":true,"href":"https:\/\/bilshopping.dk\/index.php?rest_route=%2Fwp%2Fv2%2Fcomments&post=2690"}],"wp:featuredmedia":[{"embeddable":true,"href":"https:\/\/bilshopping.dk\/index.php?rest_route=\/wp\/v2\/media\/2691"}],"wp:attachment":[{"href":"https:\/\/bilshopping.dk\/index.php?rest_route=%2Fwp%2Fv2%2Fmedia&parent=2690"}],"wp:term":[{"taxonomy":"product_cat","embeddable":true,"href":"https:\/\/bilshopping.dk\/index.php?rest_route=%2Fwp%2Fv2%2Fproduct_cat&post=2690"},{"taxonomy":"product_tag","embeddable":true,"href":"https:\/\/bilshopping.dk\/index.php?rest_route=%2Fwp%2Fv2%2Fproduct_tag&post=2690"},{"taxonomy":"brand","embeddable":true,"href":"https:\/\/bilshopping.dk\/index.php?rest_route=%2Fwp%2Fv2%2Fbrand&post=2690"}],"curies":[{"name":"wp","href":"https:\/\/api.w.org\/{rel}","templated":true}]}}