{"id":3135,"date":"2023-06-23T18:20:17","date_gmt":"2023-06-23T16:20:17","guid":{"rendered":"https:\/\/bilshopping.dk\/produkt\/sneboerste-isskraber-paa-kun-44-cm-fra-kungs\/"},"modified":"2023-06-23T18:20:39","modified_gmt":"2023-06-23T16:20:39","slug":"sneboerste-isskraber-paa-kun-44-cm-fra-kungs","status":"publish","type":"product","link":"https:\/\/bilshopping.dk\/?product=sneboerste-isskraber-paa-kun-44-cm-fra-kungs","title":{"rendered":"Sneb\u00f8rste &#038; Isskraber p\u00e5 KUN 44 cm, fra Kungs"},"content":{"rendered":"<p>Leveringstid er p\u00e5 ca. <strong>2-10 hverdage<\/strong> og fragtprisen er p\u00e5 ca. <strong>49<\/strong><\/p>\n<p>Produktid er <strong>898638<\/strong> og EAN er <strong>7312280055582<\/strong><\/p>\n<h2>Anmeldelse af Sneb\u00f8rste &#038; Isskraber p\u00e5 KUN 44 cm, fra Kungs<\/h2>\n<p>Se om vi har en <a href=\"https:\/\/bilshopping.dk\/592\">anmeldelse af Sneb\u00f8rste &#038; Isskraber p\u00e5 KUN 44 cm, fra Kungs<\/a>.<\/p>\n","protected":false},"excerpt":{"rendered":"<p>Sneb\u00f8rste &#038; Isskraber p\u00e5 KUN 44 cm, fra Kungs.<\/p>\n","protected":false},"featured_media":3136,"comment_status":"closed","ping_status":"open","template":"","meta":{"_kad_post_transparent":"","_kad_post_title":"","_kad_post_layout":"","_kad_post_sidebar_id":"","_kad_post_content_style":"","_kad_post_vertical_padding":"","_kad_post_feature":"","_kad_post_feature_position":"","_kad_post_header":false,"_kad_post_footer":false},"product_cat":[3050],"product_tag":[2988,3051],"brand":[3052],"class_list":{"0":"post-3135","1":"product","2":"type-product","3":"status-publish","4":"has-post-thumbnail","6":"product_cat-vinterprodukter","7":"product_tag-los","8":"product_tag-vinterprodukter","9":"brand-kungs","11":"first","12":"instock","13":"product-type-external","14":"entry","15":"content-bg","16":"loop-entry"},"_links":{"self":[{"href":"https:\/\/bilshopping.dk\/index.php?rest_route=\/wp\/v2\/product\/3135","targetHints":{"allow":["GET"]}}],"collection":[{"href":"https:\/\/bilshopping.dk\/index.php?rest_route=\/wp\/v2\/product"}],"about":[{"href":"https:\/\/bilshopping.dk\/index.php?rest_route=\/wp\/v2\/types\/product"}],"replies":[{"embeddable":true,"href":"https:\/\/bilshopping.dk\/index.php?rest_route=%2Fwp%2Fv2%2Fcomments&post=3135"}],"wp:featuredmedia":[{"embeddable":true,"href":"https:\/\/bilshopping.dk\/index.php?rest_route=\/wp\/v2\/media\/3136"}],"wp:attachment":[{"href":"https:\/\/bilshopping.dk\/index.php?rest_route=%2Fwp%2Fv2%2Fmedia&parent=3135"}],"wp:term":[{"taxonomy":"product_cat","embeddable":true,"href":"https:\/\/bilshopping.dk\/index.php?rest_route=%2Fwp%2Fv2%2Fproduct_cat&post=3135"},{"taxonomy":"product_tag","embeddable":true,"href":"https:\/\/bilshopping.dk\/index.php?rest_route=%2Fwp%2Fv2%2Fproduct_tag&post=3135"},{"taxonomy":"brand","embeddable":true,"href":"https:\/\/bilshopping.dk\/index.php?rest_route=%2Fwp%2Fv2%2Fbrand&post=3135"}],"curies":[{"name":"wp","href":"https:\/\/api.w.org\/{rel}","templated":true}]}}