{"id":3208,"date":"2023-06-23T18:21:17","date_gmt":"2023-06-23T16:21:17","guid":{"rendered":"https:\/\/bilshopping.dk\/produkt\/tacky-lube-spray-klaebende-smoerespray-400ml\/"},"modified":"2023-06-23T18:21:31","modified_gmt":"2023-06-23T16:21:31","slug":"tacky-lube-spray-klaebende-smoerespray-400ml","status":"publish","type":"product","link":"https:\/\/bilshopping.dk\/?product=tacky-lube-spray-klaebende-smoerespray-400ml","title":{"rendered":"Tacky Lube-Spray &#8211; kl\u00e6bende sm\u00f8respray, 400ml"},"content":{"rendered":"<p>Leveringstid er p\u00e5 ca. <strong>2-10 hverdage<\/strong> og fragtprisen er p\u00e5 ca. <strong>49<\/strong><\/p>\n<p>Produktid er <strong>864112<\/strong> og EAN er <strong>4100420028427<\/strong><\/p>\n<h2>Anmeldelse af Tacky Lube-Spray &#8211; kl\u00e6bende sm\u00f8respray, 400ml<\/h2>\n<p>Se om vi har en <a href=\"https:\/\/bilshopping.dk\/592\">anmeldelse af Tacky Lube-Spray &#8211; kl\u00e6bende sm\u00f8respray, 400ml<\/a>.<\/p>\n","protected":false},"excerpt":{"rendered":"<p>Tacky Lube-Spray &#8211; kl\u00e6bende sm\u00f8respray, 400ml.<\/p>\n","protected":false},"featured_media":3209,"comment_status":"closed","ping_status":"open","template":"","meta":{"_kad_post_transparent":"","_kad_post_title":"","_kad_post_layout":"","_kad_post_sidebar_id":"","_kad_post_content_style":"","_kad_post_vertical_padding":"","_kad_post_feature":"","_kad_post_feature_position":"","_kad_post_header":false,"_kad_post_footer":false},"product_cat":[3020],"product_tag":[2988,3021],"brand":[2989],"class_list":{"0":"post-3208","1":"product","2":"type-product","3":"status-publish","4":"has-post-thumbnail","6":"product_cat-spray-tube-kemi-fra-liqui-moly","7":"product_tag-los","8":"product_tag-spray-tube-kemi-fra-liqui-moly","9":"brand-liqui-moly","11":"first","12":"instock","13":"product-type-external","14":"entry","15":"content-bg","16":"loop-entry"},"_links":{"self":[{"href":"https:\/\/bilshopping.dk\/index.php?rest_route=\/wp\/v2\/product\/3208","targetHints":{"allow":["GET"]}}],"collection":[{"href":"https:\/\/bilshopping.dk\/index.php?rest_route=\/wp\/v2\/product"}],"about":[{"href":"https:\/\/bilshopping.dk\/index.php?rest_route=\/wp\/v2\/types\/product"}],"replies":[{"embeddable":true,"href":"https:\/\/bilshopping.dk\/index.php?rest_route=%2Fwp%2Fv2%2Fcomments&post=3208"}],"wp:featuredmedia":[{"embeddable":true,"href":"https:\/\/bilshopping.dk\/index.php?rest_route=\/wp\/v2\/media\/3209"}],"wp:attachment":[{"href":"https:\/\/bilshopping.dk\/index.php?rest_route=%2Fwp%2Fv2%2Fmedia&parent=3208"}],"wp:term":[{"taxonomy":"product_cat","embeddable":true,"href":"https:\/\/bilshopping.dk\/index.php?rest_route=%2Fwp%2Fv2%2Fproduct_cat&post=3208"},{"taxonomy":"product_tag","embeddable":true,"href":"https:\/\/bilshopping.dk\/index.php?rest_route=%2Fwp%2Fv2%2Fproduct_tag&post=3208"},{"taxonomy":"brand","embeddable":true,"href":"https:\/\/bilshopping.dk\/index.php?rest_route=%2Fwp%2Fv2%2Fbrand&post=3208"}],"curies":[{"name":"wp","href":"https:\/\/api.w.org\/{rel}","templated":true}]}}