{"id":3340,"date":"2023-06-23T18:35:34","date_gmt":"2023-06-23T16:35:34","guid":{"rendered":"https:\/\/bilshopping.dk\/produkt\/bardahl-gearolie-automatgearolie-atf-dexron-iii-1-ltr\/"},"modified":"2023-06-23T18:35:46","modified_gmt":"2023-06-23T16:35:46","slug":"bardahl-gearolie-automatgearolie-atf-dexron-iii-1-ltr","status":"publish","type":"product","link":"https:\/\/bilshopping.dk\/?product=bardahl-gearolie-automatgearolie-atf-dexron-iii-1-ltr","title":{"rendered":"Bardahl Gearolie &#8211; Automatgearolie ATF Dexron III 1 ltr"},"content":{"rendered":"<p>Produktid er <strong>24-1430<\/strong> og <strong><\/strong><\/p>\n<h2>Anmeldelse af Bardahl Gearolie &#8211; Automatgearolie ATF Dexron III 1 ltr<\/h2>\n<p>Se om vi har en <a href=\"https:\/\/bilshopping.dk\/592\">anmeldelse af Bardahl Gearolie &#8211; Automatgearolie ATF Dexron III 1 ltr<\/a>.<\/p>\n","protected":false},"excerpt":{"rendered":"<p>Bardahl Gearolie &#8211; Automatgearolie ATF Dexron III er fremstillet til stop\/k\u00f8rbetingelser og motorvejsk\u00f8rsel under h\u00f8jt belastningsniveau.\u00c2\u00a0, Bardahl Gearolie &#8211; Automatgearolie ATF Dexron III 1 ltr.<\/p>\n","protected":false},"featured_media":3341,"comment_status":"closed","ping_status":"open","template":"","meta":{"_kad_post_transparent":"","_kad_post_title":"","_kad_post_layout":"","_kad_post_sidebar_id":"","_kad_post_content_style":"","_kad_post_vertical_padding":"","_kad_post_feature":"","_kad_post_feature_position":"","_kad_post_header":false,"_kad_post_footer":false},"product_cat":[3131,3127],"product_tag":[3132,2988,3129],"brand":[],"class_list":{"0":"post-3340","1":"product","2":"type-product","3":"status-publish","4":"has-post-thumbnail","6":"product_cat-gearolie","7":"product_cat-olie-kemi","8":"product_tag-gearolie","9":"product_tag-los","10":"product_tag-olie-kemi","12":"first","13":"instock","14":"sale","15":"product-type-external","16":"entry","17":"content-bg","18":"loop-entry"},"_links":{"self":[{"href":"https:\/\/bilshopping.dk\/index.php?rest_route=\/wp\/v2\/product\/3340","targetHints":{"allow":["GET"]}}],"collection":[{"href":"https:\/\/bilshopping.dk\/index.php?rest_route=\/wp\/v2\/product"}],"about":[{"href":"https:\/\/bilshopping.dk\/index.php?rest_route=\/wp\/v2\/types\/product"}],"replies":[{"embeddable":true,"href":"https:\/\/bilshopping.dk\/index.php?rest_route=%2Fwp%2Fv2%2Fcomments&post=3340"}],"wp:featuredmedia":[{"embeddable":true,"href":"https:\/\/bilshopping.dk\/index.php?rest_route=\/wp\/v2\/media\/3341"}],"wp:attachment":[{"href":"https:\/\/bilshopping.dk\/index.php?rest_route=%2Fwp%2Fv2%2Fmedia&parent=3340"}],"wp:term":[{"taxonomy":"product_cat","embeddable":true,"href":"https:\/\/bilshopping.dk\/index.php?rest_route=%2Fwp%2Fv2%2Fproduct_cat&post=3340"},{"taxonomy":"product_tag","embeddable":true,"href":"https:\/\/bilshopping.dk\/index.php?rest_route=%2Fwp%2Fv2%2Fproduct_tag&post=3340"},{"taxonomy":"brand","embeddable":true,"href":"https:\/\/bilshopping.dk\/index.php?rest_route=%2Fwp%2Fv2%2Fbrand&post=3340"}],"curies":[{"name":"wp","href":"https:\/\/api.w.org\/{rel}","templated":true}]}}