{"id":3359,"date":"2023-06-23T18:35:53","date_gmt":"2023-06-23T16:35:53","guid":{"rendered":"https:\/\/bilshopping.dk\/produkt\/bardahl-octane-booster-300-ml\/"},"modified":"2023-06-23T18:35:56","modified_gmt":"2023-06-23T16:35:56","slug":"bardahl-octane-booster-300-ml","status":"publish","type":"product","link":"https:\/\/bilshopping.dk\/?product=bardahl-octane-booster-300-ml","title":{"rendered":"Bardahl Octane Booster &#8211; 300 ml."},"content":{"rendered":"<p>Produktid er <strong>34<\/strong> og <strong><\/strong><\/p>\n<h2>Anmeldelse af Bardahl Octane Booster &#8211; 300 ml.<\/h2>\n<p>Se om vi har en <a href=\"https:\/\/bilshopping.dk\/592\">anmeldelse af Bardahl Octane Booster &#8211; 300 ml.<\/a>.<\/p>\n","protected":false},"excerpt":{"rendered":"<p>Mange k\u00f8ret\u00f8jer er lavet til at anvende benzin med h\u00f8jere oktan end normalt tilg\u00e6ngelig. D\u00e5rlig br\u00e6ndstofforbr\u00e6nding, tab af motorkraft og potentiel motorskade kan opst\u00e5, hvis den anvendte benzin har en lavere oktantal end angivet. Ved at forh\u00f8je oktantal, Bardahl Octane Booster &#8211; 300 ml..<\/p>\n","protected":false},"featured_media":3360,"comment_status":"closed","ping_status":"open","template":"","meta":{"_kad_post_transparent":"","_kad_post_title":"","_kad_post_layout":"","_kad_post_sidebar_id":"","_kad_post_content_style":"","_kad_post_vertical_padding":"","_kad_post_feature":"","_kad_post_feature_position":"","_kad_post_header":false,"_kad_post_footer":false},"product_cat":[3135,3127],"product_tag":[3136,2988,3129],"brand":[],"class_list":{"0":"post-3359","1":"product","2":"type-product","3":"status-publish","4":"has-post-thumbnail","6":"product_cat-additiver","7":"product_cat-olie-kemi","8":"product_tag-additiver","9":"product_tag-los","10":"product_tag-olie-kemi","12":"first","13":"instock","14":"sale","15":"product-type-external","16":"entry","17":"content-bg","18":"loop-entry"},"_links":{"self":[{"href":"https:\/\/bilshopping.dk\/index.php?rest_route=\/wp\/v2\/product\/3359","targetHints":{"allow":["GET"]}}],"collection":[{"href":"https:\/\/bilshopping.dk\/index.php?rest_route=\/wp\/v2\/product"}],"about":[{"href":"https:\/\/bilshopping.dk\/index.php?rest_route=\/wp\/v2\/types\/product"}],"replies":[{"embeddable":true,"href":"https:\/\/bilshopping.dk\/index.php?rest_route=%2Fwp%2Fv2%2Fcomments&post=3359"}],"wp:featuredmedia":[{"embeddable":true,"href":"https:\/\/bilshopping.dk\/index.php?rest_route=\/wp\/v2\/media\/3360"}],"wp:attachment":[{"href":"https:\/\/bilshopping.dk\/index.php?rest_route=%2Fwp%2Fv2%2Fmedia&parent=3359"}],"wp:term":[{"taxonomy":"product_cat","embeddable":true,"href":"https:\/\/bilshopping.dk\/index.php?rest_route=%2Fwp%2Fv2%2Fproduct_cat&post=3359"},{"taxonomy":"product_tag","embeddable":true,"href":"https:\/\/bilshopping.dk\/index.php?rest_route=%2Fwp%2Fv2%2Fproduct_tag&post=3359"},{"taxonomy":"brand","embeddable":true,"href":"https:\/\/bilshopping.dk\/index.php?rest_route=%2Fwp%2Fv2%2Fbrand&post=3359"}],"curies":[{"name":"wp","href":"https:\/\/api.w.org\/{rel}","templated":true}]}}