{"id":3371,"date":"2023-06-23T18:35:53","date_gmt":"2023-06-23T16:35:53","guid":{"rendered":"https:\/\/bilshopping.dk\/produkt\/bardahl-benzin-dyserens-servicerens-300-ml\/"},"modified":"2023-06-23T18:36:00","modified_gmt":"2023-06-23T16:36:00","slug":"bardahl-benzin-dyserens-servicerens-300-ml","status":"publish","type":"product","link":"https:\/\/bilshopping.dk\/?product=bardahl-benzin-dyserens-servicerens-300-ml","title":{"rendered":"Bardahl Benzin dyserens &#8211; Servicerens 300 ml."},"content":{"rendered":"<p>Produktid er <strong>41<\/strong> og <strong>3266720021016<\/strong><\/p>\n<h2>Anmeldelse af Bardahl Benzin dyserens &#8211; Servicerens 300 ml.<\/h2>\n<p>Se om vi har en <a href=\"https:\/\/bilshopping.dk\/592\">anmeldelse af Bardahl Benzin dyserens &#8211; Servicerens 300 ml.<\/a>.<\/p>\n","protected":false},"excerpt":{"rendered":"<p>Bardahl Benzin dyserens &#8211; Servicerens 300 ml. Denne nye, koncentrerede formel af dyserens er fremstillet med henblik p\u00e5 at rense indspr\u00f8jtnings-dyser og forbr\u00e6ndingssystem p\u00e5 nyere benzinmotor-er uden mekanisk adskillelse. Forbedrer acceleration og koldst, Bardahl Benzin dyserens &#8211; Servicerens 300 ml..<\/p>\n","protected":false},"featured_media":3372,"comment_status":"closed","ping_status":"open","template":"","meta":{"_kad_post_transparent":"","_kad_post_title":"","_kad_post_layout":"","_kad_post_sidebar_id":"","_kad_post_content_style":"","_kad_post_vertical_padding":"","_kad_post_feature":"","_kad_post_feature_position":"","_kad_post_header":false,"_kad_post_footer":false},"product_cat":[3135,3127],"product_tag":[3136,2988,3129],"brand":[],"class_list":{"0":"post-3371","1":"product","2":"type-product","3":"status-publish","4":"has-post-thumbnail","6":"product_cat-additiver","7":"product_cat-olie-kemi","8":"product_tag-additiver","9":"product_tag-los","10":"product_tag-olie-kemi","12":"first","13":"instock","14":"sale","15":"product-type-external","16":"entry","17":"content-bg","18":"loop-entry"},"_links":{"self":[{"href":"https:\/\/bilshopping.dk\/index.php?rest_route=\/wp\/v2\/product\/3371","targetHints":{"allow":["GET"]}}],"collection":[{"href":"https:\/\/bilshopping.dk\/index.php?rest_route=\/wp\/v2\/product"}],"about":[{"href":"https:\/\/bilshopping.dk\/index.php?rest_route=\/wp\/v2\/types\/product"}],"replies":[{"embeddable":true,"href":"https:\/\/bilshopping.dk\/index.php?rest_route=%2Fwp%2Fv2%2Fcomments&post=3371"}],"wp:featuredmedia":[{"embeddable":true,"href":"https:\/\/bilshopping.dk\/index.php?rest_route=\/wp\/v2\/media\/3372"}],"wp:attachment":[{"href":"https:\/\/bilshopping.dk\/index.php?rest_route=%2Fwp%2Fv2%2Fmedia&parent=3371"}],"wp:term":[{"taxonomy":"product_cat","embeddable":true,"href":"https:\/\/bilshopping.dk\/index.php?rest_route=%2Fwp%2Fv2%2Fproduct_cat&post=3371"},{"taxonomy":"product_tag","embeddable":true,"href":"https:\/\/bilshopping.dk\/index.php?rest_route=%2Fwp%2Fv2%2Fproduct_tag&post=3371"},{"taxonomy":"brand","embeddable":true,"href":"https:\/\/bilshopping.dk\/index.php?rest_route=%2Fwp%2Fv2%2Fbrand&post=3371"}],"curies":[{"name":"wp","href":"https:\/\/api.w.org\/{rel}","templated":true}]}}