{"id":3373,"date":"2023-06-23T18:35:53","date_gmt":"2023-06-23T16:35:53","guid":{"rendered":"https:\/\/bilshopping.dk\/produkt\/bardahl-gear-oil-additiv-med-taetner\/"},"modified":"2023-06-23T18:36:01","modified_gmt":"2023-06-23T16:36:01","slug":"bardahl-gear-oil-additiv-med-taetner","status":"publish","type":"product","link":"https:\/\/bilshopping.dk\/?product=bardahl-gear-oil-additiv-med-taetner","title":{"rendered":"Bardahl Gear Oil Additiv (med t\u00e6tner)"},"content":{"rendered":"<p>Produktid er <strong>42<\/strong> og <strong>3266720017569<\/strong><\/p>\n<h2>Anmeldelse af Bardahl Gear Oil Additiv (med t\u00e6tner)<\/h2>\n<p>Se om vi har en <a href=\"https:\/\/bilshopping.dk\/592\">anmeldelse af Bardahl Gear Oil Additiv (med t\u00e6tner)<\/a>.<\/p>\n","protected":false},"excerpt":{"rendered":"<p>Et specielt koncentrat af Bardahls ber\u00f8mte \u00e2\u0080\u009dPolar Attraction\u00e2\u0080\u009d-formular, der formindsker friktion og st\u00f8j i gearkassen, bagt\u00f8j, og som stopper oliespild, Bardahl Gear Oil Additiv (med t\u00e6tner).<\/p>\n","protected":false},"featured_media":3374,"comment_status":"closed","ping_status":"open","template":"","meta":{"_kad_post_transparent":"","_kad_post_title":"","_kad_post_layout":"","_kad_post_sidebar_id":"","_kad_post_content_style":"","_kad_post_vertical_padding":"","_kad_post_feature":"","_kad_post_feature_position":"","_kad_post_header":false,"_kad_post_footer":false},"product_cat":[3135,3127],"product_tag":[3136,2988,3129],"brand":[],"class_list":{"0":"post-3373","1":"product","2":"type-product","3":"status-publish","4":"has-post-thumbnail","6":"product_cat-additiver","7":"product_cat-olie-kemi","8":"product_tag-additiver","9":"product_tag-los","10":"product_tag-olie-kemi","12":"first","13":"instock","14":"sale","15":"product-type-external","16":"entry","17":"content-bg","18":"loop-entry"},"_links":{"self":[{"href":"https:\/\/bilshopping.dk\/index.php?rest_route=\/wp\/v2\/product\/3373","targetHints":{"allow":["GET"]}}],"collection":[{"href":"https:\/\/bilshopping.dk\/index.php?rest_route=\/wp\/v2\/product"}],"about":[{"href":"https:\/\/bilshopping.dk\/index.php?rest_route=\/wp\/v2\/types\/product"}],"replies":[{"embeddable":true,"href":"https:\/\/bilshopping.dk\/index.php?rest_route=%2Fwp%2Fv2%2Fcomments&post=3373"}],"wp:featuredmedia":[{"embeddable":true,"href":"https:\/\/bilshopping.dk\/index.php?rest_route=\/wp\/v2\/media\/3374"}],"wp:attachment":[{"href":"https:\/\/bilshopping.dk\/index.php?rest_route=%2Fwp%2Fv2%2Fmedia&parent=3373"}],"wp:term":[{"taxonomy":"product_cat","embeddable":true,"href":"https:\/\/bilshopping.dk\/index.php?rest_route=%2Fwp%2Fv2%2Fproduct_cat&post=3373"},{"taxonomy":"product_tag","embeddable":true,"href":"https:\/\/bilshopping.dk\/index.php?rest_route=%2Fwp%2Fv2%2Fproduct_tag&post=3373"},{"taxonomy":"brand","embeddable":true,"href":"https:\/\/bilshopping.dk\/index.php?rest_route=%2Fwp%2Fv2%2Fbrand&post=3373"}],"curies":[{"name":"wp","href":"https:\/\/api.w.org\/{rel}","templated":true}]}}