{"id":3389,"date":"2023-06-23T18:36:07","date_gmt":"2023-06-23T16:36:07","guid":{"rendered":"https:\/\/bilshopping.dk\/produkt\/bardahl-super-teflube-ptfe-400-ml\/"},"modified":"2023-06-23T18:36:08","modified_gmt":"2023-06-23T16:36:08","slug":"bardahl-super-teflube-ptfe-400-ml","status":"publish","type":"product","link":"https:\/\/bilshopping.dk\/?product=bardahl-super-teflube-ptfe-400-ml","title":{"rendered":"Bardahl Super teflube +PTFE &#8211; 400 ml."},"content":{"rendered":"<p>Produktid er <strong>54<\/strong> og <strong>5015794735040<\/strong><\/p>\n<h2>Anmeldelse af Bardahl Super teflube +PTFE &#8211; 400 ml.<\/h2>\n<p>Se om vi har en <a href=\"https:\/\/bilshopping.dk\/592\">anmeldelse af Bardahl Super teflube +PTFE &#8211; 400 ml.<\/a>.<\/p>\n","protected":false},"excerpt":{"rendered":"<p>SYNTETISK H\u00d8JTRYKSSM\u00d8REMIDDEL med PTFE (teflon) -\u00c2\u00a0Specielt udviklet til sm\u00f8ring af alt, som er udsat for h\u00f8jtryk, st\u00f8d og vibrationer,<br \/>\nBeskytter alle bev\u00e6gelige dele og forhindrer hylelyde., Bardahl Super teflube +PTFE &#8211; 400 ml..<\/p>\n","protected":false},"featured_media":3390,"comment_status":"closed","ping_status":"open","template":"","meta":{"_kad_post_transparent":"","_kad_post_title":"","_kad_post_layout":"","_kad_post_sidebar_id":"","_kad_post_content_style":"","_kad_post_vertical_padding":"","_kad_post_feature":"","_kad_post_feature_position":"","_kad_post_header":false,"_kad_post_footer":false},"product_cat":[3127,3137],"product_tag":[2988,3129,3138],"brand":[],"class_list":{"0":"post-3389","1":"product","2":"type-product","3":"status-publish","4":"has-post-thumbnail","6":"product_cat-olie-kemi","7":"product_cat-smoeremidler","8":"product_tag-los","9":"product_tag-olie-kemi","10":"product_tag-smoeremidler","12":"first","13":"instock","14":"sale","15":"product-type-external","16":"entry","17":"content-bg","18":"loop-entry"},"_links":{"self":[{"href":"https:\/\/bilshopping.dk\/index.php?rest_route=\/wp\/v2\/product\/3389","targetHints":{"allow":["GET"]}}],"collection":[{"href":"https:\/\/bilshopping.dk\/index.php?rest_route=\/wp\/v2\/product"}],"about":[{"href":"https:\/\/bilshopping.dk\/index.php?rest_route=\/wp\/v2\/types\/product"}],"replies":[{"embeddable":true,"href":"https:\/\/bilshopping.dk\/index.php?rest_route=%2Fwp%2Fv2%2Fcomments&post=3389"}],"wp:featuredmedia":[{"embeddable":true,"href":"https:\/\/bilshopping.dk\/index.php?rest_route=\/wp\/v2\/media\/3390"}],"wp:attachment":[{"href":"https:\/\/bilshopping.dk\/index.php?rest_route=%2Fwp%2Fv2%2Fmedia&parent=3389"}],"wp:term":[{"taxonomy":"product_cat","embeddable":true,"href":"https:\/\/bilshopping.dk\/index.php?rest_route=%2Fwp%2Fv2%2Fproduct_cat&post=3389"},{"taxonomy":"product_tag","embeddable":true,"href":"https:\/\/bilshopping.dk\/index.php?rest_route=%2Fwp%2Fv2%2Fproduct_tag&post=3389"},{"taxonomy":"brand","embeddable":true,"href":"https:\/\/bilshopping.dk\/index.php?rest_route=%2Fwp%2Fv2%2Fbrand&post=3389"}],"curies":[{"name":"wp","href":"https:\/\/api.w.org\/{rel}","templated":true}]}}