{"id":3393,"date":"2023-06-23T18:36:07","date_gmt":"2023-06-23T16:36:07","guid":{"rendered":"https:\/\/bilshopping.dk\/produkt\/bardahl-belt-dressing-remspray-mod-hylende-rem-400-ml\/"},"modified":"2023-06-23T18:36:09","modified_gmt":"2023-06-23T16:36:09","slug":"bardahl-belt-dressing-remspray-mod-hylende-rem-400-ml","status":"publish","type":"product","link":"https:\/\/bilshopping.dk\/?product=bardahl-belt-dressing-remspray-mod-hylende-rem-400-ml","title":{"rendered":"Bardahl Belt Dressing (Remspray mod hylende rem) 400 ml."},"content":{"rendered":"<p>Produktid er <strong>56<\/strong> og <strong>5015794794047<\/strong><\/p>\n<h2>Anmeldelse af Bardahl Belt Dressing (Remspray mod hylende rem) 400 ml.<\/h2>\n<p>Se om vi har en <a href=\"https:\/\/bilshopping.dk\/592\">anmeldelse af Bardahl Belt Dressing (Remspray mod hylende rem) 400 ml.<\/a>.<\/p>\n","protected":false},"excerpt":{"rendered":"<p>Hyler\u00c2\u00a0ventilatorremmen?<br \/>\nBardahl Belt Dressing vil give omg\u00e5ende resultat og forh\u00f8je remkraften med 50%. Den vil forl\u00e6nge remmens levetid, forhindre spr\u00e6kning og forh\u00f8je den transmitterede kraft ved reducering af slip., Bardahl Belt Dressing (Remspray mod hylende rem) 400 ml..<\/p>\n","protected":false},"featured_media":3394,"comment_status":"closed","ping_status":"open","template":"","meta":{"_kad_post_transparent":"","_kad_post_title":"","_kad_post_layout":"","_kad_post_sidebar_id":"","_kad_post_content_style":"","_kad_post_vertical_padding":"","_kad_post_feature":"","_kad_post_feature_position":"","_kad_post_header":false,"_kad_post_footer":false},"product_cat":[3127,3137],"product_tag":[2988,3129,3138],"brand":[],"class_list":{"0":"post-3393","1":"product","2":"type-product","3":"status-publish","4":"has-post-thumbnail","6":"product_cat-olie-kemi","7":"product_cat-smoeremidler","8":"product_tag-los","9":"product_tag-olie-kemi","10":"product_tag-smoeremidler","12":"first","13":"instock","14":"sale","15":"product-type-external","16":"entry","17":"content-bg","18":"loop-entry"},"_links":{"self":[{"href":"https:\/\/bilshopping.dk\/index.php?rest_route=\/wp\/v2\/product\/3393","targetHints":{"allow":["GET"]}}],"collection":[{"href":"https:\/\/bilshopping.dk\/index.php?rest_route=\/wp\/v2\/product"}],"about":[{"href":"https:\/\/bilshopping.dk\/index.php?rest_route=\/wp\/v2\/types\/product"}],"replies":[{"embeddable":true,"href":"https:\/\/bilshopping.dk\/index.php?rest_route=%2Fwp%2Fv2%2Fcomments&post=3393"}],"wp:featuredmedia":[{"embeddable":true,"href":"https:\/\/bilshopping.dk\/index.php?rest_route=\/wp\/v2\/media\/3394"}],"wp:attachment":[{"href":"https:\/\/bilshopping.dk\/index.php?rest_route=%2Fwp%2Fv2%2Fmedia&parent=3393"}],"wp:term":[{"taxonomy":"product_cat","embeddable":true,"href":"https:\/\/bilshopping.dk\/index.php?rest_route=%2Fwp%2Fv2%2Fproduct_cat&post=3393"},{"taxonomy":"product_tag","embeddable":true,"href":"https:\/\/bilshopping.dk\/index.php?rest_route=%2Fwp%2Fv2%2Fproduct_tag&post=3393"},{"taxonomy":"brand","embeddable":true,"href":"https:\/\/bilshopping.dk\/index.php?rest_route=%2Fwp%2Fv2%2Fbrand&post=3393"}],"curies":[{"name":"wp","href":"https:\/\/api.w.org\/{rel}","templated":true}]}}