{"id":3417,"date":"2023-06-23T18:36:07","date_gmt":"2023-06-23T16:36:07","guid":{"rendered":"https:\/\/bilshopping.dk\/produkt\/bardahl-bodycoating-graa-1-ltr\/"},"modified":"2023-06-23T18:36:16","modified_gmt":"2023-06-23T16:36:16","slug":"bardahl-bodycoating-graa-1-ltr","status":"publish","type":"product","link":"https:\/\/bilshopping.dk\/?product=bardahl-bodycoating-graa-1-ltr","title":{"rendered":"Bardahl Bodycoating gr\u00e5 1 ltr"},"content":{"rendered":"<p>Produktid er <strong>65-1478<\/strong> og <strong><\/strong><\/p>\n<h2>Anmeldelse af Bardahl Bodycoating gr\u00e5 1 ltr<\/h2>\n<p>Se om vi har en <a href=\"https:\/\/bilshopping.dk\/592\">anmeldelse af Bardahl Bodycoating gr\u00e5 1 ltr<\/a>.<\/p>\n","protected":false},"excerpt":{"rendered":"<p>Bardahl Bodycoating gr\u00e5 virker st\u00f8jd\u00e6mpende og rustforhindrende. Giver en varig beskyttelse til bilkarrosseridele. er modstandsdygtig overfor varme, vand og stenslag.<br \/>\nOverlakerbar., Bardahl Bodycoating gr\u00e5 1 ltr.<\/p>\n","protected":false},"featured_media":3418,"comment_status":"closed","ping_status":"open","template":"","meta":{"_kad_post_transparent":"","_kad_post_title":"","_kad_post_layout":"","_kad_post_sidebar_id":"","_kad_post_content_style":"","_kad_post_vertical_padding":"","_kad_post_feature":"","_kad_post_feature_position":"","_kad_post_header":false,"_kad_post_footer":false},"product_cat":[3127,3139],"product_tag":[2988,3129,3140],"brand":[],"class_list":{"0":"post-3417","1":"product","2":"type-product","3":"status-publish","4":"has-post-thumbnail","6":"product_cat-olie-kemi","7":"product_cat-rustbeskyttelse","8":"product_tag-los","9":"product_tag-olie-kemi","10":"product_tag-rustbeskyttelse","12":"first","13":"instock","14":"sale","15":"product-type-external","16":"entry","17":"content-bg","18":"loop-entry"},"_links":{"self":[{"href":"https:\/\/bilshopping.dk\/index.php?rest_route=\/wp\/v2\/product\/3417","targetHints":{"allow":["GET"]}}],"collection":[{"href":"https:\/\/bilshopping.dk\/index.php?rest_route=\/wp\/v2\/product"}],"about":[{"href":"https:\/\/bilshopping.dk\/index.php?rest_route=\/wp\/v2\/types\/product"}],"replies":[{"embeddable":true,"href":"https:\/\/bilshopping.dk\/index.php?rest_route=%2Fwp%2Fv2%2Fcomments&post=3417"}],"wp:featuredmedia":[{"embeddable":true,"href":"https:\/\/bilshopping.dk\/index.php?rest_route=\/wp\/v2\/media\/3418"}],"wp:attachment":[{"href":"https:\/\/bilshopping.dk\/index.php?rest_route=%2Fwp%2Fv2%2Fmedia&parent=3417"}],"wp:term":[{"taxonomy":"product_cat","embeddable":true,"href":"https:\/\/bilshopping.dk\/index.php?rest_route=%2Fwp%2Fv2%2Fproduct_cat&post=3417"},{"taxonomy":"product_tag","embeddable":true,"href":"https:\/\/bilshopping.dk\/index.php?rest_route=%2Fwp%2Fv2%2Fproduct_tag&post=3417"},{"taxonomy":"brand","embeddable":true,"href":"https:\/\/bilshopping.dk\/index.php?rest_route=%2Fwp%2Fv2%2Fbrand&post=3417"}],"curies":[{"name":"wp","href":"https:\/\/api.w.org\/{rel}","templated":true}]}}