{"id":3423,"date":"2023-06-23T18:36:07","date_gmt":"2023-06-23T16:36:07","guid":{"rendered":"https:\/\/bilshopping.dk\/produkt\/bardahl-undercoating-undervogns-beskyttelse-500-ml\/"},"modified":"2023-06-23T18:36:18","modified_gmt":"2023-06-23T16:36:18","slug":"bardahl-undercoating-undervogns-beskyttelse-500-ml","status":"publish","type":"product","link":"https:\/\/bilshopping.dk\/?product=bardahl-undercoating-undervogns-beskyttelse-500-ml","title":{"rendered":"Bardahl Undercoating (undervogns beskyttelse)  500 ml"},"content":{"rendered":"<p>Produktid er <strong>70-1481<\/strong> og <strong><\/strong><\/p>\n<h2>Anmeldelse af Bardahl Undercoating (undervogns beskyttelse)  500 ml<\/h2>\n<p>Se om vi har en <a href=\"https:\/\/bilshopping.dk\/592\">anmeldelse af Bardahl Undercoating (undervogns beskyttelse)  500 ml<\/a>.<\/p>\n","protected":false},"excerpt":{"rendered":"<p>Bardahl Undercoating Spray beskytter undervognen mod korrosion og d\u00e6mper st\u00f8j og vibrationer. Er perfekt til varig beskyttelse til alle metalplader. Er meget effektiv til hjulsk\u00e6rme og lignende., Bardahl Undercoating (undervogns beskyttelse)  500 ml.<\/p>\n","protected":false},"featured_media":3424,"comment_status":"closed","ping_status":"open","template":"","meta":{"_kad_post_transparent":"","_kad_post_title":"","_kad_post_layout":"","_kad_post_sidebar_id":"","_kad_post_content_style":"","_kad_post_vertical_padding":"","_kad_post_feature":"","_kad_post_feature_position":"","_kad_post_header":false,"_kad_post_footer":false},"product_cat":[3127,3139],"product_tag":[2988,3129,3140],"brand":[],"class_list":{"0":"post-3423","1":"product","2":"type-product","3":"status-publish","4":"has-post-thumbnail","6":"product_cat-olie-kemi","7":"product_cat-rustbeskyttelse","8":"product_tag-los","9":"product_tag-olie-kemi","10":"product_tag-rustbeskyttelse","12":"first","13":"instock","14":"sale","15":"product-type-external","16":"entry","17":"content-bg","18":"loop-entry"},"_links":{"self":[{"href":"https:\/\/bilshopping.dk\/index.php?rest_route=\/wp\/v2\/product\/3423","targetHints":{"allow":["GET"]}}],"collection":[{"href":"https:\/\/bilshopping.dk\/index.php?rest_route=\/wp\/v2\/product"}],"about":[{"href":"https:\/\/bilshopping.dk\/index.php?rest_route=\/wp\/v2\/types\/product"}],"replies":[{"embeddable":true,"href":"https:\/\/bilshopping.dk\/index.php?rest_route=%2Fwp%2Fv2%2Fcomments&post=3423"}],"wp:featuredmedia":[{"embeddable":true,"href":"https:\/\/bilshopping.dk\/index.php?rest_route=\/wp\/v2\/media\/3424"}],"wp:attachment":[{"href":"https:\/\/bilshopping.dk\/index.php?rest_route=%2Fwp%2Fv2%2Fmedia&parent=3423"}],"wp:term":[{"taxonomy":"product_cat","embeddable":true,"href":"https:\/\/bilshopping.dk\/index.php?rest_route=%2Fwp%2Fv2%2Fproduct_cat&post=3423"},{"taxonomy":"product_tag","embeddable":true,"href":"https:\/\/bilshopping.dk\/index.php?rest_route=%2Fwp%2Fv2%2Fproduct_tag&post=3423"},{"taxonomy":"brand","embeddable":true,"href":"https:\/\/bilshopping.dk\/index.php?rest_route=%2Fwp%2Fv2%2Fbrand&post=3423"}],"curies":[{"name":"wp","href":"https:\/\/api.w.org\/{rel}","templated":true}]}}