{"id":3427,"date":"2023-06-23T18:36:23","date_gmt":"2023-06-23T16:36:23","guid":{"rendered":"https:\/\/bilshopping.dk\/produkt\/bardahl-bodysealer-penselbar-volvokit-1-kg\/"},"modified":"2023-06-23T18:36:24","modified_gmt":"2023-06-23T16:36:24","slug":"bardahl-bodysealer-penselbar-volvokit-1-kg","status":"publish","type":"product","link":"https:\/\/bilshopping.dk\/?product=bardahl-bodysealer-penselbar-volvokit-1-kg","title":{"rendered":"Bardahl Bodysealer (penselbar &#8220;volvokit&#8221;) &#8211; 1 kg."},"content":{"rendered":"<p>Produktid er <strong>72<\/strong> og <strong><\/strong><\/p>\n<h2>Anmeldelse af Bardahl Bodysealer (penselbar &#8220;volvokit&#8221;) &#8211; 1 kg.<\/h2>\n<p>Se om vi har en <a href=\"https:\/\/bilshopping.dk\/592\">anmeldelse af Bardahl Bodysealer (penselbar &#8220;volvokit&#8221;) &#8211; 1 kg.<\/a>.<\/p>\n","protected":false},"excerpt":{"rendered":"<p>Bardahl Bodysealer (&#8220;volvokit&#8221;) er en hurtigt\u00f8rrende t\u00e6tningsmasse til penselp\u00e5sm\u00f8ring, til professionel t\u00e6tning af karosseridele. Overlakerbar.<br \/>\n\u00c2\u00a0, Bardahl Bodysealer (penselbar &#8220;volvokit&#8221;) &#8211; 1 kg..<\/p>\n","protected":false},"featured_media":3428,"comment_status":"closed","ping_status":"open","template":"","meta":{"_kad_post_transparent":"","_kad_post_title":"","_kad_post_layout":"","_kad_post_sidebar_id":"","_kad_post_content_style":"","_kad_post_vertical_padding":"","_kad_post_feature":"","_kad_post_feature_position":"","_kad_post_header":false,"_kad_post_footer":false},"product_cat":[3127,3139],"product_tag":[2988,3129,3140],"brand":[],"class_list":{"0":"post-3427","1":"product","2":"type-product","3":"status-publish","4":"has-post-thumbnail","6":"product_cat-olie-kemi","7":"product_cat-rustbeskyttelse","8":"product_tag-los","9":"product_tag-olie-kemi","10":"product_tag-rustbeskyttelse","12":"first","13":"instock","14":"sale","15":"product-type-external","16":"entry","17":"content-bg","18":"loop-entry"},"_links":{"self":[{"href":"https:\/\/bilshopping.dk\/index.php?rest_route=\/wp\/v2\/product\/3427","targetHints":{"allow":["GET"]}}],"collection":[{"href":"https:\/\/bilshopping.dk\/index.php?rest_route=\/wp\/v2\/product"}],"about":[{"href":"https:\/\/bilshopping.dk\/index.php?rest_route=\/wp\/v2\/types\/product"}],"replies":[{"embeddable":true,"href":"https:\/\/bilshopping.dk\/index.php?rest_route=%2Fwp%2Fv2%2Fcomments&post=3427"}],"wp:featuredmedia":[{"embeddable":true,"href":"https:\/\/bilshopping.dk\/index.php?rest_route=\/wp\/v2\/media\/3428"}],"wp:attachment":[{"href":"https:\/\/bilshopping.dk\/index.php?rest_route=%2Fwp%2Fv2%2Fmedia&parent=3427"}],"wp:term":[{"taxonomy":"product_cat","embeddable":true,"href":"https:\/\/bilshopping.dk\/index.php?rest_route=%2Fwp%2Fv2%2Fproduct_cat&post=3427"},{"taxonomy":"product_tag","embeddable":true,"href":"https:\/\/bilshopping.dk\/index.php?rest_route=%2Fwp%2Fv2%2Fproduct_tag&post=3427"},{"taxonomy":"brand","embeddable":true,"href":"https:\/\/bilshopping.dk\/index.php?rest_route=%2Fwp%2Fv2%2Fbrand&post=3427"}],"curies":[{"name":"wp","href":"https:\/\/api.w.org\/{rel}","templated":true}]}}