{"id":3429,"date":"2023-06-23T18:36:23","date_gmt":"2023-06-23T16:36:23","guid":{"rendered":"https:\/\/bilshopping.dk\/produkt\/bardahl-lak-spray-sort-blank-400-ml\/"},"modified":"2023-06-23T18:36:25","modified_gmt":"2023-06-23T16:36:25","slug":"bardahl-lak-spray-sort-blank-400-ml","status":"publish","type":"product","link":"https:\/\/bilshopping.dk\/?product=bardahl-lak-spray-sort-blank-400-ml","title":{"rendered":"Bardahl Lak Spray &#8211; Sort blank &#8211; 400 ml."},"content":{"rendered":"<p>Produktid er <strong>73<\/strong> og <strong><\/strong><\/p>\n<h2>Anmeldelse af Bardahl Lak Spray &#8211; Sort blank &#8211; 400 ml.<\/h2>\n<p>Se om vi har en <a href=\"https:\/\/bilshopping.dk\/592\">anmeldelse af Bardahl Lak Spray &#8211; Sort blank &#8211; 400 ml.<\/a>.<\/p>\n","protected":false},"excerpt":{"rendered":"<p>Bardahl Lak Spray &#8211; Sort blank er en hurtigt\u00f8rrende spraymaling med glans. Giver alle slags overflader et nyt udseende. T\u00f8rrer p\u00e5 f\u00e5 minutter. Giver en st\u00e6rk overflade., Bardahl Lak Spray &#8211; Sort blank &#8211; 400 ml..<\/p>\n","protected":false},"featured_media":3430,"comment_status":"closed","ping_status":"open","template":"","meta":{"_kad_post_transparent":"","_kad_post_title":"","_kad_post_layout":"","_kad_post_sidebar_id":"","_kad_post_content_style":"","_kad_post_vertical_padding":"","_kad_post_feature":"","_kad_post_feature_position":"","_kad_post_header":false,"_kad_post_footer":false},"product_cat":[3127,3141],"product_tag":[2988,3129,3142],"brand":[],"class_list":{"0":"post-3429","1":"product","2":"type-product","3":"status-publish","4":"has-post-thumbnail","6":"product_cat-olie-kemi","7":"product_cat-spray","8":"product_tag-los","9":"product_tag-olie-kemi","10":"product_tag-spray","12":"first","13":"instock","14":"sale","15":"product-type-external","16":"entry","17":"content-bg","18":"loop-entry"},"_links":{"self":[{"href":"https:\/\/bilshopping.dk\/index.php?rest_route=\/wp\/v2\/product\/3429","targetHints":{"allow":["GET"]}}],"collection":[{"href":"https:\/\/bilshopping.dk\/index.php?rest_route=\/wp\/v2\/product"}],"about":[{"href":"https:\/\/bilshopping.dk\/index.php?rest_route=\/wp\/v2\/types\/product"}],"replies":[{"embeddable":true,"href":"https:\/\/bilshopping.dk\/index.php?rest_route=%2Fwp%2Fv2%2Fcomments&post=3429"}],"wp:featuredmedia":[{"embeddable":true,"href":"https:\/\/bilshopping.dk\/index.php?rest_route=\/wp\/v2\/media\/3430"}],"wp:attachment":[{"href":"https:\/\/bilshopping.dk\/index.php?rest_route=%2Fwp%2Fv2%2Fmedia&parent=3429"}],"wp:term":[{"taxonomy":"product_cat","embeddable":true,"href":"https:\/\/bilshopping.dk\/index.php?rest_route=%2Fwp%2Fv2%2Fproduct_cat&post=3429"},{"taxonomy":"product_tag","embeddable":true,"href":"https:\/\/bilshopping.dk\/index.php?rest_route=%2Fwp%2Fv2%2Fproduct_tag&post=3429"},{"taxonomy":"brand","embeddable":true,"href":"https:\/\/bilshopping.dk\/index.php?rest_route=%2Fwp%2Fv2%2Fbrand&post=3429"}],"curies":[{"name":"wp","href":"https:\/\/api.w.org\/{rel}","templated":true}]}}