{"id":3470,"date":"2023-06-23T18:36:37","date_gmt":"2023-06-23T16:36:37","guid":{"rendered":"https:\/\/bilshopping.dk\/produkt\/autoglym-lakrens-mod-flyverust-clay-bar-kit-saet\/"},"modified":"2023-06-23T18:36:41","modified_gmt":"2023-06-23T16:36:41","slug":"autoglym-lakrens-mod-flyverust-clay-bar-kit-saet","status":"publish","type":"product","link":"https:\/\/bilshopping.dk\/?product=autoglym-lakrens-mod-flyverust-clay-bar-kit-saet","title":{"rendered":"Autoglym LAKRENS &#8211; MOD FLYVERUST &#8211; Clay Bar Kit &#8211; S\u00e6t."},"content":{"rendered":"<p>Produktid er <strong>97<\/strong> og <strong>5016366009835<\/strong><\/p>\n<h2>Anmeldelse af Autoglym LAKRENS &#8211; MOD FLYVERUST &#8211; Clay Bar Kit &#8211; S\u00e6t.<\/h2>\n<p>Se om vi har en <a href=\"https:\/\/bilshopping.dk\/592\">anmeldelse af Autoglym LAKRENS &#8211; MOD FLYVERUST &#8211; Clay Bar Kit &#8211; S\u00e6t.<\/a>.<\/p>\n","protected":false},"excerpt":{"rendered":"<p>Autoglym LAKRENS &#8211; MOD FLYVERUST &#8211; Clay Bar Kit &#8211; S\u00e6t.\u00c2\u00a0Komplet s\u00e6t til fjernelse af flyverust, malerst\u00f8v og anden overfladeforurening f\u00f8r polering., Autoglym LAKRENS &#8211; MOD FLYVERUST &#8211; Clay Bar Kit &#8211; S\u00e6t..<\/p>\n","protected":false},"featured_media":3471,"comment_status":"closed","ping_status":"open","template":"","meta":{"_kad_post_transparent":"","_kad_post_title":"","_kad_post_layout":"","_kad_post_sidebar_id":"","_kad_post_content_style":"","_kad_post_vertical_padding":"","_kad_post_feature":"","_kad_post_feature_position":"","_kad_post_header":false,"_kad_post_footer":false},"product_cat":[3145,3150],"product_tag":[3147,3151,2988],"brand":[],"class_list":{"0":"post-3470","1":"product","2":"type-product","3":"status-publish","4":"has-post-thumbnail","6":"product_cat-bilpleje","7":"product_cat-lakpleje","8":"product_tag-bilpleje","9":"product_tag-lakpleje","10":"product_tag-los","12":"first","13":"instock","14":"sale","15":"product-type-external","16":"entry","17":"content-bg","18":"loop-entry"},"_links":{"self":[{"href":"https:\/\/bilshopping.dk\/index.php?rest_route=\/wp\/v2\/product\/3470","targetHints":{"allow":["GET"]}}],"collection":[{"href":"https:\/\/bilshopping.dk\/index.php?rest_route=\/wp\/v2\/product"}],"about":[{"href":"https:\/\/bilshopping.dk\/index.php?rest_route=\/wp\/v2\/types\/product"}],"replies":[{"embeddable":true,"href":"https:\/\/bilshopping.dk\/index.php?rest_route=%2Fwp%2Fv2%2Fcomments&post=3470"}],"wp:featuredmedia":[{"embeddable":true,"href":"https:\/\/bilshopping.dk\/index.php?rest_route=\/wp\/v2\/media\/3471"}],"wp:attachment":[{"href":"https:\/\/bilshopping.dk\/index.php?rest_route=%2Fwp%2Fv2%2Fmedia&parent=3470"}],"wp:term":[{"taxonomy":"product_cat","embeddable":true,"href":"https:\/\/bilshopping.dk\/index.php?rest_route=%2Fwp%2Fv2%2Fproduct_cat&post=3470"},{"taxonomy":"product_tag","embeddable":true,"href":"https:\/\/bilshopping.dk\/index.php?rest_route=%2Fwp%2Fv2%2Fproduct_tag&post=3470"},{"taxonomy":"brand","embeddable":true,"href":"https:\/\/bilshopping.dk\/index.php?rest_route=%2Fwp%2Fv2%2Fbrand&post=3470"}],"curies":[{"name":"wp","href":"https:\/\/api.w.org\/{rel}","templated":true}]}}