{"id":3487,"date":"2023-06-23T18:36:37","date_gmt":"2023-06-23T16:36:37","guid":{"rendered":"https:\/\/bilshopping.dk\/produkt\/autoglym-vinyl-make-up-vinyl-rubber-care-500-ml\/"},"modified":"2023-06-23T18:36:54","modified_gmt":"2023-06-23T16:36:54","slug":"autoglym-vinyl-make-up-vinyl-rubber-care-500-ml","status":"publish","type":"product","link":"https:\/\/bilshopping.dk\/?product=autoglym-vinyl-make-up-vinyl-rubber-care-500-ml","title":{"rendered":"Autoglym VINYL MAKE-UP &#8211; Vinyl &#038; Rubber Care &#8211; 500 ml."},"content":{"rendered":"<p>Produktid er <strong>110<\/strong> og <strong>5016366008357<\/strong><\/p>\n<h2>Anmeldelse af Autoglym VINYL MAKE-UP &#8211; Vinyl &#038; Rubber Care &#8211; 500 ml.<\/h2>\n<p>Se om vi har en <a href=\"https:\/\/bilshopping.dk\/592\">anmeldelse af Autoglym VINYL MAKE-UP &#8211; Vinyl &#038; Rubber Care &#8211; 500 ml.<\/a>.<\/p>\n","protected":false},"excerpt":{"rendered":"<p>Autoglym VINYL MAKE-UP &#8211; Vinyl &#038; Rubber Care\u00c2\u00a0Plejer og beskytter ind &#8211;  og udvendige overflader. Giver en slidst\u00e6rk, men fleksibel og antistatisk overflade, som beskytter mod fugt, st\u00f8v, rust, pletter og afblegning.\u00c2\u00a0<br \/>\n\u00c2\u00a0, Autoglym VINYL MAKE-UP &#8211; Vinyl &#038; Rubber Care &#8211; 500 ml..<\/p>\n","protected":false},"featured_media":3488,"comment_status":"closed","ping_status":"open","template":"","meta":{"_kad_post_transparent":"","_kad_post_title":"","_kad_post_layout":"","_kad_post_sidebar_id":"","_kad_post_content_style":"","_kad_post_vertical_padding":"","_kad_post_feature":"","_kad_post_feature_position":"","_kad_post_header":false,"_kad_post_footer":false},"product_cat":[3145,3152],"product_tag":[3147,3153,2988],"brand":[],"class_list":{"0":"post-3487","1":"product","2":"type-product","3":"status-publish","4":"has-post-thumbnail","6":"product_cat-bilpleje","7":"product_cat-indvendig-pleje","8":"product_tag-bilpleje","9":"product_tag-indvendig-pleje","10":"product_tag-los","12":"first","13":"instock","14":"product-type-external","15":"entry","16":"content-bg","17":"loop-entry"},"_links":{"self":[{"href":"https:\/\/bilshopping.dk\/index.php?rest_route=\/wp\/v2\/product\/3487","targetHints":{"allow":["GET"]}}],"collection":[{"href":"https:\/\/bilshopping.dk\/index.php?rest_route=\/wp\/v2\/product"}],"about":[{"href":"https:\/\/bilshopping.dk\/index.php?rest_route=\/wp\/v2\/types\/product"}],"replies":[{"embeddable":true,"href":"https:\/\/bilshopping.dk\/index.php?rest_route=%2Fwp%2Fv2%2Fcomments&post=3487"}],"wp:featuredmedia":[{"embeddable":true,"href":"https:\/\/bilshopping.dk\/index.php?rest_route=\/wp\/v2\/media\/3488"}],"wp:attachment":[{"href":"https:\/\/bilshopping.dk\/index.php?rest_route=%2Fwp%2Fv2%2Fmedia&parent=3487"}],"wp:term":[{"taxonomy":"product_cat","embeddable":true,"href":"https:\/\/bilshopping.dk\/index.php?rest_route=%2Fwp%2Fv2%2Fproduct_cat&post=3487"},{"taxonomy":"product_tag","embeddable":true,"href":"https:\/\/bilshopping.dk\/index.php?rest_route=%2Fwp%2Fv2%2Fproduct_tag&post=3487"},{"taxonomy":"brand","embeddable":true,"href":"https:\/\/bilshopping.dk\/index.php?rest_route=%2Fwp%2Fv2%2Fbrand&post=3487"}],"curies":[{"name":"wp","href":"https:\/\/api.w.org\/{rel}","templated":true}]}}