{"id":3493,"date":"2023-06-23T18:36:37","date_gmt":"2023-06-23T16:36:37","guid":{"rendered":"https:\/\/bilshopping.dk\/produkt\/autoglym-laederrens-leather-cleaner-500-ml\/"},"modified":"2023-06-23T18:36:58","modified_gmt":"2023-06-23T16:36:58","slug":"autoglym-laederrens-leather-cleaner-500-ml","status":"publish","type":"product","link":"https:\/\/bilshopping.dk\/?product=autoglym-laederrens-leather-cleaner-500-ml","title":{"rendered":"Autoglym L\u00c6DERRENS &#8211; Leather Cleaner &#8211; 500 ml."},"content":{"rendered":"<p>Produktid er <strong>113<\/strong> og <strong>5016366008081<\/strong><\/p>\n<h2>Anmeldelse af Autoglym L\u00c6DERRENS &#8211; Leather Cleaner &#8211; 500 ml.<\/h2>\n<p>Se om vi har en <a href=\"https:\/\/bilshopping.dk\/592\">anmeldelse af Autoglym L\u00c6DERRENS &#8211; Leather Cleaner &#8211; 500 ml.<\/a>.<\/p>\n","protected":false},"excerpt":{"rendered":"<p>Autoglym L\u00c6DERRENS &#8211; Leather Cleaner\u00c2\u00a0reng\u00f8r og opfrisker l\u00e6derindtr\u00e6k. I mods\u00e6tning til mange reng\u00f8ringsmidler, har Leather Cleaner en neutral PH-v\u00e6rdi og fjerner derfor ikke de vigtige olier i l\u00e6deret, som holder det smidigt og mindsker revne-dannelser., Autoglym L\u00c6DERRENS &#8211; Leather Cleaner &#8211; 500 ml..<\/p>\n","protected":false},"featured_media":3494,"comment_status":"closed","ping_status":"open","template":"","meta":{"_kad_post_transparent":"","_kad_post_title":"","_kad_post_layout":"","_kad_post_sidebar_id":"","_kad_post_content_style":"","_kad_post_vertical_padding":"","_kad_post_feature":"","_kad_post_feature_position":"","_kad_post_header":false,"_kad_post_footer":false},"product_cat":[3145,3152],"product_tag":[3147,3153,2988],"brand":[],"class_list":{"0":"post-3493","1":"product","2":"type-product","3":"status-publish","4":"has-post-thumbnail","6":"product_cat-bilpleje","7":"product_cat-indvendig-pleje","8":"product_tag-bilpleje","9":"product_tag-indvendig-pleje","10":"product_tag-los","12":"first","13":"instock","14":"sale","15":"product-type-external","16":"entry","17":"content-bg","18":"loop-entry"},"_links":{"self":[{"href":"https:\/\/bilshopping.dk\/index.php?rest_route=\/wp\/v2\/product\/3493","targetHints":{"allow":["GET"]}}],"collection":[{"href":"https:\/\/bilshopping.dk\/index.php?rest_route=\/wp\/v2\/product"}],"about":[{"href":"https:\/\/bilshopping.dk\/index.php?rest_route=\/wp\/v2\/types\/product"}],"replies":[{"embeddable":true,"href":"https:\/\/bilshopping.dk\/index.php?rest_route=%2Fwp%2Fv2%2Fcomments&post=3493"}],"wp:featuredmedia":[{"embeddable":true,"href":"https:\/\/bilshopping.dk\/index.php?rest_route=\/wp\/v2\/media\/3494"}],"wp:attachment":[{"href":"https:\/\/bilshopping.dk\/index.php?rest_route=%2Fwp%2Fv2%2Fmedia&parent=3493"}],"wp:term":[{"taxonomy":"product_cat","embeddable":true,"href":"https:\/\/bilshopping.dk\/index.php?rest_route=%2Fwp%2Fv2%2Fproduct_cat&post=3493"},{"taxonomy":"product_tag","embeddable":true,"href":"https:\/\/bilshopping.dk\/index.php?rest_route=%2Fwp%2Fv2%2Fproduct_tag&post=3493"},{"taxonomy":"brand","embeddable":true,"href":"https:\/\/bilshopping.dk\/index.php?rest_route=%2Fwp%2Fv2%2Fbrand&post=3493"}],"curies":[{"name":"wp","href":"https:\/\/api.w.org\/{rel}","templated":true}]}}