{"id":3507,"date":"2023-06-23T18:37:11","date_gmt":"2023-06-23T16:37:11","guid":{"rendered":"https:\/\/bilshopping.dk\/produkt\/autoglym-tjaerefjerner-intensive-tar-remover-no-21-20-ltr\/"},"modified":"2023-06-23T18:37:15","modified_gmt":"2023-06-23T16:37:15","slug":"autoglym-tjaerefjerner-intensive-tar-remover-no-21-20-ltr","status":"publish","type":"product","link":"https:\/\/bilshopping.dk\/?product=autoglym-tjaerefjerner-intensive-tar-remover-no-21-20-ltr","title":{"rendered":"Autoglym Tj\u00e6refjerner &#8211; Intensive Tar Remover No.21 20 ltr"},"content":{"rendered":"<p>Produktid er <strong>118-1526<\/strong> og <strong><\/strong><\/p>\n<h2>Anmeldelse af Autoglym Tj\u00e6refjerner &#8211; Intensive Tar Remover No.21 20 ltr<\/h2>\n<p>Se om vi har en <a href=\"https:\/\/bilshopping.dk\/592\">anmeldelse af Autoglym Tj\u00e6refjerner &#8211; Intensive Tar Remover No.21 20 ltr<\/a>.<\/p>\n","protected":false},"excerpt":{"rendered":"<p>Autoglym Tj\u00e6refjerner &#8211; Intensive Tar Remover No.21 opl\u00f8ser tj\u00e6re og asfalt p\u00e5 lak og plast, s\u00e5 pletterne kan t\u00f8rres af eller vaskes af i normal bilvask. Kan anvendes til at fjerne olie, fedt, silikone, voks, tyggegummi, harpiks, benzin &#8211;  og dieselplette, Autoglym Tj\u00e6refjerner &#8211; Intensive Tar Remover No.21 20 ltr.<\/p>\n","protected":false},"featured_media":3508,"comment_status":"closed","ping_status":"open","template":"","meta":{"_kad_post_transparent":"","_kad_post_title":"","_kad_post_layout":"","_kad_post_sidebar_id":"","_kad_post_content_style":"","_kad_post_vertical_padding":"","_kad_post_feature":"","_kad_post_feature_position":"","_kad_post_header":false,"_kad_post_footer":false},"product_cat":[3145,3154],"product_tag":[3147,2988,3155],"brand":[],"class_list":{"0":"post-3507","1":"product","2":"type-product","3":"status-publish","4":"has-post-thumbnail","6":"product_cat-bilpleje","7":"product_cat-udvendig-pleje","8":"product_tag-bilpleje","9":"product_tag-los","10":"product_tag-udvendig-pleje","12":"first","13":"instock","14":"sale","15":"product-type-external","16":"entry","17":"content-bg","18":"loop-entry"},"_links":{"self":[{"href":"https:\/\/bilshopping.dk\/index.php?rest_route=\/wp\/v2\/product\/3507","targetHints":{"allow":["GET"]}}],"collection":[{"href":"https:\/\/bilshopping.dk\/index.php?rest_route=\/wp\/v2\/product"}],"about":[{"href":"https:\/\/bilshopping.dk\/index.php?rest_route=\/wp\/v2\/types\/product"}],"replies":[{"embeddable":true,"href":"https:\/\/bilshopping.dk\/index.php?rest_route=%2Fwp%2Fv2%2Fcomments&post=3507"}],"wp:featuredmedia":[{"embeddable":true,"href":"https:\/\/bilshopping.dk\/index.php?rest_route=\/wp\/v2\/media\/3508"}],"wp:attachment":[{"href":"https:\/\/bilshopping.dk\/index.php?rest_route=%2Fwp%2Fv2%2Fmedia&parent=3507"}],"wp:term":[{"taxonomy":"product_cat","embeddable":true,"href":"https:\/\/bilshopping.dk\/index.php?rest_route=%2Fwp%2Fv2%2Fproduct_cat&post=3507"},{"taxonomy":"product_tag","embeddable":true,"href":"https:\/\/bilshopping.dk\/index.php?rest_route=%2Fwp%2Fv2%2Fproduct_tag&post=3507"},{"taxonomy":"brand","embeddable":true,"href":"https:\/\/bilshopping.dk\/index.php?rest_route=%2Fwp%2Fv2%2Fbrand&post=3507"}],"curies":[{"name":"wp","href":"https:\/\/api.w.org\/{rel}","templated":true}]}}