{"id":3521,"date":"2023-06-23T18:37:11","date_gmt":"2023-06-23T16:37:11","guid":{"rendered":"https:\/\/bilshopping.dk\/produkt\/autoglym-faelgrenssyrefri-custom-wheel-cleaner-500-ml\/"},"modified":"2023-06-23T18:37:39","modified_gmt":"2023-06-23T16:37:39","slug":"autoglym-faelgrenssyrefri-custom-wheel-cleaner-500-ml","status":"publish","type":"product","link":"https:\/\/bilshopping.dk\/?product=autoglym-faelgrenssyrefri-custom-wheel-cleaner-500-ml","title":{"rendered":"Autoglym F\u00c6LGRENSSYREFRI &#8211; Custom Wheel Cleaner &#8211; 500 ml."},"content":{"rendered":"<p>Produktid er <strong>125<\/strong> og <strong>5016366007077<\/strong><\/p>\n<h2>Anmeldelse af Autoglym F\u00c6LGRENSSYREFRI &#8211; Custom Wheel Cleaner &#8211; 500 ml.<\/h2>\n<p>Se om vi har en <a href=\"https:\/\/bilshopping.dk\/592\">anmeldelse af Autoglym F\u00c6LGRENSSYREFRI &#8211; Custom Wheel Cleaner &#8211; 500 ml.<\/a>.<\/p>\n","protected":false},"excerpt":{"rendered":"<p>Autoglym F\u00c6LGRENS\u00e2\u0080\u0094SYREFRI &#8211; Custom Wheel Cleaner er en effektiv, syrefri og ikke-\u00e6tsende f\u00e6lgrens. Specielt udviklet til hurtigt at opl\u00f8se bremsest\u00f8v, rust og metalpartikler fra kromf\u00e6lge, poleret aluminium og anodiserede f\u00e6lge .\u00c2\u00a0Skader ikke f\u00e6lge, bol, Autoglym F\u00c6LGRENSSYREFRI &#8211; Custom Wheel Cleaner &#8211; 500 ml..<\/p>\n","protected":false},"featured_media":3522,"comment_status":"closed","ping_status":"open","template":"","meta":{"_kad_post_transparent":"","_kad_post_title":"","_kad_post_layout":"","_kad_post_sidebar_id":"","_kad_post_content_style":"","_kad_post_vertical_padding":"","_kad_post_feature":"","_kad_post_feature_position":"","_kad_post_header":false,"_kad_post_footer":false},"product_cat":[3145,3158],"product_tag":[3147,3159,2988],"brand":[],"class_list":{"0":"post-3521","1":"product","2":"type-product","3":"status-publish","4":"has-post-thumbnail","6":"product_cat-bilpleje","7":"product_cat-daek-faelg-pleje","8":"product_tag-bilpleje","9":"product_tag-daek-faelg-pleje","10":"product_tag-los","12":"first","13":"instock","14":"sale","15":"product-type-external","16":"entry","17":"content-bg","18":"loop-entry"},"_links":{"self":[{"href":"https:\/\/bilshopping.dk\/index.php?rest_route=\/wp\/v2\/product\/3521","targetHints":{"allow":["GET"]}}],"collection":[{"href":"https:\/\/bilshopping.dk\/index.php?rest_route=\/wp\/v2\/product"}],"about":[{"href":"https:\/\/bilshopping.dk\/index.php?rest_route=\/wp\/v2\/types\/product"}],"replies":[{"embeddable":true,"href":"https:\/\/bilshopping.dk\/index.php?rest_route=%2Fwp%2Fv2%2Fcomments&post=3521"}],"wp:featuredmedia":[{"embeddable":true,"href":"https:\/\/bilshopping.dk\/index.php?rest_route=\/wp\/v2\/media\/3522"}],"wp:attachment":[{"href":"https:\/\/bilshopping.dk\/index.php?rest_route=%2Fwp%2Fv2%2Fmedia&parent=3521"}],"wp:term":[{"taxonomy":"product_cat","embeddable":true,"href":"https:\/\/bilshopping.dk\/index.php?rest_route=%2Fwp%2Fv2%2Fproduct_cat&post=3521"},{"taxonomy":"product_tag","embeddable":true,"href":"https:\/\/bilshopping.dk\/index.php?rest_route=%2Fwp%2Fv2%2Fproduct_tag&post=3521"},{"taxonomy":"brand","embeddable":true,"href":"https:\/\/bilshopping.dk\/index.php?rest_route=%2Fwp%2Fv2%2Fbrand&post=3521"}],"curies":[{"name":"wp","href":"https:\/\/api.w.org\/{rel}","templated":true}]}}