{"id":3541,"date":"2023-06-23T18:37:50","date_gmt":"2023-06-23T16:37:50","guid":{"rendered":"https:\/\/bilshopping.dk\/produkt\/autoglym-polerklud-microfiber\/"},"modified":"2023-06-23T18:37:50","modified_gmt":"2023-06-23T16:37:50","slug":"autoglym-polerklud-microfiber","status":"publish","type":"product","link":"https:\/\/bilshopping.dk\/?product=autoglym-polerklud-microfiber","title":{"rendered":"Autoglym Polerklud &#8211; Microfiber"},"content":{"rendered":"<p>Produktid er <strong>141<\/strong> og <strong>5016366560008<\/strong><\/p>\n<h2>Anmeldelse af Autoglym Polerklud &#8211; Microfiber<\/h2>\n<p>Se om vi har en <a href=\"https:\/\/bilshopping.dk\/592\">anmeldelse af Autoglym Polerklud &#8211; Microfiber<\/a>.<\/p>\n","protected":false},"excerpt":{"rendered":"<p>Autoglym Polerklud &#8211; Microfiber -\u00c2\u00a0Hi-Tech Finishing Cloth.\u00c2\u00a0Den unikke konstruktion af fibermaterialet, giver de bedste betingelser for at opn\u00e5 et perfekt resultat uden ridser, ved polering af specielt m\u00f8rk og sort lak.\u00c2\u00a0<br \/>\n\u00c2\u00a0, Autoglym Polerklud &#8211; Microfiber.<\/p>\n","protected":false},"featured_media":3542,"comment_status":"closed","ping_status":"open","template":"","meta":{"_kad_post_transparent":"","_kad_post_title":"","_kad_post_layout":"","_kad_post_sidebar_id":"","_kad_post_content_style":"","_kad_post_vertical_padding":"","_kad_post_feature":"","_kad_post_feature_position":"","_kad_post_header":false,"_kad_post_footer":false},"product_cat":[3145,3160],"product_tag":[3147,2988,3161],"brand":[],"class_list":{"0":"post-3541","1":"product","2":"type-product","3":"status-publish","4":"has-post-thumbnail","6":"product_cat-bilpleje","7":"product_cat-tilbehoer","8":"product_tag-bilpleje","9":"product_tag-los","10":"product_tag-tilbehoer","12":"first","13":"instock","14":"sale","15":"product-type-external","16":"entry","17":"content-bg","18":"loop-entry"},"_links":{"self":[{"href":"https:\/\/bilshopping.dk\/index.php?rest_route=\/wp\/v2\/product\/3541","targetHints":{"allow":["GET"]}}],"collection":[{"href":"https:\/\/bilshopping.dk\/index.php?rest_route=\/wp\/v2\/product"}],"about":[{"href":"https:\/\/bilshopping.dk\/index.php?rest_route=\/wp\/v2\/types\/product"}],"replies":[{"embeddable":true,"href":"https:\/\/bilshopping.dk\/index.php?rest_route=%2Fwp%2Fv2%2Fcomments&post=3541"}],"wp:featuredmedia":[{"embeddable":true,"href":"https:\/\/bilshopping.dk\/index.php?rest_route=\/wp\/v2\/media\/3542"}],"wp:attachment":[{"href":"https:\/\/bilshopping.dk\/index.php?rest_route=%2Fwp%2Fv2%2Fmedia&parent=3541"}],"wp:term":[{"taxonomy":"product_cat","embeddable":true,"href":"https:\/\/bilshopping.dk\/index.php?rest_route=%2Fwp%2Fv2%2Fproduct_cat&post=3541"},{"taxonomy":"product_tag","embeddable":true,"href":"https:\/\/bilshopping.dk\/index.php?rest_route=%2Fwp%2Fv2%2Fproduct_tag&post=3541"},{"taxonomy":"brand","embeddable":true,"href":"https:\/\/bilshopping.dk\/index.php?rest_route=%2Fwp%2Fv2%2Fbrand&post=3541"}],"curies":[{"name":"wp","href":"https:\/\/api.w.org\/{rel}","templated":true}]}}