{"id":3543,"date":"2023-06-23T18:37:50","date_gmt":"2023-06-23T16:37:50","guid":{"rendered":"https:\/\/bilshopping.dk\/produkt\/autoglym-paafoeringssvamp-perfect-polish-applicator\/"},"modified":"2023-06-23T18:37:53","modified_gmt":"2023-06-23T16:37:53","slug":"autoglym-paafoeringssvamp-perfect-polish-applicator","status":"publish","type":"product","link":"https:\/\/bilshopping.dk\/?product=autoglym-paafoeringssvamp-perfect-polish-applicator","title":{"rendered":"Autoglym P\u00e5f\u00f8ringssvamp &#8211; Perfect Polish Applicator"},"content":{"rendered":"<p>Produktid er <strong>143<\/strong> og <strong>5016366100006<\/strong><\/p>\n<h2>Anmeldelse af Autoglym P\u00e5f\u00f8ringssvamp &#8211; Perfect Polish Applicator<\/h2>\n<p>Se om vi har en <a href=\"https:\/\/bilshopping.dk\/592\">anmeldelse af Autoglym P\u00e5f\u00f8ringssvamp &#8211; Perfect Polish Applicator<\/a>.<\/p>\n","protected":false},"excerpt":{"rendered":"<p>Autoglym P\u00e5f\u00f8ringssvamp -\u00c2\u00a0Perfect Polish Applicator er\u00c2\u00a0designet med lige og afrundede kanter, som g\u00f8r p\u00e5f\u00f8ring af polermidler op mod lister og kanter endnu nemmere.\u00c2\u00a0<br \/>\n\u00c2\u00a0, Autoglym P\u00e5f\u00f8ringssvamp &#8211; Perfect Polish Applicator.<\/p>\n","protected":false},"featured_media":3544,"comment_status":"closed","ping_status":"open","template":"","meta":{"_kad_post_transparent":"","_kad_post_title":"","_kad_post_layout":"","_kad_post_sidebar_id":"","_kad_post_content_style":"","_kad_post_vertical_padding":"","_kad_post_feature":"","_kad_post_feature_position":"","_kad_post_header":false,"_kad_post_footer":false},"product_cat":[3145,3160],"product_tag":[3147,2988,3161],"brand":[],"class_list":{"0":"post-3543","1":"product","2":"type-product","3":"status-publish","4":"has-post-thumbnail","6":"product_cat-bilpleje","7":"product_cat-tilbehoer","8":"product_tag-bilpleje","9":"product_tag-los","10":"product_tag-tilbehoer","12":"first","13":"instock","14":"product-type-external","15":"entry","16":"content-bg","17":"loop-entry"},"_links":{"self":[{"href":"https:\/\/bilshopping.dk\/index.php?rest_route=\/wp\/v2\/product\/3543","targetHints":{"allow":["GET"]}}],"collection":[{"href":"https:\/\/bilshopping.dk\/index.php?rest_route=\/wp\/v2\/product"}],"about":[{"href":"https:\/\/bilshopping.dk\/index.php?rest_route=\/wp\/v2\/types\/product"}],"replies":[{"embeddable":true,"href":"https:\/\/bilshopping.dk\/index.php?rest_route=%2Fwp%2Fv2%2Fcomments&post=3543"}],"wp:featuredmedia":[{"embeddable":true,"href":"https:\/\/bilshopping.dk\/index.php?rest_route=\/wp\/v2\/media\/3544"}],"wp:attachment":[{"href":"https:\/\/bilshopping.dk\/index.php?rest_route=%2Fwp%2Fv2%2Fmedia&parent=3543"}],"wp:term":[{"taxonomy":"product_cat","embeddable":true,"href":"https:\/\/bilshopping.dk\/index.php?rest_route=%2Fwp%2Fv2%2Fproduct_cat&post=3543"},{"taxonomy":"product_tag","embeddable":true,"href":"https:\/\/bilshopping.dk\/index.php?rest_route=%2Fwp%2Fv2%2Fproduct_tag&post=3543"},{"taxonomy":"brand","embeddable":true,"href":"https:\/\/bilshopping.dk\/index.php?rest_route=%2Fwp%2Fv2%2Fbrand&post=3543"}],"curies":[{"name":"wp","href":"https:\/\/api.w.org\/{rel}","templated":true}]}}