{"id":3551,"date":"2023-06-23T18:37:50","date_gmt":"2023-06-23T16:37:50","guid":{"rendered":"https:\/\/bilshopping.dk\/produkt\/autoglym-vandskraber-hydra-flexi-blade\/"},"modified":"2023-06-23T18:38:03","modified_gmt":"2023-06-23T16:38:03","slug":"autoglym-vandskraber-hydra-flexi-blade","status":"publish","type":"product","link":"https:\/\/bilshopping.dk\/?product=autoglym-vandskraber-hydra-flexi-blade","title":{"rendered":"Autoglym Vandskraber &#8211; Hydra Flexi Blade"},"content":{"rendered":"<p>Produktid er <strong>147<\/strong> og <strong>5016366260007<\/strong><\/p>\n<h2>Anmeldelse af Autoglym Vandskraber &#8211; Hydra Flexi Blade<\/h2>\n<p>Se om vi har en <a href=\"https:\/\/bilshopping.dk\/592\">anmeldelse af Autoglym Vandskraber &#8211; Hydra Flexi Blade<\/a>.<\/p>\n","protected":false},"excerpt":{"rendered":"<p>Autoglym Vandskraber -\u00c2\u00a0Hydra Flexi Blade.\u00c2\u00a0Gummiskraber med utrolig fleksibilitet og patenteret aft\u00f8rringsdesign. Fjerner op mod 80% af vandet efter vask og reducerer derfor t\u00f8rretiden og mindsker brugen af vaskeskind.\u00c2\u00a0<br \/>\n\u00c2\u00a0, Autoglym Vandskraber &#8211; Hydra Flexi Blade.<\/p>\n","protected":false},"featured_media":3552,"comment_status":"closed","ping_status":"open","template":"","meta":{"_kad_post_transparent":"","_kad_post_title":"","_kad_post_layout":"","_kad_post_sidebar_id":"","_kad_post_content_style":"","_kad_post_vertical_padding":"","_kad_post_feature":"","_kad_post_feature_position":"","_kad_post_header":false,"_kad_post_footer":false},"product_cat":[3145,3160],"product_tag":[3147,2988,3161],"brand":[],"class_list":{"0":"post-3551","1":"product","2":"type-product","3":"status-publish","4":"has-post-thumbnail","6":"product_cat-bilpleje","7":"product_cat-tilbehoer","8":"product_tag-bilpleje","9":"product_tag-los","10":"product_tag-tilbehoer","12":"first","13":"instock","14":"sale","15":"product-type-external","16":"entry","17":"content-bg","18":"loop-entry"},"_links":{"self":[{"href":"https:\/\/bilshopping.dk\/index.php?rest_route=\/wp\/v2\/product\/3551","targetHints":{"allow":["GET"]}}],"collection":[{"href":"https:\/\/bilshopping.dk\/index.php?rest_route=\/wp\/v2\/product"}],"about":[{"href":"https:\/\/bilshopping.dk\/index.php?rest_route=\/wp\/v2\/types\/product"}],"replies":[{"embeddable":true,"href":"https:\/\/bilshopping.dk\/index.php?rest_route=%2Fwp%2Fv2%2Fcomments&post=3551"}],"wp:featuredmedia":[{"embeddable":true,"href":"https:\/\/bilshopping.dk\/index.php?rest_route=\/wp\/v2\/media\/3552"}],"wp:attachment":[{"href":"https:\/\/bilshopping.dk\/index.php?rest_route=%2Fwp%2Fv2%2Fmedia&parent=3551"}],"wp:term":[{"taxonomy":"product_cat","embeddable":true,"href":"https:\/\/bilshopping.dk\/index.php?rest_route=%2Fwp%2Fv2%2Fproduct_cat&post=3551"},{"taxonomy":"product_tag","embeddable":true,"href":"https:\/\/bilshopping.dk\/index.php?rest_route=%2Fwp%2Fv2%2Fproduct_tag&post=3551"},{"taxonomy":"brand","embeddable":true,"href":"https:\/\/bilshopping.dk\/index.php?rest_route=%2Fwp%2Fv2%2Fbrand&post=3551"}],"curies":[{"name":"wp","href":"https:\/\/api.w.org\/{rel}","templated":true}]}}