{"id":3559,"date":"2023-06-23T18:37:50","date_gmt":"2023-06-23T16:37:50","guid":{"rendered":"https:\/\/bilshopping.dk\/produkt\/alpine-tmx-310u-102-skaerm-om-med-usb-medie-player\/"},"modified":"2023-06-23T18:38:07","modified_gmt":"2023-06-23T16:38:07","slug":"alpine-tmx-310u-102-skaerm-om-med-usb-medie-player","status":"publish","type":"product","link":"https:\/\/bilshopping.dk\/?product=alpine-tmx-310u-102-skaerm-om-med-usb-medie-player","title":{"rendered":"Alpine TMX-310U 10,2&#8243; sk\u00e6rm OM med USB Medie Player"},"content":{"rendered":"<p>Produktid er <strong>197<\/strong> og <strong>4958043543786<\/strong><\/p>\n<h2>Anmeldelse af Alpine TMX-310U 10,2&#8243; sk\u00e6rm OM med USB Medie Player<\/h2>\n<p>Se om vi har en <a href=\"https:\/\/bilshopping.dk\/592\">anmeldelse af Alpine TMX-310U 10,2&#8243; sk\u00e6rm OM med USB Medie Player<\/a>.<\/p>\n","protected":false},"excerpt":{"rendered":"<p>Alpine TMX-310U 10,2&#8243; sk\u00e6rm OM med USB Medie Player.\u00c2\u00a010,2&#8243; loftsk\u00e6rm med 2 USB-porte og 1 SD-kort indgang. Ultraskarp billedopl\u00f8sning (1,15 mill. pixels, markedets h\u00f8jeste).2 stk. AV-indgange og 1 AV-udgang.\u00c2\u00a0Forberedt for tr\u00e5dl\u00f8se hovedtelefoner (s\u00e6lges, Alpine TMX-310U 10,2&#8243; sk\u00e6rm OM med USB Medie Player.<\/p>\n","protected":false},"featured_media":3560,"comment_status":"closed","ping_status":"open","template":"","meta":{"_kad_post_transparent":"","_kad_post_title":"","_kad_post_layout":"","_kad_post_sidebar_id":"","_kad_post_content_style":"","_kad_post_vertical_padding":"","_kad_post_feature":"","_kad_post_feature_position":"","_kad_post_header":false,"_kad_post_footer":false},"product_cat":[3162,3167,3166],"product_tag":[3164,3169,2988,3168],"brand":[],"class_list":{"0":"post-3559","1":"product","2":"type-product","3":"status-publish","4":"has-post-thumbnail","6":"product_cat-bilstereo","7":"product_cat-loftskaerme","8":"product_cat-multimedie","9":"product_tag-bilstereo","10":"product_tag-loftskaerme","11":"product_tag-los","12":"product_tag-multimedie","14":"first","15":"instock","16":"sale","17":"product-type-external","18":"entry","19":"content-bg","20":"loop-entry"},"_links":{"self":[{"href":"https:\/\/bilshopping.dk\/index.php?rest_route=\/wp\/v2\/product\/3559","targetHints":{"allow":["GET"]}}],"collection":[{"href":"https:\/\/bilshopping.dk\/index.php?rest_route=\/wp\/v2\/product"}],"about":[{"href":"https:\/\/bilshopping.dk\/index.php?rest_route=\/wp\/v2\/types\/product"}],"replies":[{"embeddable":true,"href":"https:\/\/bilshopping.dk\/index.php?rest_route=%2Fwp%2Fv2%2Fcomments&post=3559"}],"wp:featuredmedia":[{"embeddable":true,"href":"https:\/\/bilshopping.dk\/index.php?rest_route=\/wp\/v2\/media\/3560"}],"wp:attachment":[{"href":"https:\/\/bilshopping.dk\/index.php?rest_route=%2Fwp%2Fv2%2Fmedia&parent=3559"}],"wp:term":[{"taxonomy":"product_cat","embeddable":true,"href":"https:\/\/bilshopping.dk\/index.php?rest_route=%2Fwp%2Fv2%2Fproduct_cat&post=3559"},{"taxonomy":"product_tag","embeddable":true,"href":"https:\/\/bilshopping.dk\/index.php?rest_route=%2Fwp%2Fv2%2Fproduct_tag&post=3559"},{"taxonomy":"brand","embeddable":true,"href":"https:\/\/bilshopping.dk\/index.php?rest_route=%2Fwp%2Fv2%2Fbrand&post=3559"}],"curies":[{"name":"wp","href":"https:\/\/api.w.org\/{rel}","templated":true}]}}