{"id":3565,"date":"2023-06-23T18:37:50","date_gmt":"2023-06-23T16:37:50","guid":{"rendered":"https:\/\/bilshopping.dk\/produkt\/alpine-tme-m680-58-monitorskaerm\/"},"modified":"2023-06-23T18:38:12","modified_gmt":"2023-06-23T16:38:12","slug":"alpine-tme-m680-58-monitorskaerm","status":"publish","type":"product","link":"https:\/\/bilshopping.dk\/?product=alpine-tme-m680-58-monitorskaerm","title":{"rendered":"Alpine TME-M680 5,8&#8243; Monitorsk\u00e6rm"},"content":{"rendered":"<p>Produktid er <strong>201<\/strong> og <strong>4958043527113<\/strong><\/p>\n<h2>Anmeldelse af Alpine TME-M680 5,8&#8243; Monitorsk\u00e6rm<\/h2>\n<p>Se om vi har en <a href=\"https:\/\/bilshopping.dk\/592\">anmeldelse af Alpine TME-M680 5,8&#8243; Monitorsk\u00e6rm<\/a>.<\/p>\n","protected":false},"excerpt":{"rendered":"<p>Alpine TME-M680 5,8&#8243; Monitorsk\u00e6rm.\u00c2\u00a0Alpine vil indfri dine forventninger, n\u00e5r kravet er optimal billede og lydkvalitet uanset om programkilden ertv, spil,DVD m.m.5,8&#8243; monitorsk\u00e6rm. Ideel sk\u00e6rm til f.eks. Montering i nakkest\u00f8tte. Infrar\u00f8d sender til tr\u00e5dl\u00f8, Alpine TME-M680 5,8&#8243; Monitorsk\u00e6rm.<\/p>\n","protected":false},"featured_media":3566,"comment_status":"closed","ping_status":"open","template":"","meta":{"_kad_post_transparent":"","_kad_post_title":"","_kad_post_layout":"","_kad_post_sidebar_id":"","_kad_post_content_style":"","_kad_post_vertical_padding":"","_kad_post_feature":"","_kad_post_feature_position":"","_kad_post_header":false,"_kad_post_footer":false},"product_cat":[3162,3170,3166],"product_tag":[3164,2988,3171,3168],"brand":[],"class_list":{"0":"post-3565","1":"product","2":"type-product","3":"status-publish","4":"has-post-thumbnail","6":"product_cat-bilstereo","7":"product_cat-monitorskaerme","8":"product_cat-multimedie","9":"product_tag-bilstereo","10":"product_tag-los","11":"product_tag-monitorskaerme","12":"product_tag-multimedie","14":"first","15":"instock","16":"sale","17":"product-type-external","18":"entry","19":"content-bg","20":"loop-entry"},"_links":{"self":[{"href":"https:\/\/bilshopping.dk\/index.php?rest_route=\/wp\/v2\/product\/3565","targetHints":{"allow":["GET"]}}],"collection":[{"href":"https:\/\/bilshopping.dk\/index.php?rest_route=\/wp\/v2\/product"}],"about":[{"href":"https:\/\/bilshopping.dk\/index.php?rest_route=\/wp\/v2\/types\/product"}],"replies":[{"embeddable":true,"href":"https:\/\/bilshopping.dk\/index.php?rest_route=%2Fwp%2Fv2%2Fcomments&post=3565"}],"wp:featuredmedia":[{"embeddable":true,"href":"https:\/\/bilshopping.dk\/index.php?rest_route=\/wp\/v2\/media\/3566"}],"wp:attachment":[{"href":"https:\/\/bilshopping.dk\/index.php?rest_route=%2Fwp%2Fv2%2Fmedia&parent=3565"}],"wp:term":[{"taxonomy":"product_cat","embeddable":true,"href":"https:\/\/bilshopping.dk\/index.php?rest_route=%2Fwp%2Fv2%2Fproduct_cat&post=3565"},{"taxonomy":"product_tag","embeddable":true,"href":"https:\/\/bilshopping.dk\/index.php?rest_route=%2Fwp%2Fv2%2Fproduct_tag&post=3565"},{"taxonomy":"brand","embeddable":true,"href":"https:\/\/bilshopping.dk\/index.php?rest_route=%2Fwp%2Fv2%2Fbrand&post=3565"}],"curies":[{"name":"wp","href":"https:\/\/api.w.org\/{rel}","templated":true}]}}