{"id":3577,"date":"2023-06-23T18:37:50","date_gmt":"2023-06-23T16:37:50","guid":{"rendered":"https:\/\/bilshopping.dk\/produkt\/alpine-bbx-t600-2-kanal-forstaerker\/"},"modified":"2023-06-23T18:38:17","modified_gmt":"2023-06-23T16:38:17","slug":"alpine-bbx-t600-2-kanal-forstaerker","status":"publish","type":"product","link":"https:\/\/bilshopping.dk\/?product=alpine-bbx-t600-2-kanal-forstaerker","title":{"rendered":"Alpine BBX-T600 2 Kanal Forst\u00e6rker"},"content":{"rendered":"<p>Produktid er <strong>235<\/strong> og <strong>4958043544295<\/strong><\/p>\n<h2>Anmeldelse af Alpine BBX-T600 2 Kanal Forst\u00e6rker<\/h2>\n<p>Se om vi har en <a href=\"https:\/\/bilshopping.dk\/592\">anmeldelse af Alpine BBX-T600 2 Kanal Forst\u00e6rker<\/a>.<\/p>\n","protected":false},"excerpt":{"rendered":"<p>Alpine BBX-T600 2 Kanal Forst\u00e6rker er en\u00c2\u00a0velspillende 2\/1-kanals forst\u00e6rker p\u00e5 2 x 150 watt max. (2 x 50 watt RMS) eller 1 x 300 watt max. (1 x 130 watt RMS).\u00c2\u00a0Brokobling til \u00e9n kanal bruges til drift af subwoofer. Forst\u00e6rkeren, som er med mos-fet str\u00f8mf, Alpine BBX-T600 2 Kanal Forst\u00e6rker.<\/p>\n","protected":false},"featured_media":3578,"comment_status":"closed","ping_status":"open","template":"","meta":{"_kad_post_transparent":"","_kad_post_title":"","_kad_post_layout":"","_kad_post_sidebar_id":"","_kad_post_content_style":"","_kad_post_vertical_padding":"","_kad_post_feature":"","_kad_post_feature_position":"","_kad_post_header":false,"_kad_post_footer":false},"product_cat":[3162,3176],"product_tag":[3164,3177,2988],"brand":[],"class_list":{"0":"post-3577","1":"product","2":"type-product","3":"status-publish","4":"has-post-thumbnail","6":"product_cat-bilstereo","7":"product_cat-forstaerkere","8":"product_tag-bilstereo","9":"product_tag-forstaerkere","10":"product_tag-los","12":"first","13":"instock","14":"sale","15":"product-type-external","16":"entry","17":"content-bg","18":"loop-entry"},"_links":{"self":[{"href":"https:\/\/bilshopping.dk\/index.php?rest_route=\/wp\/v2\/product\/3577","targetHints":{"allow":["GET"]}}],"collection":[{"href":"https:\/\/bilshopping.dk\/index.php?rest_route=\/wp\/v2\/product"}],"about":[{"href":"https:\/\/bilshopping.dk\/index.php?rest_route=\/wp\/v2\/types\/product"}],"replies":[{"embeddable":true,"href":"https:\/\/bilshopping.dk\/index.php?rest_route=%2Fwp%2Fv2%2Fcomments&post=3577"}],"wp:featuredmedia":[{"embeddable":true,"href":"https:\/\/bilshopping.dk\/index.php?rest_route=\/wp\/v2\/media\/3578"}],"wp:attachment":[{"href":"https:\/\/bilshopping.dk\/index.php?rest_route=%2Fwp%2Fv2%2Fmedia&parent=3577"}],"wp:term":[{"taxonomy":"product_cat","embeddable":true,"href":"https:\/\/bilshopping.dk\/index.php?rest_route=%2Fwp%2Fv2%2Fproduct_cat&post=3577"},{"taxonomy":"product_tag","embeddable":true,"href":"https:\/\/bilshopping.dk\/index.php?rest_route=%2Fwp%2Fv2%2Fproduct_tag&post=3577"},{"taxonomy":"brand","embeddable":true,"href":"https:\/\/bilshopping.dk\/index.php?rest_route=%2Fwp%2Fv2%2Fbrand&post=3577"}],"curies":[{"name":"wp","href":"https:\/\/api.w.org\/{rel}","templated":true}]}}