{"id":3579,"date":"2023-06-23T18:37:50","date_gmt":"2023-06-23T16:37:50","guid":{"rendered":"https:\/\/bilshopping.dk\/produkt\/alpine-bbx-f1200-4-kanal-forstaerker\/"},"modified":"2023-06-23T18:38:18","modified_gmt":"2023-06-23T16:38:18","slug":"alpine-bbx-f1200-4-kanal-forstaerker","status":"publish","type":"product","link":"https:\/\/bilshopping.dk\/?product=alpine-bbx-f1200-4-kanal-forstaerker","title":{"rendered":"Alpine BBX-F1200 4 Kanal Forst\u00e6rker"},"content":{"rendered":"<p>Produktid er <strong>236<\/strong> og <strong>4958043544301<\/strong><\/p>\n<h2>Anmeldelse af Alpine BBX-F1200 4 Kanal Forst\u00e6rker<\/h2>\n<p>Se om vi har en <a href=\"https:\/\/bilshopping.dk\/592\">anmeldelse af Alpine BBX-F1200 4 Kanal Forst\u00e6rker<\/a>.<\/p>\n","protected":false},"excerpt":{"rendered":"<p>Alpine BBX-F1200 4 Kanal Forst\u00e6rker er en velspillende 4\/3\/2-kanals forst\u00e6rker p\u00e5 4 x 150 watt max. (4 x 50 watt RMS). Forst\u00e6rkeren kan kobles til at tr\u00e6kke 4 h\u00f8jttalere, 2 h\u00f8jttalere eller 2 h\u00f8jttalere og en subwoofer.Forst\u00e6rkeren, som er med mos-fet str, Alpine BBX-F1200 4 Kanal Forst\u00e6rker.<\/p>\n","protected":false},"featured_media":3580,"comment_status":"closed","ping_status":"open","template":"","meta":{"_kad_post_transparent":"","_kad_post_title":"","_kad_post_layout":"","_kad_post_sidebar_id":"","_kad_post_content_style":"","_kad_post_vertical_padding":"","_kad_post_feature":"","_kad_post_feature_position":"","_kad_post_header":false,"_kad_post_footer":false},"product_cat":[3162,3176],"product_tag":[3164,3177,2988],"brand":[],"class_list":{"0":"post-3579","1":"product","2":"type-product","3":"status-publish","4":"has-post-thumbnail","6":"product_cat-bilstereo","7":"product_cat-forstaerkere","8":"product_tag-bilstereo","9":"product_tag-forstaerkere","10":"product_tag-los","12":"first","13":"instock","14":"sale","15":"product-type-external","16":"entry","17":"content-bg","18":"loop-entry"},"_links":{"self":[{"href":"https:\/\/bilshopping.dk\/index.php?rest_route=\/wp\/v2\/product\/3579","targetHints":{"allow":["GET"]}}],"collection":[{"href":"https:\/\/bilshopping.dk\/index.php?rest_route=\/wp\/v2\/product"}],"about":[{"href":"https:\/\/bilshopping.dk\/index.php?rest_route=\/wp\/v2\/types\/product"}],"replies":[{"embeddable":true,"href":"https:\/\/bilshopping.dk\/index.php?rest_route=%2Fwp%2Fv2%2Fcomments&post=3579"}],"wp:featuredmedia":[{"embeddable":true,"href":"https:\/\/bilshopping.dk\/index.php?rest_route=\/wp\/v2\/media\/3580"}],"wp:attachment":[{"href":"https:\/\/bilshopping.dk\/index.php?rest_route=%2Fwp%2Fv2%2Fmedia&parent=3579"}],"wp:term":[{"taxonomy":"product_cat","embeddable":true,"href":"https:\/\/bilshopping.dk\/index.php?rest_route=%2Fwp%2Fv2%2Fproduct_cat&post=3579"},{"taxonomy":"product_tag","embeddable":true,"href":"https:\/\/bilshopping.dk\/index.php?rest_route=%2Fwp%2Fv2%2Fproduct_tag&post=3579"},{"taxonomy":"brand","embeddable":true,"href":"https:\/\/bilshopping.dk\/index.php?rest_route=%2Fwp%2Fv2%2Fbrand&post=3579"}],"curies":[{"name":"wp","href":"https:\/\/api.w.org\/{rel}","templated":true}]}}