{"id":3587,"date":"2023-06-23T18:38:20","date_gmt":"2023-06-23T16:38:20","guid":{"rendered":"https:\/\/bilshopping.dk\/produkt\/alpine-swe-815-8-aktiv-subwoofer-150w\/"},"modified":"2023-06-23T18:38:24","modified_gmt":"2023-06-23T16:38:24","slug":"alpine-swe-815-8-aktiv-subwoofer-150w","status":"publish","type":"product","link":"https:\/\/bilshopping.dk\/?product=alpine-swe-815-8-aktiv-subwoofer-150w","title":{"rendered":"Alpine SWE-815 8&#8243; Aktiv Subwoofer 150W"},"content":{"rendered":"<p>Produktid er <strong>252<\/strong> og <strong>4958043541928<\/strong><\/p>\n<h2>Anmeldelse af Alpine SWE-815 8&#8243; Aktiv Subwoofer 150W<\/h2>\n<p>Se om vi har en <a href=\"https:\/\/bilshopping.dk\/592\">anmeldelse af Alpine SWE-815 8&#8243; Aktiv Subwoofer 150W<\/a>.<\/p>\n","protected":false},"excerpt":{"rendered":"<p>Alpine SWE-815 8&#8243; Aktiv Subwoofer 150W\u00c2\u00a0i kabinet med indbygget forst\u00e6rker p\u00e5 150W. S\u00e6rdeles velspillende 8&#8243; subwoofer\u00c2\u00a0beregnet\u00c2\u00a0til installation i bilens bagagerum.Fjernbetjening for niveau, frekvens og volumeregulering\u00c2\u00a0medf\u00f8lger.\u00c2\u00a0Smart fremstillet ka, Alpine SWE-815 8&#8243; Aktiv Subwoofer 150W.<\/p>\n","protected":false},"featured_media":3588,"comment_status":"closed","ping_status":"open","template":"","meta":{"_kad_post_transparent":"","_kad_post_title":"","_kad_post_layout":"","_kad_post_sidebar_id":"","_kad_post_content_style":"","_kad_post_vertical_padding":"","_kad_post_feature":"","_kad_post_feature_position":"","_kad_post_header":false,"_kad_post_footer":false},"product_cat":[3162,3178],"product_tag":[3164,2988,3179],"brand":[],"class_list":{"0":"post-3587","1":"product","2":"type-product","3":"status-publish","4":"has-post-thumbnail","6":"product_cat-bilstereo","7":"product_cat-subwoofere","8":"product_tag-bilstereo","9":"product_tag-los","10":"product_tag-subwoofere","12":"first","13":"instock","14":"sale","15":"product-type-external","16":"entry","17":"content-bg","18":"loop-entry"},"_links":{"self":[{"href":"https:\/\/bilshopping.dk\/index.php?rest_route=\/wp\/v2\/product\/3587","targetHints":{"allow":["GET"]}}],"collection":[{"href":"https:\/\/bilshopping.dk\/index.php?rest_route=\/wp\/v2\/product"}],"about":[{"href":"https:\/\/bilshopping.dk\/index.php?rest_route=\/wp\/v2\/types\/product"}],"replies":[{"embeddable":true,"href":"https:\/\/bilshopping.dk\/index.php?rest_route=%2Fwp%2Fv2%2Fcomments&post=3587"}],"wp:featuredmedia":[{"embeddable":true,"href":"https:\/\/bilshopping.dk\/index.php?rest_route=\/wp\/v2\/media\/3588"}],"wp:attachment":[{"href":"https:\/\/bilshopping.dk\/index.php?rest_route=%2Fwp%2Fv2%2Fmedia&parent=3587"}],"wp:term":[{"taxonomy":"product_cat","embeddable":true,"href":"https:\/\/bilshopping.dk\/index.php?rest_route=%2Fwp%2Fv2%2Fproduct_cat&post=3587"},{"taxonomy":"product_tag","embeddable":true,"href":"https:\/\/bilshopping.dk\/index.php?rest_route=%2Fwp%2Fv2%2Fproduct_tag&post=3587"},{"taxonomy":"brand","embeddable":true,"href":"https:\/\/bilshopping.dk\/index.php?rest_route=%2Fwp%2Fv2%2Fbrand&post=3587"}],"curies":[{"name":"wp","href":"https:\/\/api.w.org\/{rel}","templated":true}]}}