{"id":3595,"date":"2023-06-23T18:38:20","date_gmt":"2023-06-23T16:38:20","guid":{"rendered":"https:\/\/bilshopping.dk\/produkt\/alpine-sbg-30kit-12-subwoofer-kit-med-forstaerker\/"},"modified":"2023-06-23T18:38:30","modified_gmt":"2023-06-23T16:38:30","slug":"alpine-sbg-30kit-12-subwoofer-kit-med-forstaerker","status":"publish","type":"product","link":"https:\/\/bilshopping.dk\/?product=alpine-sbg-30kit-12-subwoofer-kit-med-forstaerker","title":{"rendered":"Alpine SBG-30KIT 12&#8243; Subwoofer kit med forst\u00e6rker"},"content":{"rendered":"<p>Produktid er <strong>257<\/strong> og <strong>4958043721061<\/strong><\/p>\n<h2>Anmeldelse af Alpine SBG-30KIT 12&#8243; Subwoofer kit med forst\u00e6rker<\/h2>\n<p>Se om vi har en <a href=\"https:\/\/bilshopping.dk\/592\">anmeldelse af Alpine SBG-30KIT 12&#8243; Subwoofer kit med forst\u00e6rker<\/a>.<\/p>\n","protected":false},"excerpt":{"rendered":"<p>Alpine SBG-30KIT 12&#8243; Subwoofer kit med forst\u00e6rker -\u00c2\u00a0Attraktivt &#8220;Alt-i-\u00e9t&#8221; Alpine subwoofer kit.Dette produkt er en samling af produkter; den digitale V-power monoblok forst\u00e6rker Alpine\u00c2\u00a0MRV-M250, 12&#8243; (30 cm) basrefleks subwoofer Alpine SBG-30BR og et kab, Alpine SBG-30KIT 12&#8243; Subwoofer kit med forst\u00e6rker.<\/p>\n","protected":false},"featured_media":3596,"comment_status":"closed","ping_status":"open","template":"","meta":{"_kad_post_transparent":"","_kad_post_title":"","_kad_post_layout":"","_kad_post_sidebar_id":"","_kad_post_content_style":"","_kad_post_vertical_padding":"","_kad_post_feature":"","_kad_post_feature_position":"","_kad_post_header":false,"_kad_post_footer":false},"product_cat":[3162,3178],"product_tag":[3164,2988,3179],"brand":[],"class_list":{"0":"post-3595","1":"product","2":"type-product","3":"status-publish","4":"has-post-thumbnail","6":"product_cat-bilstereo","7":"product_cat-subwoofere","8":"product_tag-bilstereo","9":"product_tag-los","10":"product_tag-subwoofere","12":"first","13":"instock","14":"sale","15":"product-type-external","16":"entry","17":"content-bg","18":"loop-entry"},"_links":{"self":[{"href":"https:\/\/bilshopping.dk\/index.php?rest_route=\/wp\/v2\/product\/3595","targetHints":{"allow":["GET"]}}],"collection":[{"href":"https:\/\/bilshopping.dk\/index.php?rest_route=\/wp\/v2\/product"}],"about":[{"href":"https:\/\/bilshopping.dk\/index.php?rest_route=\/wp\/v2\/types\/product"}],"replies":[{"embeddable":true,"href":"https:\/\/bilshopping.dk\/index.php?rest_route=%2Fwp%2Fv2%2Fcomments&post=3595"}],"wp:featuredmedia":[{"embeddable":true,"href":"https:\/\/bilshopping.dk\/index.php?rest_route=\/wp\/v2\/media\/3596"}],"wp:attachment":[{"href":"https:\/\/bilshopping.dk\/index.php?rest_route=%2Fwp%2Fv2%2Fmedia&parent=3595"}],"wp:term":[{"taxonomy":"product_cat","embeddable":true,"href":"https:\/\/bilshopping.dk\/index.php?rest_route=%2Fwp%2Fv2%2Fproduct_cat&post=3595"},{"taxonomy":"product_tag","embeddable":true,"href":"https:\/\/bilshopping.dk\/index.php?rest_route=%2Fwp%2Fv2%2Fproduct_tag&post=3595"},{"taxonomy":"brand","embeddable":true,"href":"https:\/\/bilshopping.dk\/index.php?rest_route=%2Fwp%2Fv2%2Fbrand&post=3595"}],"curies":[{"name":"wp","href":"https:\/\/api.w.org\/{rel}","templated":true}]}}