{"id":3609,"date":"2023-06-23T18:38:20","date_gmt":"2023-06-23T16:38:20","guid":{"rendered":"https:\/\/bilshopping.dk\/produkt\/alpine-swg-1044-10-subwoofer-g-serie\/"},"modified":"2023-06-23T18:38:40","modified_gmt":"2023-06-23T16:38:40","slug":"alpine-swg-1044-10-subwoofer-g-serie","status":"publish","type":"product","link":"https:\/\/bilshopping.dk\/?product=alpine-swg-1044-10-subwoofer-g-serie","title":{"rendered":"Alpine SWG-1044 10&#8243; Subwoofer G-Serie"},"content":{"rendered":"<p>Produktid er <strong>264<\/strong> og <strong>4958043540303<\/strong><\/p>\n<h2>Anmeldelse af Alpine SWG-1044 10&#8243; Subwoofer G-Serie<\/h2>\n<p>Se om vi har en <a href=\"https:\/\/bilshopping.dk\/592\">anmeldelse af Alpine SWG-1044 10&#8243; Subwoofer G-Serie<\/a>.<\/p>\n","protected":false},"excerpt":{"rendered":"<p>Alpine SWG-1044 10&#8243; Subwoofer G-Serie\u00c2\u00a0er et\u00c2\u00a0fremragende match\u00c2\u00a0til Alpine Type-G h\u00f8jttalerne.Type-G subwooferne er Alpine&#8217;s &#8220;mellem&#8221; serie, dog uden at g\u00e5 p\u00e5 kompromis med lyd og kvalitet.\u00c2\u00a0Type-G serien levere\u00c2\u00a0imponerende bas\u00c2\u00a0tryk med h\u00f8j effekt h\u00e5nd, Alpine SWG-1044 10&#8243; Subwoofer G-Serie.<\/p>\n","protected":false},"featured_media":3610,"comment_status":"closed","ping_status":"open","template":"","meta":{"_kad_post_transparent":"","_kad_post_title":"","_kad_post_layout":"","_kad_post_sidebar_id":"","_kad_post_content_style":"","_kad_post_vertical_padding":"","_kad_post_feature":"","_kad_post_feature_position":"","_kad_post_header":false,"_kad_post_footer":false},"product_cat":[3162,3178],"product_tag":[3164,2988,3179],"brand":[],"class_list":{"0":"post-3609","1":"product","2":"type-product","3":"status-publish","4":"has-post-thumbnail","6":"product_cat-bilstereo","7":"product_cat-subwoofere","8":"product_tag-bilstereo","9":"product_tag-los","10":"product_tag-subwoofere","12":"first","13":"instock","14":"sale","15":"product-type-external","16":"entry","17":"content-bg","18":"loop-entry"},"_links":{"self":[{"href":"https:\/\/bilshopping.dk\/index.php?rest_route=\/wp\/v2\/product\/3609","targetHints":{"allow":["GET"]}}],"collection":[{"href":"https:\/\/bilshopping.dk\/index.php?rest_route=\/wp\/v2\/product"}],"about":[{"href":"https:\/\/bilshopping.dk\/index.php?rest_route=\/wp\/v2\/types\/product"}],"replies":[{"embeddable":true,"href":"https:\/\/bilshopping.dk\/index.php?rest_route=%2Fwp%2Fv2%2Fcomments&post=3609"}],"wp:featuredmedia":[{"embeddable":true,"href":"https:\/\/bilshopping.dk\/index.php?rest_route=\/wp\/v2\/media\/3610"}],"wp:attachment":[{"href":"https:\/\/bilshopping.dk\/index.php?rest_route=%2Fwp%2Fv2%2Fmedia&parent=3609"}],"wp:term":[{"taxonomy":"product_cat","embeddable":true,"href":"https:\/\/bilshopping.dk\/index.php?rest_route=%2Fwp%2Fv2%2Fproduct_cat&post=3609"},{"taxonomy":"product_tag","embeddable":true,"href":"https:\/\/bilshopping.dk\/index.php?rest_route=%2Fwp%2Fv2%2Fproduct_tag&post=3609"},{"taxonomy":"brand","embeddable":true,"href":"https:\/\/bilshopping.dk\/index.php?rest_route=%2Fwp%2Fv2%2Fbrand&post=3609"}],"curies":[{"name":"wp","href":"https:\/\/api.w.org\/{rel}","templated":true}]}}