{"id":3617,"date":"2023-06-23T18:38:20","date_gmt":"2023-06-23T16:38:20","guid":{"rendered":"https:\/\/bilshopping.dk\/produkt\/alpine-spg-17c2-165-cm-hoejtalersaet-coaxial-2-vejs\/"},"modified":"2023-06-23T18:38:48","modified_gmt":"2023-06-23T16:38:48","slug":"alpine-spg-17c2-165-cm-hoejtalersaet-coaxial-2-vejs","status":"publish","type":"product","link":"https:\/\/bilshopping.dk\/?product=alpine-spg-17c2-165-cm-hoejtalersaet-coaxial-2-vejs","title":{"rendered":"Alpine SPG-17C2 16,5 cm H\u00f8jtalers\u00e6t Coaxial 2 vejs"},"content":{"rendered":"<p>Produktid er <strong>279<\/strong> og <strong>4958043518173<\/strong><\/p>\n<h2>Anmeldelse af Alpine SPG-17C2 16,5 cm H\u00f8jtalers\u00e6t Coaxial 2 vejs<\/h2>\n<p>Se om vi har en <a href=\"https:\/\/bilshopping.dk\/592\">anmeldelse af Alpine SPG-17C2 16,5 cm H\u00f8jtalers\u00e6t Coaxial 2 vejs<\/a>.<\/p>\n","protected":false},"excerpt":{"rendered":"<p>Alpine SPG-17C2 16,5 cm H\u00f8jtalers\u00e6t Coaxial 2 vejs er bygget til at h\u00e5ndtere h\u00f8j effekt. Den nye Type-G serie af komponenter og koaksiale h\u00f8jttalere er designet og bygget til at h\u00e5ndtere h\u00f8je effektniveauer.\u00c2\u00a0Denne h\u00f8jttaler leverer ogs\u00e5 god lydkvalitet p, Alpine SPG-17C2 16,5 cm H\u00f8jtalers\u00e6t Coaxial 2 vejs.<\/p>\n","protected":false},"featured_media":3618,"comment_status":"closed","ping_status":"open","template":"","meta":{"_kad_post_transparent":"","_kad_post_title":"","_kad_post_layout":"","_kad_post_sidebar_id":"","_kad_post_content_style":"","_kad_post_vertical_padding":"","_kad_post_feature":"","_kad_post_feature_position":"","_kad_post_header":false,"_kad_post_footer":false},"product_cat":[3162,3180],"product_tag":[3164,3181,2988],"brand":[],"class_list":{"0":"post-3617","1":"product","2":"type-product","3":"status-publish","4":"has-post-thumbnail","6":"product_cat-bilstereo","7":"product_cat-hoejttalere","8":"product_tag-bilstereo","9":"product_tag-hoejttalere","10":"product_tag-los","12":"first","13":"instock","14":"sale","15":"product-type-external","16":"entry","17":"content-bg","18":"loop-entry"},"_links":{"self":[{"href":"https:\/\/bilshopping.dk\/index.php?rest_route=\/wp\/v2\/product\/3617","targetHints":{"allow":["GET"]}}],"collection":[{"href":"https:\/\/bilshopping.dk\/index.php?rest_route=\/wp\/v2\/product"}],"about":[{"href":"https:\/\/bilshopping.dk\/index.php?rest_route=\/wp\/v2\/types\/product"}],"replies":[{"embeddable":true,"href":"https:\/\/bilshopping.dk\/index.php?rest_route=%2Fwp%2Fv2%2Fcomments&post=3617"}],"wp:featuredmedia":[{"embeddable":true,"href":"https:\/\/bilshopping.dk\/index.php?rest_route=\/wp\/v2\/media\/3618"}],"wp:attachment":[{"href":"https:\/\/bilshopping.dk\/index.php?rest_route=%2Fwp%2Fv2%2Fmedia&parent=3617"}],"wp:term":[{"taxonomy":"product_cat","embeddable":true,"href":"https:\/\/bilshopping.dk\/index.php?rest_route=%2Fwp%2Fv2%2Fproduct_cat&post=3617"},{"taxonomy":"product_tag","embeddable":true,"href":"https:\/\/bilshopping.dk\/index.php?rest_route=%2Fwp%2Fv2%2Fproduct_tag&post=3617"},{"taxonomy":"brand","embeddable":true,"href":"https:\/\/bilshopping.dk\/index.php?rest_route=%2Fwp%2Fv2%2Fbrand&post=3617"}],"curies":[{"name":"wp","href":"https:\/\/api.w.org\/{rel}","templated":true}]}}