{"id":3627,"date":"2023-06-23T18:38:51","date_gmt":"2023-06-23T16:38:51","guid":{"rendered":"https:\/\/bilshopping.dk\/produkt\/alpine-sxe-1006tw-tweeter-diskant-saet\/"},"modified":"2023-06-23T18:38:55","modified_gmt":"2023-06-23T16:38:55","slug":"alpine-sxe-1006tw-tweeter-diskant-saet","status":"publish","type":"product","link":"https:\/\/bilshopping.dk\/?product=alpine-sxe-1006tw-tweeter-diskant-saet","title":{"rendered":"Alpine SXE-1006TW Tweeter\/Diskant s\u00e6t"},"content":{"rendered":"<p>Produktid er <strong>290<\/strong> og <strong>4958043720255<\/strong><\/p>\n<h2>Anmeldelse af Alpine SXE-1006TW Tweeter\/Diskant s\u00e6t<\/h2>\n<p>Se om vi har en <a href=\"https:\/\/bilshopping.dk\/592\">anmeldelse af Alpine SXE-1006TW Tweeter\/Diskant s\u00e6t<\/a>.<\/p>\n","protected":false},"excerpt":{"rendered":"<p>Alpine SXE-1006TW Tweeter\/Diskant s\u00e6t -\u00c2\u00a0Titanium Dome diskant 3 cm. Designet s\u00e5\u00c2\u00a0installation er dejligt nemt. SXE-1006TW vil i h\u00f8j grad \u00f8ge systemets diskant\u00c2\u00a0oplevelse med den ekstra fordel at\u00c2\u00a0retningsbestemme lyden.\u00c2\u00a0Dette diskants\u00e6t er en\u00c2\u00a0super opg, Alpine SXE-1006TW Tweeter\/Diskant s\u00e6t.<\/p>\n","protected":false},"featured_media":3628,"comment_status":"closed","ping_status":"open","template":"","meta":{"_kad_post_transparent":"","_kad_post_title":"","_kad_post_layout":"","_kad_post_sidebar_id":"","_kad_post_content_style":"","_kad_post_vertical_padding":"","_kad_post_feature":"","_kad_post_feature_position":"","_kad_post_header":false,"_kad_post_footer":false},"product_cat":[3162,3180],"product_tag":[3164,3181,2988],"brand":[],"class_list":{"0":"post-3627","1":"product","2":"type-product","3":"status-publish","4":"has-post-thumbnail","6":"product_cat-bilstereo","7":"product_cat-hoejttalere","8":"product_tag-bilstereo","9":"product_tag-hoejttalere","10":"product_tag-los","12":"first","13":"instock","14":"sale","15":"product-type-external","16":"entry","17":"content-bg","18":"loop-entry"},"_links":{"self":[{"href":"https:\/\/bilshopping.dk\/index.php?rest_route=\/wp\/v2\/product\/3627","targetHints":{"allow":["GET"]}}],"collection":[{"href":"https:\/\/bilshopping.dk\/index.php?rest_route=\/wp\/v2\/product"}],"about":[{"href":"https:\/\/bilshopping.dk\/index.php?rest_route=\/wp\/v2\/types\/product"}],"replies":[{"embeddable":true,"href":"https:\/\/bilshopping.dk\/index.php?rest_route=%2Fwp%2Fv2%2Fcomments&post=3627"}],"wp:featuredmedia":[{"embeddable":true,"href":"https:\/\/bilshopping.dk\/index.php?rest_route=\/wp\/v2\/media\/3628"}],"wp:attachment":[{"href":"https:\/\/bilshopping.dk\/index.php?rest_route=%2Fwp%2Fv2%2Fmedia&parent=3627"}],"wp:term":[{"taxonomy":"product_cat","embeddable":true,"href":"https:\/\/bilshopping.dk\/index.php?rest_route=%2Fwp%2Fv2%2Fproduct_cat&post=3627"},{"taxonomy":"product_tag","embeddable":true,"href":"https:\/\/bilshopping.dk\/index.php?rest_route=%2Fwp%2Fv2%2Fproduct_tag&post=3627"},{"taxonomy":"brand","embeddable":true,"href":"https:\/\/bilshopping.dk\/index.php?rest_route=%2Fwp%2Fv2%2Fbrand&post=3627"}],"curies":[{"name":"wp","href":"https:\/\/api.w.org\/{rel}","templated":true}]}}