{"id":3651,"date":"2023-06-23T18:38:51","date_gmt":"2023-06-23T16:38:51","guid":{"rendered":"https:\/\/bilshopping.dk\/produkt\/audison-65-voce-high-end-coax-hoejttalersaet\/"},"modified":"2023-06-23T18:39:04","modified_gmt":"2023-06-23T16:39:04","slug":"audison-65-voce-high-end-coax-hoejttalersaet","status":"publish","type":"product","link":"https:\/\/bilshopping.dk\/?product=audison-65-voce-high-end-coax-hoejttalersaet","title":{"rendered":"Audison 6,5 &#8221; Voce High-end coax h\u00f8jttalers\u00e6t"},"content":{"rendered":"<p>Produktid er <strong>304<\/strong> og <strong>8018823103053<\/strong><\/p>\n<h2>Anmeldelse af Audison 6,5 &#8221; Voce High-end coax h\u00f8jttalers\u00e6t<\/h2>\n<p>Se om vi har en <a href=\"https:\/\/bilshopping.dk\/592\">anmeldelse af Audison 6,5 &#8221; Voce High-end coax h\u00f8jttalers\u00e6t<\/a>.<\/p>\n","protected":false},"excerpt":{"rendered":"<p>Audison 6,5 &#8221; Voce High-end coax h\u00f8jttalers\u00e6t\u00c2\u00a0er en h\u00f8jtaler\u00c2\u00a0for Hi-Fi entusiasten der \u00f8nsker optimal lyd. Audison AVX6,5 kan ofte\u00c2\u00a0monteres i de originale h\u00f8jttaler palaceringer.Audison AVX-6,5 h\u00f8jttaler systemet har separate delefiltre for optimal til, Audison 6,5 &#8221; Voce High-end coax h\u00f8jttalers\u00e6t.<\/p>\n","protected":false},"featured_media":3652,"comment_status":"closed","ping_status":"open","template":"","meta":{"_kad_post_transparent":"","_kad_post_title":"","_kad_post_layout":"","_kad_post_sidebar_id":"","_kad_post_content_style":"","_kad_post_vertical_padding":"","_kad_post_feature":"","_kad_post_feature_position":"","_kad_post_header":false,"_kad_post_footer":false},"product_cat":[3162,3180],"product_tag":[3164,3181,2988],"brand":[],"class_list":{"0":"post-3651","1":"product","2":"type-product","3":"status-publish","4":"has-post-thumbnail","6":"product_cat-bilstereo","7":"product_cat-hoejttalere","8":"product_tag-bilstereo","9":"product_tag-hoejttalere","10":"product_tag-los","12":"first","13":"instock","14":"product-type-external","15":"entry","16":"content-bg","17":"loop-entry"},"_links":{"self":[{"href":"https:\/\/bilshopping.dk\/index.php?rest_route=\/wp\/v2\/product\/3651","targetHints":{"allow":["GET"]}}],"collection":[{"href":"https:\/\/bilshopping.dk\/index.php?rest_route=\/wp\/v2\/product"}],"about":[{"href":"https:\/\/bilshopping.dk\/index.php?rest_route=\/wp\/v2\/types\/product"}],"replies":[{"embeddable":true,"href":"https:\/\/bilshopping.dk\/index.php?rest_route=%2Fwp%2Fv2%2Fcomments&post=3651"}],"wp:featuredmedia":[{"embeddable":true,"href":"https:\/\/bilshopping.dk\/index.php?rest_route=\/wp\/v2\/media\/3652"}],"wp:attachment":[{"href":"https:\/\/bilshopping.dk\/index.php?rest_route=%2Fwp%2Fv2%2Fmedia&parent=3651"}],"wp:term":[{"taxonomy":"product_cat","embeddable":true,"href":"https:\/\/bilshopping.dk\/index.php?rest_route=%2Fwp%2Fv2%2Fproduct_cat&post=3651"},{"taxonomy":"product_tag","embeddable":true,"href":"https:\/\/bilshopping.dk\/index.php?rest_route=%2Fwp%2Fv2%2Fproduct_tag&post=3651"},{"taxonomy":"brand","embeddable":true,"href":"https:\/\/bilshopping.dk\/index.php?rest_route=%2Fwp%2Fv2%2Fbrand&post=3651"}],"curies":[{"name":"wp","href":"https:\/\/api.w.org\/{rel}","templated":true}]}}