{"id":3671,"date":"2023-06-23T18:39:12","date_gmt":"2023-06-23T16:39:12","guid":{"rendered":"https:\/\/bilshopping.dk\/produkt\/hertz-mille-8-subwoofer\/"},"modified":"2023-06-23T18:39:20","modified_gmt":"2023-06-23T16:39:20","slug":"hertz-mille-8-subwoofer","status":"publish","type":"product","link":"https:\/\/bilshopping.dk\/?product=hertz-mille-8-subwoofer","title":{"rendered":"HERTZ MILLE 8&#8243; Subwoofer"},"content":{"rendered":"<p>Produktid er <strong>319<\/strong> og <strong>8018823114349<\/strong><\/p>\n<h2>Anmeldelse af HERTZ MILLE 8&#8243; Subwoofer<\/h2>\n<p>Se om vi har en <a href=\"https:\/\/bilshopping.dk\/592\">anmeldelse af HERTZ MILLE 8&#8243; Subwoofer<\/a>.<\/p>\n","protected":false},"excerpt":{"rendered":"<p>Hertz ML 2000.3 er en 8 &#8220;subwoofer fra den\u00c2\u00a0berygtede Mille serie. Med denne h\u00f8jttaler, du f\u00e5r en&#8221; live f\u00f8lelse &#8220;\u00c2\u00a0f\u00e5 h\u00f8jttalere kan opn\u00e5.Med lav forvr\u00e6ngning og h\u00f8j dynamikomr\u00e5de giver denne h\u00f8jttaler, kuldegysninger i hele kroppen!\u00c2\u00a0, HERTZ MILLE 8&#8221; Subwoofer.<\/p>\n","protected":false},"featured_media":3672,"comment_status":"closed","ping_status":"open","template":"","meta":{"_kad_post_transparent":"","_kad_post_title":"","_kad_post_layout":"","_kad_post_sidebar_id":"","_kad_post_content_style":"","_kad_post_vertical_padding":"","_kad_post_feature":"","_kad_post_feature_position":"","_kad_post_header":false,"_kad_post_footer":false},"product_cat":[3162,3178],"product_tag":[3164,2988,3179],"brand":[],"class_list":{"0":"post-3671","1":"product","2":"type-product","3":"status-publish","4":"has-post-thumbnail","6":"product_cat-bilstereo","7":"product_cat-subwoofere","8":"product_tag-bilstereo","9":"product_tag-los","10":"product_tag-subwoofere","12":"first","13":"instock","14":"product-type-external","15":"entry","16":"content-bg","17":"loop-entry"},"_links":{"self":[{"href":"https:\/\/bilshopping.dk\/index.php?rest_route=\/wp\/v2\/product\/3671","targetHints":{"allow":["GET"]}}],"collection":[{"href":"https:\/\/bilshopping.dk\/index.php?rest_route=\/wp\/v2\/product"}],"about":[{"href":"https:\/\/bilshopping.dk\/index.php?rest_route=\/wp\/v2\/types\/product"}],"replies":[{"embeddable":true,"href":"https:\/\/bilshopping.dk\/index.php?rest_route=%2Fwp%2Fv2%2Fcomments&post=3671"}],"wp:featuredmedia":[{"embeddable":true,"href":"https:\/\/bilshopping.dk\/index.php?rest_route=\/wp\/v2\/media\/3672"}],"wp:attachment":[{"href":"https:\/\/bilshopping.dk\/index.php?rest_route=%2Fwp%2Fv2%2Fmedia&parent=3671"}],"wp:term":[{"taxonomy":"product_cat","embeddable":true,"href":"https:\/\/bilshopping.dk\/index.php?rest_route=%2Fwp%2Fv2%2Fproduct_cat&post=3671"},{"taxonomy":"product_tag","embeddable":true,"href":"https:\/\/bilshopping.dk\/index.php?rest_route=%2Fwp%2Fv2%2Fproduct_tag&post=3671"},{"taxonomy":"brand","embeddable":true,"href":"https:\/\/bilshopping.dk\/index.php?rest_route=%2Fwp%2Fv2%2Fbrand&post=3671"}],"curies":[{"name":"wp","href":"https:\/\/api.w.org\/{rel}","templated":true}]}}