{"id":3673,"date":"2023-06-23T18:39:12","date_gmt":"2023-06-23T16:39:12","guid":{"rendered":"https:\/\/bilshopping.dk\/produkt\/hertz-mille-165-mm-komponent-hoejtalersaet\/"},"modified":"2023-06-23T18:39:21","modified_gmt":"2023-06-23T16:39:21","slug":"hertz-mille-165-mm-komponent-hoejtalersaet","status":"publish","type":"product","link":"https:\/\/bilshopping.dk\/?product=hertz-mille-165-mm-komponent-hoejtalersaet","title":{"rendered":"HERTZ MILLE 165 mm Komponent H\u00f8jtalers\u00e6t"},"content":{"rendered":"<p>Produktid er <strong>320<\/strong> og <strong>8018823114028<\/strong><\/p>\n<h2>Anmeldelse af HERTZ MILLE 165 mm Komponent H\u00f8jtalers\u00e6t<\/h2>\n<p>Se om vi har en <a href=\"https:\/\/bilshopping.dk\/592\">anmeldelse af HERTZ MILLE 165 mm Komponent H\u00f8jtalers\u00e6t<\/a>.<\/p>\n","protected":false},"excerpt":{"rendered":"<p>Mille MLK 1650,3 Legend fra Hertz er et 2-vejs kit er dedikeret til de st\u00f8rste lydentusiaster, med henblik p\u00e5 at opn\u00e5 maksimal lydkvalitet kombineret med ekstremt h\u00f8j dynamik og bred frekvensgang.\u00c2\u00a0, HERTZ MILLE 165 mm Komponent H\u00f8jtalers\u00e6t.<\/p>\n","protected":false},"featured_media":3674,"comment_status":"closed","ping_status":"open","template":"","meta":{"_kad_post_transparent":"","_kad_post_title":"","_kad_post_layout":"","_kad_post_sidebar_id":"","_kad_post_content_style":"","_kad_post_vertical_padding":"","_kad_post_feature":"","_kad_post_feature_position":"","_kad_post_header":false,"_kad_post_footer":false},"product_cat":[3162,3180],"product_tag":[3164,3181,2988],"brand":[],"class_list":{"0":"post-3673","1":"product","2":"type-product","3":"status-publish","4":"has-post-thumbnail","6":"product_cat-bilstereo","7":"product_cat-hoejttalere","8":"product_tag-bilstereo","9":"product_tag-hoejttalere","10":"product_tag-los","12":"first","13":"instock","14":"product-type-external","15":"entry","16":"content-bg","17":"loop-entry"},"_links":{"self":[{"href":"https:\/\/bilshopping.dk\/index.php?rest_route=\/wp\/v2\/product\/3673","targetHints":{"allow":["GET"]}}],"collection":[{"href":"https:\/\/bilshopping.dk\/index.php?rest_route=\/wp\/v2\/product"}],"about":[{"href":"https:\/\/bilshopping.dk\/index.php?rest_route=\/wp\/v2\/types\/product"}],"replies":[{"embeddable":true,"href":"https:\/\/bilshopping.dk\/index.php?rest_route=%2Fwp%2Fv2%2Fcomments&post=3673"}],"wp:featuredmedia":[{"embeddable":true,"href":"https:\/\/bilshopping.dk\/index.php?rest_route=\/wp\/v2\/media\/3674"}],"wp:attachment":[{"href":"https:\/\/bilshopping.dk\/index.php?rest_route=%2Fwp%2Fv2%2Fmedia&parent=3673"}],"wp:term":[{"taxonomy":"product_cat","embeddable":true,"href":"https:\/\/bilshopping.dk\/index.php?rest_route=%2Fwp%2Fv2%2Fproduct_cat&post=3673"},{"taxonomy":"product_tag","embeddable":true,"href":"https:\/\/bilshopping.dk\/index.php?rest_route=%2Fwp%2Fv2%2Fproduct_tag&post=3673"},{"taxonomy":"brand","embeddable":true,"href":"https:\/\/bilshopping.dk\/index.php?rest_route=%2Fwp%2Fv2%2Fbrand&post=3673"}],"curies":[{"name":"wp","href":"https:\/\/api.w.org\/{rel}","templated":true}]}}