{"id":3689,"date":"2023-06-23T18:39:12","date_gmt":"2023-06-23T16:39:12","guid":{"rendered":"https:\/\/bilshopping.dk\/produkt\/hertz-hcp-5d-compact-power-5-kanals-forstaerker\/"},"modified":"2023-06-23T18:39:29","modified_gmt":"2023-06-23T16:39:29","slug":"hertz-hcp-5d-compact-power-5-kanals-forstaerker","status":"publish","type":"product","link":"https:\/\/bilshopping.dk\/?product=hertz-hcp-5d-compact-power-5-kanals-forstaerker","title":{"rendered":"Hertz HCP 5D Compact Power 5 kanals Forst\u00e6rker"},"content":{"rendered":"<p>Produktid er <strong>331<\/strong> og <strong>8018823110594<\/strong><\/p>\n<h2>Anmeldelse af Hertz HCP 5D Compact Power 5 kanals Forst\u00e6rker<\/h2>\n<p>Se om vi har en <a href=\"https:\/\/bilshopping.dk\/592\">anmeldelse af Hertz HCP 5D Compact Power 5 kanals Forst\u00e6rker<\/a>.<\/p>\n","protected":false},"excerpt":{"rendered":"<p>Hertz HCP 5D Compact Power 5 kanals Forst\u00e6rker er en\u00c2\u00a0komplet bil forst\u00e6rker med 5 meget kraftige D-Klasse kanaler for fronth\u00f8jttalerne, bagh\u00f8jttalerne og subwooferen p\u00e5 \u00e9n gang.Den\u00c2\u00a0har et\u00c2\u00a0bredt spekter\u00c2\u00a0af input til at skabe den optimale konfiguration, Hertz HCP 5D Compact Power 5 kanals Forst\u00e6rker.<\/p>\n","protected":false},"featured_media":3690,"comment_status":"closed","ping_status":"open","template":"","meta":{"_kad_post_transparent":"","_kad_post_title":"","_kad_post_layout":"","_kad_post_sidebar_id":"","_kad_post_content_style":"","_kad_post_vertical_padding":"","_kad_post_feature":"","_kad_post_feature_position":"","_kad_post_header":false,"_kad_post_footer":false},"product_cat":[3162,3176],"product_tag":[3164,3177,2988],"brand":[],"class_list":{"0":"post-3689","1":"product","2":"type-product","3":"status-publish","4":"has-post-thumbnail","6":"product_cat-bilstereo","7":"product_cat-forstaerkere","8":"product_tag-bilstereo","9":"product_tag-forstaerkere","10":"product_tag-los","12":"first","13":"instock","14":"product-type-external","15":"entry","16":"content-bg","17":"loop-entry"},"_links":{"self":[{"href":"https:\/\/bilshopping.dk\/index.php?rest_route=\/wp\/v2\/product\/3689","targetHints":{"allow":["GET"]}}],"collection":[{"href":"https:\/\/bilshopping.dk\/index.php?rest_route=\/wp\/v2\/product"}],"about":[{"href":"https:\/\/bilshopping.dk\/index.php?rest_route=\/wp\/v2\/types\/product"}],"replies":[{"embeddable":true,"href":"https:\/\/bilshopping.dk\/index.php?rest_route=%2Fwp%2Fv2%2Fcomments&post=3689"}],"wp:featuredmedia":[{"embeddable":true,"href":"https:\/\/bilshopping.dk\/index.php?rest_route=\/wp\/v2\/media\/3690"}],"wp:attachment":[{"href":"https:\/\/bilshopping.dk\/index.php?rest_route=%2Fwp%2Fv2%2Fmedia&parent=3689"}],"wp:term":[{"taxonomy":"product_cat","embeddable":true,"href":"https:\/\/bilshopping.dk\/index.php?rest_route=%2Fwp%2Fv2%2Fproduct_cat&post=3689"},{"taxonomy":"product_tag","embeddable":true,"href":"https:\/\/bilshopping.dk\/index.php?rest_route=%2Fwp%2Fv2%2Fproduct_tag&post=3689"},{"taxonomy":"brand","embeddable":true,"href":"https:\/\/bilshopping.dk\/index.php?rest_route=%2Fwp%2Fv2%2Fbrand&post=3689"}],"curies":[{"name":"wp","href":"https:\/\/api.w.org\/{rel}","templated":true}]}}