{"id":3695,"date":"2023-06-23T18:39:12","date_gmt":"2023-06-23T16:39:12","guid":{"rendered":"https:\/\/bilshopping.dk\/produkt\/hertz-energy-ebx-250r-10-sub-box-reflex\/"},"modified":"2023-06-23T18:39:31","modified_gmt":"2023-06-23T16:39:31","slug":"hertz-energy-ebx-250r-10-sub-box-reflex","status":"publish","type":"product","link":"https:\/\/bilshopping.dk\/?product=hertz-energy-ebx-250r-10-sub-box-reflex","title":{"rendered":"HERTZ Energy EBX 250R &#8211; 10&#8243; Sub box reflex"},"content":{"rendered":"<p>Produktid er <strong>349<\/strong> og <strong>8018823103473<\/strong><\/p>\n<h2>Anmeldelse af HERTZ Energy EBX 250R &#8211; 10&#8243; Sub box reflex<\/h2>\n<p>Se om vi har en <a href=\"https:\/\/bilshopping.dk\/592\">anmeldelse af HERTZ Energy EBX 250R &#8211; 10&#8243; Sub box reflex<\/a>.<\/p>\n","protected":false},"excerpt":{"rendered":"<p>HERTZ Energy EBX 250R &#8211; 10&#8243; Sub box reflex\u00c2\u00a0er en 10&#8243; subwoofer, som er monteret i et f\u00e6rdigbygget kabinet bag et futurisk beskyttelsesgitter, s\u00e5 bassen ikke beskadiges under k\u00f8reture.\u00c2\u00a0Hertz Energy EBX sortimentet giver mere kraft og dynamik end andre su, HERTZ Energy EBX 250R &#8211; 10&#8243; Sub box reflex.<\/p>\n","protected":false},"featured_media":3696,"comment_status":"closed","ping_status":"open","template":"","meta":{"_kad_post_transparent":"","_kad_post_title":"","_kad_post_layout":"","_kad_post_sidebar_id":"","_kad_post_content_style":"","_kad_post_vertical_padding":"","_kad_post_feature":"","_kad_post_feature_position":"","_kad_post_header":false,"_kad_post_footer":false},"product_cat":[3162,3178],"product_tag":[3164,2988,3179],"brand":[],"class_list":{"0":"post-3695","1":"product","2":"type-product","3":"status-publish","4":"has-post-thumbnail","6":"product_cat-bilstereo","7":"product_cat-subwoofere","8":"product_tag-bilstereo","9":"product_tag-los","10":"product_tag-subwoofere","12":"first","13":"instock","14":"product-type-external","15":"entry","16":"content-bg","17":"loop-entry"},"_links":{"self":[{"href":"https:\/\/bilshopping.dk\/index.php?rest_route=\/wp\/v2\/product\/3695","targetHints":{"allow":["GET"]}}],"collection":[{"href":"https:\/\/bilshopping.dk\/index.php?rest_route=\/wp\/v2\/product"}],"about":[{"href":"https:\/\/bilshopping.dk\/index.php?rest_route=\/wp\/v2\/types\/product"}],"replies":[{"embeddable":true,"href":"https:\/\/bilshopping.dk\/index.php?rest_route=%2Fwp%2Fv2%2Fcomments&post=3695"}],"wp:featuredmedia":[{"embeddable":true,"href":"https:\/\/bilshopping.dk\/index.php?rest_route=\/wp\/v2\/media\/3696"}],"wp:attachment":[{"href":"https:\/\/bilshopping.dk\/index.php?rest_route=%2Fwp%2Fv2%2Fmedia&parent=3695"}],"wp:term":[{"taxonomy":"product_cat","embeddable":true,"href":"https:\/\/bilshopping.dk\/index.php?rest_route=%2Fwp%2Fv2%2Fproduct_cat&post=3695"},{"taxonomy":"product_tag","embeddable":true,"href":"https:\/\/bilshopping.dk\/index.php?rest_route=%2Fwp%2Fv2%2Fproduct_tag&post=3695"},{"taxonomy":"brand","embeddable":true,"href":"https:\/\/bilshopping.dk\/index.php?rest_route=%2Fwp%2Fv2%2Fbrand&post=3695"}],"curies":[{"name":"wp","href":"https:\/\/api.w.org\/{rel}","templated":true}]}}