{"id":3697,"date":"2023-06-23T18:39:12","date_gmt":"2023-06-23T16:39:12","guid":{"rendered":"https:\/\/bilshopping.dk\/produkt\/hertz-dieci-dcx-87-mm-coax-hoejttalersaet\/"},"modified":"2023-06-23T18:39:32","modified_gmt":"2023-06-23T16:39:32","slug":"hertz-dieci-dcx-87-mm-coax-hoejttalersaet","status":"publish","type":"product","link":"https:\/\/bilshopping.dk\/?product=hertz-dieci-dcx-87-mm-coax-hoejttalersaet","title":{"rendered":"Hertz Dieci DCX 87 mm coax h\u00f8jttalers\u00e6t"},"content":{"rendered":"<p>Produktid er <strong>350<\/strong> og <strong>8018823110112<\/strong><\/p>\n<h2>Anmeldelse af Hertz Dieci DCX 87 mm coax h\u00f8jttalers\u00e6t<\/h2>\n<p>Se om vi har en <a href=\"https:\/\/bilshopping.dk\/592\">anmeldelse af Hertz Dieci DCX 87 mm coax h\u00f8jttalers\u00e6t<\/a>.<\/p>\n","protected":false},"excerpt":{"rendered":"<p>Hertz Dieci DCX 87 mm coax h\u00f8jttalers\u00e6t\u00c2\u00a0er en kombination af en h\u00f8jt ydende woofer samt en neodymium diskant med en eksklusive PEI dome. For dem, der leder efter en h\u00f8jtydende to-vejs coaxh\u00f8jttaler p\u00e5 87mm, er DCX 87 i stand til at sikre en bred frekvens, Hertz Dieci DCX 87 mm coax h\u00f8jttalers\u00e6t.<\/p>\n","protected":false},"featured_media":3698,"comment_status":"closed","ping_status":"open","template":"","meta":{"_kad_post_transparent":"","_kad_post_title":"","_kad_post_layout":"","_kad_post_sidebar_id":"","_kad_post_content_style":"","_kad_post_vertical_padding":"","_kad_post_feature":"","_kad_post_feature_position":"","_kad_post_header":false,"_kad_post_footer":false},"product_cat":[3162,3180],"product_tag":[3164,3181,2988],"brand":[],"class_list":{"0":"post-3697","1":"product","2":"type-product","3":"status-publish","4":"has-post-thumbnail","6":"product_cat-bilstereo","7":"product_cat-hoejttalere","8":"product_tag-bilstereo","9":"product_tag-hoejttalere","10":"product_tag-los","12":"first","13":"instock","14":"product-type-external","15":"entry","16":"content-bg","17":"loop-entry"},"_links":{"self":[{"href":"https:\/\/bilshopping.dk\/index.php?rest_route=\/wp\/v2\/product\/3697","targetHints":{"allow":["GET"]}}],"collection":[{"href":"https:\/\/bilshopping.dk\/index.php?rest_route=\/wp\/v2\/product"}],"about":[{"href":"https:\/\/bilshopping.dk\/index.php?rest_route=\/wp\/v2\/types\/product"}],"replies":[{"embeddable":true,"href":"https:\/\/bilshopping.dk\/index.php?rest_route=%2Fwp%2Fv2%2Fcomments&post=3697"}],"wp:featuredmedia":[{"embeddable":true,"href":"https:\/\/bilshopping.dk\/index.php?rest_route=\/wp\/v2\/media\/3698"}],"wp:attachment":[{"href":"https:\/\/bilshopping.dk\/index.php?rest_route=%2Fwp%2Fv2%2Fmedia&parent=3697"}],"wp:term":[{"taxonomy":"product_cat","embeddable":true,"href":"https:\/\/bilshopping.dk\/index.php?rest_route=%2Fwp%2Fv2%2Fproduct_cat&post=3697"},{"taxonomy":"product_tag","embeddable":true,"href":"https:\/\/bilshopping.dk\/index.php?rest_route=%2Fwp%2Fv2%2Fproduct_tag&post=3697"},{"taxonomy":"brand","embeddable":true,"href":"https:\/\/bilshopping.dk\/index.php?rest_route=%2Fwp%2Fv2%2Fbrand&post=3697"}],"curies":[{"name":"wp","href":"https:\/\/api.w.org\/{rel}","templated":true}]}}