{"id":3701,"date":"2023-06-23T18:39:37","date_gmt":"2023-06-23T16:39:37","guid":{"rendered":"https:\/\/bilshopping.dk\/produkt\/hertz-dieci-dcx-130-mm-coax-hoejttalersaet\/"},"modified":"2023-06-23T18:39:40","modified_gmt":"2023-06-23T16:39:40","slug":"hertz-dieci-dcx-130-mm-coax-hoejttalersaet","status":"publish","type":"product","link":"https:\/\/bilshopping.dk\/?product=hertz-dieci-dcx-130-mm-coax-hoejttalersaet","title":{"rendered":"Hertz Dieci DCX 130 mm coax h\u00f8jttalers\u00e6t"},"content":{"rendered":"<p>Produktid er <strong>352<\/strong> og <strong>8018823104173<\/strong><\/p>\n<h2>Anmeldelse af Hertz Dieci DCX 130 mm coax h\u00f8jttalers\u00e6t<\/h2>\n<p>Se om vi har en <a href=\"https:\/\/bilshopping.dk\/592\">anmeldelse af Hertz Dieci DCX 130 mm coax h\u00f8jttalers\u00e6t<\/a>.<\/p>\n","protected":false},"excerpt":{"rendered":"<p>Hertz Dieci DCX 130 mm coax h\u00f8jttalers\u00e6t\u00c2\u00a0er designet for at im\u00f8dekomme alle installations behov, uden at give afkald p\u00e5 Hertz h\u00f8jttalerens kvalitet.\u00c2\u00a0Hertz DCX130 koaksial tovejsh\u00f8jttaler er en fantastisk opgradering af bilens originale h\u00f8jttalere. Passe, Hertz Dieci DCX 130 mm coax h\u00f8jttalers\u00e6t.<\/p>\n","protected":false},"featured_media":3702,"comment_status":"closed","ping_status":"open","template":"","meta":{"_kad_post_transparent":"","_kad_post_title":"","_kad_post_layout":"","_kad_post_sidebar_id":"","_kad_post_content_style":"","_kad_post_vertical_padding":"","_kad_post_feature":"","_kad_post_feature_position":"","_kad_post_header":false,"_kad_post_footer":false},"product_cat":[3162,3180],"product_tag":[3164,3181,2988],"brand":[],"class_list":{"0":"post-3701","1":"product","2":"type-product","3":"status-publish","4":"has-post-thumbnail","6":"product_cat-bilstereo","7":"product_cat-hoejttalere","8":"product_tag-bilstereo","9":"product_tag-hoejttalere","10":"product_tag-los","12":"first","13":"instock","14":"product-type-external","15":"entry","16":"content-bg","17":"loop-entry"},"_links":{"self":[{"href":"https:\/\/bilshopping.dk\/index.php?rest_route=\/wp\/v2\/product\/3701","targetHints":{"allow":["GET"]}}],"collection":[{"href":"https:\/\/bilshopping.dk\/index.php?rest_route=\/wp\/v2\/product"}],"about":[{"href":"https:\/\/bilshopping.dk\/index.php?rest_route=\/wp\/v2\/types\/product"}],"replies":[{"embeddable":true,"href":"https:\/\/bilshopping.dk\/index.php?rest_route=%2Fwp%2Fv2%2Fcomments&post=3701"}],"wp:featuredmedia":[{"embeddable":true,"href":"https:\/\/bilshopping.dk\/index.php?rest_route=\/wp\/v2\/media\/3702"}],"wp:attachment":[{"href":"https:\/\/bilshopping.dk\/index.php?rest_route=%2Fwp%2Fv2%2Fmedia&parent=3701"}],"wp:term":[{"taxonomy":"product_cat","embeddable":true,"href":"https:\/\/bilshopping.dk\/index.php?rest_route=%2Fwp%2Fv2%2Fproduct_cat&post=3701"},{"taxonomy":"product_tag","embeddable":true,"href":"https:\/\/bilshopping.dk\/index.php?rest_route=%2Fwp%2Fv2%2Fproduct_tag&post=3701"},{"taxonomy":"brand","embeddable":true,"href":"https:\/\/bilshopping.dk\/index.php?rest_route=%2Fwp%2Fv2%2Fbrand&post=3701"}],"curies":[{"name":"wp","href":"https:\/\/api.w.org\/{rel}","templated":true}]}}