{"id":3709,"date":"2023-06-23T18:39:37","date_gmt":"2023-06-23T16:39:37","guid":{"rendered":"https:\/\/bilshopping.dk\/produkt\/hertz-dieci-dcx570-5x7-coax-hoejttalersaet\/"},"modified":"2023-06-23T18:39:47","modified_gmt":"2023-06-23T16:39:47","slug":"hertz-dieci-dcx570-5x7-coax-hoejttalersaet","status":"publish","type":"product","link":"https:\/\/bilshopping.dk\/?product=hertz-dieci-dcx570-5x7-coax-hoejttalersaet","title":{"rendered":"Hertz Dieci DCX570 5&#215;7&#8243; coax h\u00f8jttalers\u00e6t"},"content":{"rendered":"<p>Produktid er <strong>382<\/strong> og <strong>8018823109550<\/strong><\/p>\n<h2>Anmeldelse af Hertz Dieci DCX570 5&#215;7&#8243; coax h\u00f8jttalers\u00e6t<\/h2>\n<p>Se om vi har en <a href=\"https:\/\/bilshopping.dk\/592\">anmeldelse af Hertz Dieci DCX570 5&#215;7&#8243; coax h\u00f8jttalers\u00e6t<\/a>.<\/p>\n","protected":false},"excerpt":{"rendered":"<p>Hertz DCX570\u00c2\u00a02-vejs coax h\u00f8jttaler er designet til at opfylde specifikke installations-og lytte behov.\u00c2\u00a0Hertz 5&#215;7&#8243; koaksial tovejsh\u00f8jttaler med fuldt frekvensomr\u00e5de &#8211; en fantastisk opgradering af bilens originale h\u00f8jttalere.\u00c2\u00a0, Hertz Dieci DCX570 5&#215;7&#8243; coax h\u00f8jttalers\u00e6t.<\/p>\n","protected":false},"featured_media":3710,"comment_status":"closed","ping_status":"open","template":"","meta":{"_kad_post_transparent":"","_kad_post_title":"","_kad_post_layout":"","_kad_post_sidebar_id":"","_kad_post_content_style":"","_kad_post_vertical_padding":"","_kad_post_feature":"","_kad_post_feature_position":"","_kad_post_header":false,"_kad_post_footer":false},"product_cat":[3162,3180],"product_tag":[3164,3181,2988],"brand":[],"class_list":{"0":"post-3709","1":"product","2":"type-product","3":"status-publish","4":"has-post-thumbnail","6":"product_cat-bilstereo","7":"product_cat-hoejttalere","8":"product_tag-bilstereo","9":"product_tag-hoejttalere","10":"product_tag-los","12":"first","13":"instock","14":"product-type-external","15":"entry","16":"content-bg","17":"loop-entry"},"_links":{"self":[{"href":"https:\/\/bilshopping.dk\/index.php?rest_route=\/wp\/v2\/product\/3709","targetHints":{"allow":["GET"]}}],"collection":[{"href":"https:\/\/bilshopping.dk\/index.php?rest_route=\/wp\/v2\/product"}],"about":[{"href":"https:\/\/bilshopping.dk\/index.php?rest_route=\/wp\/v2\/types\/product"}],"replies":[{"embeddable":true,"href":"https:\/\/bilshopping.dk\/index.php?rest_route=%2Fwp%2Fv2%2Fcomments&post=3709"}],"wp:featuredmedia":[{"embeddable":true,"href":"https:\/\/bilshopping.dk\/index.php?rest_route=\/wp\/v2\/media\/3710"}],"wp:attachment":[{"href":"https:\/\/bilshopping.dk\/index.php?rest_route=%2Fwp%2Fv2%2Fmedia&parent=3709"}],"wp:term":[{"taxonomy":"product_cat","embeddable":true,"href":"https:\/\/bilshopping.dk\/index.php?rest_route=%2Fwp%2Fv2%2Fproduct_cat&post=3709"},{"taxonomy":"product_tag","embeddable":true,"href":"https:\/\/bilshopping.dk\/index.php?rest_route=%2Fwp%2Fv2%2Fproduct_tag&post=3709"},{"taxonomy":"brand","embeddable":true,"href":"https:\/\/bilshopping.dk\/index.php?rest_route=%2Fwp%2Fv2%2Fbrand&post=3709"}],"curies":[{"name":"wp","href":"https:\/\/api.w.org\/{rel}","templated":true}]}}