{"id":3721,"date":"2023-06-23T18:39:37","date_gmt":"2023-06-23T16:39:37","guid":{"rendered":"https:\/\/bilshopping.dk\/produkt\/hertz-dieci-ds250-10-subwoofer\/"},"modified":"2023-06-23T18:39:56","modified_gmt":"2023-06-23T16:39:56","slug":"hertz-dieci-ds250-10-subwoofer","status":"publish","type":"product","link":"https:\/\/bilshopping.dk\/?product=hertz-dieci-ds250-10-subwoofer","title":{"rendered":"HERTZ Dieci DS250 &#8211; 10&#8243; Subwoofer"},"content":{"rendered":"<p>Produktid er <strong>388<\/strong> og <strong>8018823108164<\/strong><\/p>\n<h2>Anmeldelse af HERTZ Dieci DS250 &#8211; 10&#8243; Subwoofer<\/h2>\n<p>Se om vi har en <a href=\"https:\/\/bilshopping.dk\/592\">anmeldelse af HERTZ Dieci DS250 &#8211; 10&#8243; Subwoofer<\/a>.<\/p>\n","protected":false},"excerpt":{"rendered":"<p>HERTZ Dieci DS250 &#8211; 10&#8243; Subwoofer\u00c2\u00a0er den ideelle l\u00f8sning for dem som har et begr\u00e6nset budget men \u00f8nsker kraftig og raffineret lyd.\u00c2\u00a0Hertz Dieci subwoofer serien er klasses bedste valg, hvis man g\u00e5r efter lydkvalitet og lydtryk.\u00c2\u00a0Med en Hertz Dieci subwoo, HERTZ Dieci DS250 &#8211; 10&#8243; Subwoofer.<\/p>\n","protected":false},"featured_media":3722,"comment_status":"closed","ping_status":"open","template":"","meta":{"_kad_post_transparent":"","_kad_post_title":"","_kad_post_layout":"","_kad_post_sidebar_id":"","_kad_post_content_style":"","_kad_post_vertical_padding":"","_kad_post_feature":"","_kad_post_feature_position":"","_kad_post_header":false,"_kad_post_footer":false},"product_cat":[3162,3178],"product_tag":[3164,2988,3179],"brand":[],"class_list":{"0":"post-3721","1":"product","2":"type-product","3":"status-publish","4":"has-post-thumbnail","6":"product_cat-bilstereo","7":"product_cat-subwoofere","8":"product_tag-bilstereo","9":"product_tag-los","10":"product_tag-subwoofere","12":"first","13":"instock","14":"product-type-external","15":"entry","16":"content-bg","17":"loop-entry"},"_links":{"self":[{"href":"https:\/\/bilshopping.dk\/index.php?rest_route=\/wp\/v2\/product\/3721","targetHints":{"allow":["GET"]}}],"collection":[{"href":"https:\/\/bilshopping.dk\/index.php?rest_route=\/wp\/v2\/product"}],"about":[{"href":"https:\/\/bilshopping.dk\/index.php?rest_route=\/wp\/v2\/types\/product"}],"replies":[{"embeddable":true,"href":"https:\/\/bilshopping.dk\/index.php?rest_route=%2Fwp%2Fv2%2Fcomments&post=3721"}],"wp:featuredmedia":[{"embeddable":true,"href":"https:\/\/bilshopping.dk\/index.php?rest_route=\/wp\/v2\/media\/3722"}],"wp:attachment":[{"href":"https:\/\/bilshopping.dk\/index.php?rest_route=%2Fwp%2Fv2%2Fmedia&parent=3721"}],"wp:term":[{"taxonomy":"product_cat","embeddable":true,"href":"https:\/\/bilshopping.dk\/index.php?rest_route=%2Fwp%2Fv2%2Fproduct_cat&post=3721"},{"taxonomy":"product_tag","embeddable":true,"href":"https:\/\/bilshopping.dk\/index.php?rest_route=%2Fwp%2Fv2%2Fproduct_tag&post=3721"},{"taxonomy":"brand","embeddable":true,"href":"https:\/\/bilshopping.dk\/index.php?rest_route=%2Fwp%2Fv2%2Fbrand&post=3721"}],"curies":[{"name":"wp","href":"https:\/\/api.w.org\/{rel}","templated":true}]}}