{"id":3728,"date":"2023-06-23T18:39:37","date_gmt":"2023-06-23T16:39:37","guid":{"rendered":"https:\/\/bilshopping.dk\/produkt\/allen-rack-cykelholder-til-3-cykler\/"},"modified":"2023-06-23T18:40:00","modified_gmt":"2023-06-23T16:40:00","slug":"allen-rack-cykelholder-til-3-cykler","status":"publish","type":"product","link":"https:\/\/bilshopping.dk\/?product=allen-rack-cykelholder-til-3-cykler","title":{"rendered":"Allen Rack Cykelholder til 3 cykler"},"content":{"rendered":"<p>Produktid er <strong>413<\/strong> og <strong><\/strong><\/p>\n<h2>Anmeldelse af Allen Rack Cykelholder til 3 cykler<\/h2>\n<p>Se om vi har en <a href=\"https:\/\/bilshopping.dk\/592\">anmeldelse af Allen Rack Cykelholder til 3 cykler<\/a>.<\/p>\n","protected":false},"excerpt":{"rendered":"<p>Allen Rack Cykelholder til 3\u00c2\u00a0cykler for bagklap er en fantastisk l\u00e6kker cykelholder, der kan monteres p\u00e5 f\u00e5 sekunder. Cykelholderen\u00c2\u00a0er nok en af de mest kendte, n\u00e5r det g\u00e6lder cykelholdere til montering bagp\u00e5\u00c2\u00a0uden anh\u00e6ngerkrog.\u00c2\u00a0Cykelholderen fastg\u00f8res, Allen Rack Cykelholder til 3 cykler.<\/p>\n","protected":false},"featured_media":3729,"comment_status":"closed","ping_status":"open","template":"","meta":{"_kad_post_transparent":"","_kad_post_title":"","_kad_post_layout":"","_kad_post_sidebar_id":"","_kad_post_content_style":"","_kad_post_vertical_padding":"","_kad_post_feature":"","_kad_post_feature_position":"","_kad_post_header":false,"_kad_post_footer":false},"product_cat":[3188,3184],"product_tag":[3187,2988,3186],"brand":[],"class_list":{"0":"post-3728","1":"product","2":"type-product","3":"status-publish","4":"has-post-thumbnail","6":"product_cat-cykelholder-transportudstyr","7":"product_cat-transportudstyr","8":"product_tag-cykelholder","9":"product_tag-los","10":"product_tag-transportudstyr","12":"first","13":"instock","14":"product-type-external","15":"entry","16":"content-bg","17":"loop-entry"},"_links":{"self":[{"href":"https:\/\/bilshopping.dk\/index.php?rest_route=\/wp\/v2\/product\/3728","targetHints":{"allow":["GET"]}}],"collection":[{"href":"https:\/\/bilshopping.dk\/index.php?rest_route=\/wp\/v2\/product"}],"about":[{"href":"https:\/\/bilshopping.dk\/index.php?rest_route=\/wp\/v2\/types\/product"}],"replies":[{"embeddable":true,"href":"https:\/\/bilshopping.dk\/index.php?rest_route=%2Fwp%2Fv2%2Fcomments&post=3728"}],"wp:featuredmedia":[{"embeddable":true,"href":"https:\/\/bilshopping.dk\/index.php?rest_route=\/wp\/v2\/media\/3729"}],"wp:attachment":[{"href":"https:\/\/bilshopping.dk\/index.php?rest_route=%2Fwp%2Fv2%2Fmedia&parent=3728"}],"wp:term":[{"taxonomy":"product_cat","embeddable":true,"href":"https:\/\/bilshopping.dk\/index.php?rest_route=%2Fwp%2Fv2%2Fproduct_cat&post=3728"},{"taxonomy":"product_tag","embeddable":true,"href":"https:\/\/bilshopping.dk\/index.php?rest_route=%2Fwp%2Fv2%2Fproduct_tag&post=3728"},{"taxonomy":"brand","embeddable":true,"href":"https:\/\/bilshopping.dk\/index.php?rest_route=%2Fwp%2Fv2%2Fbrand&post=3728"}],"curies":[{"name":"wp","href":"https:\/\/api.w.org\/{rel}","templated":true}]}}