{"id":3744,"date":"2023-06-23T18:40:06","date_gmt":"2023-06-23T16:40:06","guid":{"rendered":"https:\/\/bilshopping.dk\/produkt\/dietz-kabelsaet-basis-35-mm2\/"},"modified":"2023-06-23T18:40:10","modified_gmt":"2023-06-23T16:40:10","slug":"dietz-kabelsaet-basis-35-mm2","status":"publish","type":"product","link":"https:\/\/bilshopping.dk\/?product=dietz-kabelsaet-basis-35-mm2","title":{"rendered":"Dietz Kabels\u00e6t Basis, 35 mm2"},"content":{"rendered":"<p>Produktid er <strong>428<\/strong> og <strong>4016260201350<\/strong><\/p>\n<h2>Anmeldelse af Dietz Kabels\u00e6t Basis, 35 mm2<\/h2>\n<p>Se om vi har en <a href=\"https:\/\/bilshopping.dk\/592\">anmeldelse af Dietz Kabels\u00e6t Basis, 35 mm2<\/a>.<\/p>\n","protected":false},"excerpt":{"rendered":"<p>Med Dietz Kabels\u00e6t Basis, 35\u00c2\u00a0mm2 \u00c2\u00a0har vi skabt et kabel kit, der omfatter alle dele som er n\u00f8dvendige for installation af en forst\u00e6rker.Ved at kombinere ECO Line Power kablet med vores RCA kabler og sikringsholdere\u00c2\u00a0Alle komponenter opfylder de h\u00f8je kra, Dietz Kabels\u00e6t Basis, 35 mm2.<\/p>\n","protected":false},"featured_media":3745,"comment_status":"closed","ping_status":"open","template":"","meta":{"_kad_post_transparent":"","_kad_post_title":"","_kad_post_layout":"","_kad_post_sidebar_id":"","_kad_post_content_style":"","_kad_post_vertical_padding":"","_kad_post_feature":"","_kad_post_feature_position":"","_kad_post_header":false,"_kad_post_footer":false},"product_cat":[3162,3182],"product_tag":[3164,2988,3183],"brand":[],"class_list":{"0":"post-3744","1":"product","2":"type-product","3":"status-publish","4":"has-post-thumbnail","6":"product_cat-bilstereo","7":"product_cat-monteringsdele","8":"product_tag-bilstereo","9":"product_tag-los","10":"product_tag-monteringsdele","12":"first","13":"instock","14":"product-type-external","15":"entry","16":"content-bg","17":"loop-entry"},"_links":{"self":[{"href":"https:\/\/bilshopping.dk\/index.php?rest_route=\/wp\/v2\/product\/3744","targetHints":{"allow":["GET"]}}],"collection":[{"href":"https:\/\/bilshopping.dk\/index.php?rest_route=\/wp\/v2\/product"}],"about":[{"href":"https:\/\/bilshopping.dk\/index.php?rest_route=\/wp\/v2\/types\/product"}],"replies":[{"embeddable":true,"href":"https:\/\/bilshopping.dk\/index.php?rest_route=%2Fwp%2Fv2%2Fcomments&post=3744"}],"wp:featuredmedia":[{"embeddable":true,"href":"https:\/\/bilshopping.dk\/index.php?rest_route=\/wp\/v2\/media\/3745"}],"wp:attachment":[{"href":"https:\/\/bilshopping.dk\/index.php?rest_route=%2Fwp%2Fv2%2Fmedia&parent=3744"}],"wp:term":[{"taxonomy":"product_cat","embeddable":true,"href":"https:\/\/bilshopping.dk\/index.php?rest_route=%2Fwp%2Fv2%2Fproduct_cat&post=3744"},{"taxonomy":"product_tag","embeddable":true,"href":"https:\/\/bilshopping.dk\/index.php?rest_route=%2Fwp%2Fv2%2Fproduct_tag&post=3744"},{"taxonomy":"brand","embeddable":true,"href":"https:\/\/bilshopping.dk\/index.php?rest_route=%2Fwp%2Fv2%2Fbrand&post=3744"}],"curies":[{"name":"wp","href":"https:\/\/api.w.org\/{rel}","templated":true}]}}