{"id":3746,"date":"2023-06-23T18:40:06","date_gmt":"2023-06-23T16:40:06","guid":{"rendered":"https:\/\/bilshopping.dk\/produkt\/connection-sfa-040-sikring-40-amp-2-stk-orange\/"},"modified":"2023-06-23T18:40:10","modified_gmt":"2023-06-23T16:40:10","slug":"connection-sfa-040-sikring-40-amp-2-stk-orange","status":"publish","type":"product","link":"https:\/\/bilshopping.dk\/?product=connection-sfa-040-sikring-40-amp-2-stk-orange","title":{"rendered":"Connection SFA 040, Sikring 40 amp, 2 stk, Orange"},"content":{"rendered":"<p>Produktid er <strong>429<\/strong> og <strong>8018832087988<\/strong><\/p>\n<h2>Anmeldelse af Connection SFA 040, Sikring 40 amp, 2 stk, Orange<\/h2>\n<p>Se om vi har en <a href=\"https:\/\/bilshopping.dk\/592\">anmeldelse af Connection SFA 040, Sikring 40 amp, 2 stk, Orange<\/a>.<\/p>\n","protected":false},"excerpt":{"rendered":"<p>Connection SFA 040, Sikring 40 amp, 2 stk, Orange -\u00c2\u00a0MINI ANL SIKRING40 amp. sikring af typen SFA i orange.\u00c2\u00a0Fordelen ved SFA sikringer fremfor AGU-sikringer er, at man &#8220;sparer&#8221; 2 ekstra\u00c2\u00a0overgangspunkter, s\u00e5 str\u00f8mtabet over\u00c2\u00a0sikringen er minimalt.Endnu e, Connection SFA 040, Sikring 40 amp, 2 stk, Orange.<\/p>\n","protected":false},"featured_media":3747,"comment_status":"closed","ping_status":"open","template":"","meta":{"_kad_post_transparent":"","_kad_post_title":"","_kad_post_layout":"","_kad_post_sidebar_id":"","_kad_post_content_style":"","_kad_post_vertical_padding":"","_kad_post_feature":"","_kad_post_feature_position":"","_kad_post_header":false,"_kad_post_footer":false},"product_cat":[3162,3182],"product_tag":[3164,2988,3183],"brand":[],"class_list":{"0":"post-3746","1":"product","2":"type-product","3":"status-publish","4":"has-post-thumbnail","6":"product_cat-bilstereo","7":"product_cat-monteringsdele","8":"product_tag-bilstereo","9":"product_tag-los","10":"product_tag-monteringsdele","12":"first","13":"instock","14":"product-type-external","15":"entry","16":"content-bg","17":"loop-entry"},"_links":{"self":[{"href":"https:\/\/bilshopping.dk\/index.php?rest_route=\/wp\/v2\/product\/3746","targetHints":{"allow":["GET"]}}],"collection":[{"href":"https:\/\/bilshopping.dk\/index.php?rest_route=\/wp\/v2\/product"}],"about":[{"href":"https:\/\/bilshopping.dk\/index.php?rest_route=\/wp\/v2\/types\/product"}],"replies":[{"embeddable":true,"href":"https:\/\/bilshopping.dk\/index.php?rest_route=%2Fwp%2Fv2%2Fcomments&post=3746"}],"wp:featuredmedia":[{"embeddable":true,"href":"https:\/\/bilshopping.dk\/index.php?rest_route=\/wp\/v2\/media\/3747"}],"wp:attachment":[{"href":"https:\/\/bilshopping.dk\/index.php?rest_route=%2Fwp%2Fv2%2Fmedia&parent=3746"}],"wp:term":[{"taxonomy":"product_cat","embeddable":true,"href":"https:\/\/bilshopping.dk\/index.php?rest_route=%2Fwp%2Fv2%2Fproduct_cat&post=3746"},{"taxonomy":"product_tag","embeddable":true,"href":"https:\/\/bilshopping.dk\/index.php?rest_route=%2Fwp%2Fv2%2Fproduct_tag&post=3746"},{"taxonomy":"brand","embeddable":true,"href":"https:\/\/bilshopping.dk\/index.php?rest_route=%2Fwp%2Fv2%2Fbrand&post=3746"}],"curies":[{"name":"wp","href":"https:\/\/api.w.org\/{rel}","templated":true}]}}