{"id":3750,"date":"2023-06-23T18:40:06","date_gmt":"2023-06-23T16:40:06","guid":{"rendered":"https:\/\/bilshopping.dk\/produkt\/connection-sfa-080-sikring-80-amp-2-stk-klar\/"},"modified":"2023-06-23T18:40:11","modified_gmt":"2023-06-23T16:40:11","slug":"connection-sfa-080-sikring-80-amp-2-stk-klar","status":"publish","type":"product","link":"https:\/\/bilshopping.dk\/?product=connection-sfa-080-sikring-80-amp-2-stk-klar","title":{"rendered":"Connection SFA 080, Sikring 80 amp, 2 stk, Klar"},"content":{"rendered":"<p>Produktid er <strong>431<\/strong> og <strong>8018823088008<\/strong><\/p>\n<h2>Anmeldelse af Connection SFA 080, Sikring 80 amp, 2 stk, Klar<\/h2>\n<p>Se om vi har en <a href=\"https:\/\/bilshopping.dk\/592\">anmeldelse af Connection SFA 080, Sikring 80 amp, 2 stk, Klar<\/a>.<\/p>\n","protected":false},"excerpt":{"rendered":"<p>Connection SFA 080, Sikring 80 amp, 2 stk, Klar\u00c2\u00a0-\u00c2\u00a0MINI ANL SIKRING80 amp. sikring af typen SFA i Klar.\u00c2\u00a0Fordelen ved SFA sikringer fremfor AGU-sikringer er, at man &#8220;sparer&#8221; 2 ekstra\u00c2\u00a0overgangspunkter, s\u00e5 str\u00f8mtabet over\u00c2\u00a0sikringen er minimalt.Endnu en\u00c2\u00a0, Connection SFA 080, Sikring 80 amp, 2 stk, Klar.<\/p>\n","protected":false},"featured_media":3751,"comment_status":"closed","ping_status":"open","template":"","meta":{"_kad_post_transparent":"","_kad_post_title":"","_kad_post_layout":"","_kad_post_sidebar_id":"","_kad_post_content_style":"","_kad_post_vertical_padding":"","_kad_post_feature":"","_kad_post_feature_position":"","_kad_post_header":false,"_kad_post_footer":false},"product_cat":[3162,3182],"product_tag":[3164,2988,3183],"brand":[],"class_list":{"0":"post-3750","1":"product","2":"type-product","3":"status-publish","4":"has-post-thumbnail","6":"product_cat-bilstereo","7":"product_cat-monteringsdele","8":"product_tag-bilstereo","9":"product_tag-los","10":"product_tag-monteringsdele","12":"first","13":"instock","14":"product-type-external","15":"entry","16":"content-bg","17":"loop-entry"},"_links":{"self":[{"href":"https:\/\/bilshopping.dk\/index.php?rest_route=\/wp\/v2\/product\/3750","targetHints":{"allow":["GET"]}}],"collection":[{"href":"https:\/\/bilshopping.dk\/index.php?rest_route=\/wp\/v2\/product"}],"about":[{"href":"https:\/\/bilshopping.dk\/index.php?rest_route=\/wp\/v2\/types\/product"}],"replies":[{"embeddable":true,"href":"https:\/\/bilshopping.dk\/index.php?rest_route=%2Fwp%2Fv2%2Fcomments&post=3750"}],"wp:featuredmedia":[{"embeddable":true,"href":"https:\/\/bilshopping.dk\/index.php?rest_route=\/wp\/v2\/media\/3751"}],"wp:attachment":[{"href":"https:\/\/bilshopping.dk\/index.php?rest_route=%2Fwp%2Fv2%2Fmedia&parent=3750"}],"wp:term":[{"taxonomy":"product_cat","embeddable":true,"href":"https:\/\/bilshopping.dk\/index.php?rest_route=%2Fwp%2Fv2%2Fproduct_cat&post=3750"},{"taxonomy":"product_tag","embeddable":true,"href":"https:\/\/bilshopping.dk\/index.php?rest_route=%2Fwp%2Fv2%2Fproduct_tag&post=3750"},{"taxonomy":"brand","embeddable":true,"href":"https:\/\/bilshopping.dk\/index.php?rest_route=%2Fwp%2Fv2%2Fbrand&post=3750"}],"curies":[{"name":"wp","href":"https:\/\/api.w.org\/{rel}","templated":true}]}}