{"id":3766,"date":"2023-06-23T18:40:06","date_gmt":"2023-06-23T16:40:06","guid":{"rendered":"https:\/\/bilshopping.dk\/produkt\/connection-sfh-11-wp-sikringsholder-vandtaet\/"},"modified":"2023-06-23T18:40:16","modified_gmt":"2023-06-23T16:40:16","slug":"connection-sfh-11-wp-sikringsholder-vandtaet","status":"publish","type":"product","link":"https:\/\/bilshopping.dk\/?product=connection-sfh-11-wp-sikringsholder-vandtaet","title":{"rendered":"Connection SFH 11 WP, Sikringsholder, vandt\u00e6t"},"content":{"rendered":"<p>Produktid er <strong>440<\/strong> og <strong>8018823088046<\/strong><\/p>\n<h2>Anmeldelse af Connection SFH 11 WP, Sikringsholder, vandt\u00e6t<\/h2>\n<p>Se om vi har en <a href=\"https:\/\/bilshopping.dk\/592\">anmeldelse af Connection SFH 11 WP, Sikringsholder, vandt\u00e6t<\/a>.<\/p>\n","protected":false},"excerpt":{"rendered":"<p>Connection SFH 11 WP Sikringsholder er\u00c2\u00a0i absolut h\u00f8jeste og l\u00e6kreste kvalitet til ASF sikringer. Er vandt\u00e6t og kan monteres med kabler op til 50mm2 (1\/0\u00c2\u00a0AWG)De specielle ASF (mini ANL) sikringer f\u00e5es i st\u00f8rrelserne 15 &#8211; 300 Amp.\u00c2\u00a0, Connection SFH 11 WP, Sikringsholder, vandt\u00e6t.<\/p>\n","protected":false},"featured_media":3767,"comment_status":"closed","ping_status":"open","template":"","meta":{"_kad_post_transparent":"","_kad_post_title":"","_kad_post_layout":"","_kad_post_sidebar_id":"","_kad_post_content_style":"","_kad_post_vertical_padding":"","_kad_post_feature":"","_kad_post_feature_position":"","_kad_post_header":false,"_kad_post_footer":false},"product_cat":[3162,3182],"product_tag":[3164,2988,3183],"brand":[],"class_list":{"0":"post-3766","1":"product","2":"type-product","3":"status-publish","4":"has-post-thumbnail","6":"product_cat-bilstereo","7":"product_cat-monteringsdele","8":"product_tag-bilstereo","9":"product_tag-los","10":"product_tag-monteringsdele","12":"first","13":"instock","14":"product-type-external","15":"entry","16":"content-bg","17":"loop-entry"},"_links":{"self":[{"href":"https:\/\/bilshopping.dk\/index.php?rest_route=\/wp\/v2\/product\/3766","targetHints":{"allow":["GET"]}}],"collection":[{"href":"https:\/\/bilshopping.dk\/index.php?rest_route=\/wp\/v2\/product"}],"about":[{"href":"https:\/\/bilshopping.dk\/index.php?rest_route=\/wp\/v2\/types\/product"}],"replies":[{"embeddable":true,"href":"https:\/\/bilshopping.dk\/index.php?rest_route=%2Fwp%2Fv2%2Fcomments&post=3766"}],"wp:featuredmedia":[{"embeddable":true,"href":"https:\/\/bilshopping.dk\/index.php?rest_route=\/wp\/v2\/media\/3767"}],"wp:attachment":[{"href":"https:\/\/bilshopping.dk\/index.php?rest_route=%2Fwp%2Fv2%2Fmedia&parent=3766"}],"wp:term":[{"taxonomy":"product_cat","embeddable":true,"href":"https:\/\/bilshopping.dk\/index.php?rest_route=%2Fwp%2Fv2%2Fproduct_cat&post=3766"},{"taxonomy":"product_tag","embeddable":true,"href":"https:\/\/bilshopping.dk\/index.php?rest_route=%2Fwp%2Fv2%2Fproduct_tag&post=3766"},{"taxonomy":"brand","embeddable":true,"href":"https:\/\/bilshopping.dk\/index.php?rest_route=%2Fwp%2Fv2%2Fbrand&post=3766"}],"curies":[{"name":"wp","href":"https:\/\/api.w.org\/{rel}","templated":true}]}}