{"id":3768,"date":"2023-06-23T18:40:06","date_gmt":"2023-06-23T16:40:06","guid":{"rendered":"https:\/\/bilshopping.dk\/produkt\/connection-bfd-21-sikringsholder-og-fordeler-1-ind-2-ud\/"},"modified":"2023-06-23T18:40:17","modified_gmt":"2023-06-23T16:40:17","slug":"connection-bfd-21-sikringsholder-og-fordeler-1-ind-2-ud","status":"publish","type":"product","link":"https:\/\/bilshopping.dk\/?product=connection-bfd-21-sikringsholder-og-fordeler-1-ind-2-ud","title":{"rendered":"Connection BFD 21 , Sikringsholder og fordeler, 1 ind \/ 2 ud"},"content":{"rendered":"<p>Produktid er <strong>442<\/strong> og <strong>8018823088107<\/strong><\/p>\n<h2>Anmeldelse af Connection BFD 21 , Sikringsholder og fordeler, 1 ind \/ 2 ud<\/h2>\n<p>Se om vi har en <a href=\"https:\/\/bilshopping.dk\/592\">anmeldelse af Connection BFD 21 , Sikringsholder og fordeler, 1 ind \/ 2 ud<\/a>.<\/p>\n","protected":false},"excerpt":{"rendered":"<p>Connection BFD 21 Sikringsholder og fordeler er\u00c2\u00a0i absolut h\u00f8jeste og l\u00e6kreste kvalitet til ASF sikringer. Kan monteres med\u00c2\u00a0kabler op til 50mm2 (1\/0\u00c2\u00a0AWG) i indgangenog med 2 x 25 mm2 (4 AWG) i udgangene.De specielle ASF (mini ANL) sikringer f\u00e5es i st\u00f8rr, Connection BFD 21 , Sikringsholder og fordeler, 1 ind \/ 2 ud.<\/p>\n","protected":false},"featured_media":3769,"comment_status":"closed","ping_status":"open","template":"","meta":{"_kad_post_transparent":"","_kad_post_title":"","_kad_post_layout":"","_kad_post_sidebar_id":"","_kad_post_content_style":"","_kad_post_vertical_padding":"","_kad_post_feature":"","_kad_post_feature_position":"","_kad_post_header":false,"_kad_post_footer":false},"product_cat":[3162,3182],"product_tag":[3164,2988,3183],"brand":[],"class_list":{"0":"post-3768","1":"product","2":"type-product","3":"status-publish","4":"has-post-thumbnail","6":"product_cat-bilstereo","7":"product_cat-monteringsdele","8":"product_tag-bilstereo","9":"product_tag-los","10":"product_tag-monteringsdele","12":"first","13":"instock","14":"product-type-external","15":"entry","16":"content-bg","17":"loop-entry"},"_links":{"self":[{"href":"https:\/\/bilshopping.dk\/index.php?rest_route=\/wp\/v2\/product\/3768","targetHints":{"allow":["GET"]}}],"collection":[{"href":"https:\/\/bilshopping.dk\/index.php?rest_route=\/wp\/v2\/product"}],"about":[{"href":"https:\/\/bilshopping.dk\/index.php?rest_route=\/wp\/v2\/types\/product"}],"replies":[{"embeddable":true,"href":"https:\/\/bilshopping.dk\/index.php?rest_route=%2Fwp%2Fv2%2Fcomments&post=3768"}],"wp:featuredmedia":[{"embeddable":true,"href":"https:\/\/bilshopping.dk\/index.php?rest_route=\/wp\/v2\/media\/3769"}],"wp:attachment":[{"href":"https:\/\/bilshopping.dk\/index.php?rest_route=%2Fwp%2Fv2%2Fmedia&parent=3768"}],"wp:term":[{"taxonomy":"product_cat","embeddable":true,"href":"https:\/\/bilshopping.dk\/index.php?rest_route=%2Fwp%2Fv2%2Fproduct_cat&post=3768"},{"taxonomy":"product_tag","embeddable":true,"href":"https:\/\/bilshopping.dk\/index.php?rest_route=%2Fwp%2Fv2%2Fproduct_tag&post=3768"},{"taxonomy":"brand","embeddable":true,"href":"https:\/\/bilshopping.dk\/index.php?rest_route=%2Fwp%2Fv2%2Fbrand&post=3768"}],"curies":[{"name":"wp","href":"https:\/\/api.w.org\/{rel}","templated":true}]}}