{"id":3772,"date":"2023-06-23T18:40:06","date_gmt":"2023-06-23T16:40:06","guid":{"rendered":"https:\/\/bilshopping.dk\/produkt\/buzzbee-cykelholder-til-2-cykler\/"},"modified":"2023-06-23T18:40:18","modified_gmt":"2023-06-23T16:40:18","slug":"buzzbee-cykelholder-til-2-cykler","status":"publish","type":"product","link":"https:\/\/bilshopping.dk\/?product=buzzbee-cykelholder-til-2-cykler","title":{"rendered":"BUZZBEE Cykelholder til 2 cykler"},"content":{"rendered":"<p>Produktid er <strong>455<\/strong> og <strong>4712795383270<\/strong><\/p>\n<h2>Anmeldelse af BUZZBEE Cykelholder til 2 cykler<\/h2>\n<p>Se om vi har en <a href=\"https:\/\/bilshopping.dk\/592\">anmeldelse af BUZZBEE Cykelholder til 2 cykler<\/a>.<\/p>\n","protected":false},"excerpt":{"rendered":"<p>BUZZBEE Cykelholder til 2 cykler\u00c2\u00a0er en platformcykelholder med lygtebom, som monteres p\u00e5 anh\u00e6ngertr\u00e6kket. Med plads til 2 cykler.<br \/>\nCyklerne fastg\u00f8res med stropper. L\u00e5s til kuglekoblingen medf\u00f8lger.\u00c2\u00a0BUZZRACK er kvalitetscykelholdere til den kr\u00e6sne k\u00f8ber., BUZZBEE Cykelholder til 2 cykler.<\/p>\n","protected":false},"featured_media":3773,"comment_status":"closed","ping_status":"open","template":"","meta":{"_kad_post_transparent":"","_kad_post_title":"","_kad_post_layout":"","_kad_post_sidebar_id":"","_kad_post_content_style":"","_kad_post_vertical_padding":"","_kad_post_feature":"","_kad_post_feature_position":"","_kad_post_header":false,"_kad_post_footer":false},"product_cat":[3185,3184],"product_tag":[3187,2988,3186],"brand":[],"class_list":{"0":"post-3772","1":"product","2":"type-product","3":"status-publish","4":"has-post-thumbnail","6":"product_cat-cykelholder","7":"product_cat-transportudstyr","8":"product_tag-cykelholder","9":"product_tag-los","10":"product_tag-transportudstyr","12":"first","13":"instock","14":"product-type-external","15":"entry","16":"content-bg","17":"loop-entry"},"_links":{"self":[{"href":"https:\/\/bilshopping.dk\/index.php?rest_route=\/wp\/v2\/product\/3772","targetHints":{"allow":["GET"]}}],"collection":[{"href":"https:\/\/bilshopping.dk\/index.php?rest_route=\/wp\/v2\/product"}],"about":[{"href":"https:\/\/bilshopping.dk\/index.php?rest_route=\/wp\/v2\/types\/product"}],"replies":[{"embeddable":true,"href":"https:\/\/bilshopping.dk\/index.php?rest_route=%2Fwp%2Fv2%2Fcomments&post=3772"}],"wp:featuredmedia":[{"embeddable":true,"href":"https:\/\/bilshopping.dk\/index.php?rest_route=\/wp\/v2\/media\/3773"}],"wp:attachment":[{"href":"https:\/\/bilshopping.dk\/index.php?rest_route=%2Fwp%2Fv2%2Fmedia&parent=3772"}],"wp:term":[{"taxonomy":"product_cat","embeddable":true,"href":"https:\/\/bilshopping.dk\/index.php?rest_route=%2Fwp%2Fv2%2Fproduct_cat&post=3772"},{"taxonomy":"product_tag","embeddable":true,"href":"https:\/\/bilshopping.dk\/index.php?rest_route=%2Fwp%2Fv2%2Fproduct_tag&post=3772"},{"taxonomy":"brand","embeddable":true,"href":"https:\/\/bilshopping.dk\/index.php?rest_route=%2Fwp%2Fv2%2Fbrand&post=3772"}],"curies":[{"name":"wp","href":"https:\/\/api.w.org\/{rel}","templated":true}]}}