{"id":3774,"date":"2023-06-23T18:40:06","date_gmt":"2023-06-23T16:40:06","guid":{"rendered":"https:\/\/bilshopping.dk\/produkt\/buzz-cykelholder-til-3-cykler\/"},"modified":"2023-06-23T18:40:19","modified_gmt":"2023-06-23T16:40:19","slug":"buzz-cykelholder-til-3-cykler","status":"publish","type":"product","link":"https:\/\/bilshopping.dk\/?product=buzz-cykelholder-til-3-cykler","title":{"rendered":"BUZZ cykelholder til 3 cykler"},"content":{"rendered":"<p>Produktid er <strong>457<\/strong> og <strong><\/strong><\/p>\n<h2>Anmeldelse af BUZZ cykelholder til 3 cykler<\/h2>\n<p>Se om vi har en <a href=\"https:\/\/bilshopping.dk\/592\">anmeldelse af BUZZ cykelholder til 3 cykler<\/a>.<\/p>\n","protected":false},"excerpt":{"rendered":"<p>BUZZ cykelholder til 3 cykler\u00c2\u00a0beregnet til biler uden anh\u00e6ngertr\u00e6k. Komplet med holdere og stropper.\u00c2\u00a0<br \/>\nAlle ber\u00f8ringspunkter mellem cykelholder og hjul er beskyttet, s\u00e5 ridser og m\u00e6rker helt undg\u00e5es.<br \/>\nBUZZRACK er kvalitetscykelholdere til den kr\u00e6sne k\u00f8ber, BUZZ cykelholder til 3 cykler.<\/p>\n","protected":false},"featured_media":3775,"comment_status":"closed","ping_status":"open","template":"","meta":{"_kad_post_transparent":"","_kad_post_title":"","_kad_post_layout":"","_kad_post_sidebar_id":"","_kad_post_content_style":"","_kad_post_vertical_padding":"","_kad_post_feature":"","_kad_post_feature_position":"","_kad_post_header":false,"_kad_post_footer":false},"product_cat":[3185,3184],"product_tag":[3187,2988,3186],"brand":[],"class_list":{"0":"post-3774","1":"product","2":"type-product","3":"status-publish","4":"has-post-thumbnail","6":"product_cat-cykelholder","7":"product_cat-transportudstyr","8":"product_tag-cykelholder","9":"product_tag-los","10":"product_tag-transportudstyr","12":"first","13":"instock","14":"sale","15":"product-type-external","16":"entry","17":"content-bg","18":"loop-entry"},"_links":{"self":[{"href":"https:\/\/bilshopping.dk\/index.php?rest_route=\/wp\/v2\/product\/3774","targetHints":{"allow":["GET"]}}],"collection":[{"href":"https:\/\/bilshopping.dk\/index.php?rest_route=\/wp\/v2\/product"}],"about":[{"href":"https:\/\/bilshopping.dk\/index.php?rest_route=\/wp\/v2\/types\/product"}],"replies":[{"embeddable":true,"href":"https:\/\/bilshopping.dk\/index.php?rest_route=%2Fwp%2Fv2%2Fcomments&post=3774"}],"wp:featuredmedia":[{"embeddable":true,"href":"https:\/\/bilshopping.dk\/index.php?rest_route=\/wp\/v2\/media\/3775"}],"wp:attachment":[{"href":"https:\/\/bilshopping.dk\/index.php?rest_route=%2Fwp%2Fv2%2Fmedia&parent=3774"}],"wp:term":[{"taxonomy":"product_cat","embeddable":true,"href":"https:\/\/bilshopping.dk\/index.php?rest_route=%2Fwp%2Fv2%2Fproduct_cat&post=3774"},{"taxonomy":"product_tag","embeddable":true,"href":"https:\/\/bilshopping.dk\/index.php?rest_route=%2Fwp%2Fv2%2Fproduct_tag&post=3774"},{"taxonomy":"brand","embeddable":true,"href":"https:\/\/bilshopping.dk\/index.php?rest_route=%2Fwp%2Fv2%2Fbrand&post=3774"}],"curies":[{"name":"wp","href":"https:\/\/api.w.org\/{rel}","templated":true}]}}